{"id":713891,"date":"2024-04-24T16:22:47","date_gmt":"2024-04-24T16:22:47","guid":{"rendered":"https:\/\/neuvee.com\/?post_type=product&#038;p=713891"},"modified":"2025-05-19T14:22:47","modified_gmt":"2025-05-19T14:22:47","slug":"serviceit-you-can-do-it","status":"publish","type":"product","link":"https:\/\/neuvee.com\/pl\/product\/serviceit-you-can-do-it\/","title":{"rendered":"SERVICEIT: YOU CAN DO IT"},"content":{"rendered":"<p>NAPRAW ELEKTRONIK\u0118\u26a1\ufe0f ZARZ\u0104DZAJ FIRM\u0104\ud83d\udcc8 POkonaj HACKERA\ud83d\udcbb<\/p>\n<p>Jeste\u015b w\u0142a\u015bcicielem firmy \u015bwiadcz\u0105cej us\u0142ugi IT. Wykonywanie, naprawy i&nbsp;infiltrowanie sieci w celu programowania, zarz\u0105dzania serwerami i&nbsp;czyszczenia. Twoje umiej\u0119tno\u015bci zostan\u0105 wystawione na ostateczn\u0105 pr\u00f3b\u0119, gdy odkryjesz obecno\u015b\u0107 nieuchwytnego anonimowego hakera, zdeterminowanego, by sabotowa\u0107 sam rdze\u0144 Twojej firmy.<\/p>\n<p>\u2b07\ufe0f KLUCZOWE FUNKCJE, KT\u00d3RE WARTO ZNA\u0106 \u2b07\ufe0f<\/p>\n<p>\ud83d\udee0\ufe0fNAPRAWY SPRZ\u0118TU<\/p>\n<p>&#8211; Napraw r\u00f3\u017cne komponenty elektroniczne, w tym karty RFID, Ethernet, Wi-Fi i&nbsp;Pendrive.<\/p>\n<p>&#8211; Urz\u0105dzenia gotowe do zamieszkania to telefony i&nbsp;sterowniki klimatyzacji.<\/p>\n<p>&#8211; Planowane s\u0105 przysz\u0142e dodatki dotycz\u0105ce konsol retro, kamer, pods\u0142uch\u00f3w i&nbsp;innego futurystycznego sprz\u0119tu u\u017cywanego w misjach typu Black Mirror.<\/p>\n<p>&#8211; Wyczy\u015b\u0107 komponenty spr\u0119\u017conym powietrzem i&nbsp;zbadaj mo\u017cliwo\u015b\u0107 dalszego demonta\u017cu.<\/p>\n<p>\ud83c\udf10ZARZ\u0104DZANIE SIECI\u0104<\/p>\n<p>&#8211; Zarz\u0105dzaj routerami i&nbsp;urz\u0105dzeniami sieciowymi r\u00f3\u017cnych firm (klient\u00f3w).<\/p>\n<p>&#8211; W\u0142amuj si\u0119 do sieci lokalnych, aby kra\u015b\u0107 dane, nagrania z&nbsp;monitoringu i&nbsp;nie tylko.<\/p>\n<p>\ud83d\udcbeTERMINAL<\/p>\n<p>&#8211; Zarz\u0105dzaj plikami, kontroluj dost\u0119p do danych, odzyskiwanie i&nbsp;usuwanie z\u0142o\u015bliwego oprogramowania.<\/p>\n<p>&#8211; \u0141\u0105cz has\u0142a z&nbsp;terminala i&nbsp;integruj si\u0119 z&nbsp;\u201eZarz\u0105dzaniem sieci\u0105\u201d, aby w\u0142ama\u0107 si\u0119 do sieci lokalnych.<\/p>\n<p>\ud83d\udcbbPROGRAMOWANIE<\/p>\n<p>&#8211; Pisz oprogramowanie i&nbsp;programuj urz\u0105dzenia, korzystaj\u0105c z&nbsp;mechaniki przypominaj\u0105cej projekt.<\/p>\n<p>&#8211; W planach na przysz\u0142o\u015b\u0107 jest poszerzenie zakresu program\u00f3w dost\u0119pnych do rozwoju.<\/p>\n<p>\ud83d\udd27ZARZ\u0104DZANIE SERWERAMI<\/p>\n<p>&#8211; Zarz\u0105dzaj serwerami i&nbsp;zwi\u0119kszaj ich moc, wymieniaj\u0105c szuflady serwer\u00f3w.<\/p>\n<p>&#8211; Spotkaj si\u0119 z&nbsp;wyzwaniami, takimi jak po\u017cary w serwerowni, wymagaj\u0105ce strategicznego gaszenia.<\/p>\n<p>\ud83d\udd0dAKTYWNY SERWER<\/p>\n<p>Administruje dost\u0119pem i&nbsp;u\u017cytkownikami w bazie danych r\u00f3\u017cnych firm (klient\u00f3w).<\/p>\n<p>\ud83d\udd04MONITOROWANIE NAPRAWY I ODZYSKIWANIE NAGRYWANIA<\/p>\n<p>&#8211; Mechanika podobna do programowania, \u0142\u0105czenie odpowiednich w\u0105tk\u00f3w w celu przywracania obraz\u00f3w.<\/p>\n<p>&#8211; Przysz\u0142a integracja z&nbsp;terminalem w celu zwi\u0119kszenia mo\u017cliwo\u015bci odzyskiwania nagra\u0144.<\/p>\n<p>\ud83e\uddf9MONTA\u017b I CZYSZCZENIE ELEMENT\u00d3W KOMPUTERA<\/p>\n<p>&#8211; Montuj komponenty komputera, takie jak p\u0142yty g\u0142\u00f3wne, pami\u0119\u0107 RAM i&nbsp;procesory.<\/p>\n<p>&#8211; Ci\u0105g\u0142y rozw\u00f3j w celu dodania obudowy, karty graficznej i&nbsp;zespo\u0142u dysku.<\/p>\n<p>&#8211; Wyczy\u015b\u0107 komputery spr\u0119\u017conym powietrzem, aby uzyska\u0107 optymaln\u0105 wydajno\u015b\u0107.<\/p>\n<p><\/p>","protected":false},"excerpt":{"rendered":"<p>NAPRAW ELEKTRONIK\u0118\u26a1\ufe0f ZARZ\u0104DZAJ FIRM\u0104\ud83d\udcc8 POkonaj HACKERA\ud83d\udcbb Jeste\u015b w\u0142a\u015bcicielem firmy \u015bwiadcz\u0105cej us\u0142ugi IT. Wykonywanie, naprawy i&nbsp;infiltrowanie sieci w celu programowania, zarz\u0105dzania serwerami i&nbsp;czyszczenia. Twoje umiej\u0119tno\u015bci zostan\u0105 wystawione na ostateczn\u0105 pr\u00f3b\u0119, gdy odkryjesz obecno\u015b\u0107 nieuchwytnego anonimowego hakera, zdeterminowanego, by sabotowa\u0107 sam rdze\u0144 Twojej firmy. \u2b07\ufe0f KLUCZOWE FUNKCJE, KT\u00d3RE WARTO ZNA\u0106 \u2b07\ufe0f \ud83d\udee0\ufe0fNAPRAWY SPRZ\u0118TU &#8211; Napraw r\u00f3\u017cne komponenty [&hellip;]<\/p>\n","protected":false},"featured_media":714322,"comment_status":"closed","ping_status":"closed","template":"","meta":{"ub_ctt_via":""},"product_cat":[229,223,221,78,222],"product_tag":[218],"class_list":["post-713891","product","type-product","status-publish","has-post-thumbnail","hentry","product_cat-early-access","product_cat-casual","product_cat-indie","product_cat-simulation","product_cat-strategy","product_tag-games","platform-steam-works"],"_links":{"self":[{"href":"https:\/\/neuvee.com\/pl\/wp-json\/wp\/v2\/product\/713891","targetHints":{"allow":["GET"]}}],"collection":[{"href":"https:\/\/neuvee.com\/pl\/wp-json\/wp\/v2\/product"}],"about":[{"href":"https:\/\/neuvee.com\/pl\/wp-json\/wp\/v2\/types\/product"}],"replies":[{"embeddable":true,"href":"https:\/\/neuvee.com\/pl\/wp-json\/wp\/v2\/comments?post=713891"}],"wp:featuredmedia":[{"embeddable":true,"href":"https:\/\/neuvee.com\/pl\/wp-json\/wp\/v2\/media\/714322"}],"wp:attachment":[{"href":"https:\/\/neuvee.com\/pl\/wp-json\/wp\/v2\/media?parent=713891"}],"wp:term":[{"taxonomy":"product_cat","embeddable":true,"href":"https:\/\/neuvee.com\/pl\/wp-json\/wp\/v2\/product_cat?post=713891"},{"taxonomy":"product_tag","embeddable":true,"href":"https:\/\/neuvee.com\/pl\/wp-json\/wp\/v2\/product_tag?post=713891"}],"curies":[{"name":"wp","href":"https:\/\/api.w.org\/{rel}","templated":true}]}}