{"id":713884,"date":"2024-04-24T16:20:24","date_gmt":"2024-04-24T16:20:24","guid":{"rendered":"https:\/\/neuvee.com\/?post_type=product&#038;p=713884"},"modified":"2025-05-19T14:26:32","modified_gmt":"2025-05-19T14:26:32","slug":"rollercoaster-tycoon-3-complete-edition-mac-4","status":"publish","type":"product","link":"https:\/\/neuvee.com\/pl\/product\/rollercoaster-tycoon-3-complete-edition-mac-4\/","title":{"rendered":"ROLLERCOASTER TYCOON\u00ae 3: COMPLETE EDITION [MAC]"},"content":{"rendered":"<p>Zbuduj park rozrywki wszech czas\u00f3w i&nbsp;odkryj na nowo doceniony przez krytyk\u00f3w i&nbsp;graczy symulator kolejek g\u00f3rskich. Prze\u017cyj na nowo emocje zwi\u0105zane z&nbsp;gr\u0105 RollerCoaster Tycoon 3 w ca\u0142kowicie nowym wydaniu Edycja Kompletna z&nbsp;dodatkami Soaked! i&nbsp;Wild! lub&nbsp;spr\u00f3buj jej po raz pierwszy i&nbsp;przekonaj si\u0119, dlaczego ten \u015bwietny tytu\u0142 uznawany jest za niedo\u015bcigniony wz\u00f3r w tym gatunku gier.<\/p>\n<p>Tw\u00f3j park. Twoje zasady<br \/>\nCokolwiek chcesz stworzy\u0107, w grze RollerCoaster Tycoon 3 znajdziesz odpowiednie narz\u0119dzia i&nbsp;b\u0119dziesz mie\u0107 swobod\u0119 budowania parku rozrywki z&nbsp;Twoich marze\u0144.<\/p>\n<p>Zarz\u0105dzaj jak potentat w bran\u017cy i&nbsp;dotrzyj na szczyt<br \/>\nKontroluj finanse, sklepy, us\u0142ugi i&nbsp;personel parku rozrywki, aby odnosi\u0107 sukcesy w kilkunastu scenariuszach. Zosta\u0144 prawdziwym potentatem w bran\u017cy i&nbsp;rozwijaj obiecuj\u0105c\u0105 karier\u0119 lub&nbsp;stw\u00f3rz sw\u00f3j idealny park rozrywki bez martwienia si\u0119 o&nbsp;pieni\u0105dze w trybie piaskownicy. Zaspokajaj potrzeby swoich go\u015bci i&nbsp;dbaj o&nbsp;bezproblemowe funkcjonowanie Twojego parku rozrywki, aby odnie\u015b\u0107 sukces.<\/p>\n<p>Przygotuj si\u0119 na zmoczenie i&nbsp;dzik\u0105 rozrywk\u0119 dzi\u0119ki dodatkom Soaked! i&nbsp;Wild!<br \/>\nEdycja Kompletna obejmuje zawarto\u015b\u0107 z&nbsp;dodatk\u00f3w Soaked! i&nbsp;Wild! Zmierz si\u0119 z&nbsp;dodatkowymi wyzwaniami zwi\u0105zanymi z&nbsp;budow\u0105 zachwycaj\u0105cych park\u00f3w wodnych i&nbsp;spektakularnych wybieg\u00f3w dla dzikich zwierz\u0105t oraz&nbsp;zarz\u0105dzaniem nimi.<\/p>\n<p>Ulepszona rozgrywka na komputerze<br \/>\nPo raz pierwszy mo\u017cesz zagra\u0107 w RollerCoaster Tycoon 3 na szerokim ekranie w rozdzielczo\u015bci 1080p i&nbsp;przy zwi\u0119kszonej kompatybilno\u015bci umo\u017cliwiaj\u0105cej zabaw\u0119 na nowym sprz\u0119cie.<\/p>\n<p>Skorzystaj z&nbsp;atrakcji<br \/>\nPrzejed\u017a si\u0119 stworzonymi przez siebie kolejkami g\u00f3rskimi dzi\u0119ki wyj\u0105tkowemu trybowi kamery zastosowanemu w grze RollerCoaster Tycoon 3.<\/p>\n<p>Mn\u00f3stwo mo\u017cliwo\u015bci<br \/>\nMo\u017cesz wype\u0142ni\u0107 sw\u00f3j t\u0119tni\u0105cy \u017cyciem park ponad 300 kolejkami g\u00f3rskimi i&nbsp;atrakcjami, 500 elementami scenerii, 60 sklepami i&nbsp;punktami us\u0142ugowymi oraz&nbsp;20 zwierz\u0119tami, o&nbsp;kt\u00f3re mo\u017cesz si\u0119 troszczy\u0107.<\/p>\n<p>Projektowanie go\u015bci<br \/>\nZa pomoc\u0105 narz\u0119dzia Peep Designer mo\u017cesz tworzy\u0107 w\u0142asnych go\u015bci i&nbsp;przekona\u0107 si\u0119, jak oceniaj\u0105 Twoje dzie\u0142a.<\/p>\n<p>MixMaster<br \/>\nZachwy\u0107 swoich go\u015bci przygotowanymi osobi\u015bcie pokazami laser\u00f3w i&nbsp;fajerwerk\u00f3w.<\/p>\n<p>\u00b7\u00a0\u00a0\u00a0\u00a0\u00a0\u00a0\u00a0\u00a0\u00a0 Odkryj na nowo bestsellerowy klasyk symulacji park\u00f3w rozrywki.<br \/>\n\u00b7\u00a0\u00a0\u00a0\u00a0\u00a0\u00a0\u00a0\u00a0\u00a0 Zestaw zawiera dodatki Soaked! i&nbsp;Wild!<\/p>\n<p>\u00b7\u00a0\u00a0\u00a0\u00a0\u00a0\u00a0\u00a0\u00a0\u00a0 Poprawa jako\u015bci grafiki na komputerach i&nbsp;szerokich ekranach.<br \/>\n\u00b7\u00a0\u00a0\u00a0\u00a0\u00a0\u00a0\u00a0\u00a0\u00a0 Przejed\u017a si\u0119 stworzonymi przez siebie kolejkami g\u00f3rskimi dzi\u0119ki wyj\u0105tkowemu trybowi kamery zastosowanemu w grze RollerCoaster Tycoon 3.<br \/>\n\u00b7\u00a0\u00a0\u00a0\u00a0\u00a0\u00a0\u00a0\u00a0\u00a0 Ponad 300 kolejek g\u00f3rskich i&nbsp;atrakcji, 500 element\u00f3w scenerii i&nbsp;60 sklep\u00f3w.<br \/>\n\u00b7\u00a0\u00a0\u00a0\u00a0\u00a0\u00a0\u00a0\u00a0\u00a0 20 zwierz\u0105t, o&nbsp;kt\u00f3re mo\u017cna si\u0119 troszczy\u0107.<br \/>\n\u00b7\u00a0\u00a0\u00a0\u00a0\u00a0\u00a0\u00a0\u00a0\u00a0 Tryby kampanii, kariery i&nbsp;piaskownicy.<br \/>\n\u00b7\u00a0\u00a0\u00a0\u00a0\u00a0\u00a0\u00a0\u00a0\u00a0 Tw\u00f3rz w\u0142asnych go\u015bci za pomoc\u0105 narz\u0119dzia Peep Designer.<br \/>\n\u00b7\u00a0\u00a0\u00a0\u00a0\u00a0\u00a0\u00a0\u00a0\u00a0 Przygotuj w\u0142asne pokazy laser\u00f3w i&nbsp;fajerwerk\u00f3w za pomoc\u0105 narz\u0119dzia MixMaster.<\/p>","protected":false},"excerpt":{"rendered":"<p>Zbuduj park rozrywki wszech czas\u00f3w i&nbsp;odkryj na nowo doceniony przez krytyk\u00f3w i&nbsp;graczy symulator kolejek g\u00f3rskich. Prze\u017cyj na nowo emocje zwi\u0105zane z&nbsp;gr\u0105 RollerCoaster Tycoon 3 w ca\u0142kowicie nowym wydaniu Edycja Kompletna z&nbsp;dodatkami Soaked! i&nbsp;Wild! lub&nbsp;spr\u00f3buj jej po raz pierwszy i&nbsp;przekonaj si\u0119, dlaczego ten \u015bwietny tytu\u0142 uznawany jest za niedo\u015bcigniony wz\u00f3r w tym gatunku gier. Tw\u00f3j park. [&hellip;]<\/p>\n","protected":false},"featured_media":714209,"comment_status":"closed","ping_status":"closed","template":"","meta":{"ub_ctt_via":""},"product_cat":[78,222],"product_tag":[218],"class_list":["post-713884","product","type-product","status-publish","has-post-thumbnail","hentry","product_cat-simulation","product_cat-strategy","product_tag-games","platform-steam-works-mac"],"_links":{"self":[{"href":"https:\/\/neuvee.com\/pl\/wp-json\/wp\/v2\/product\/713884","targetHints":{"allow":["GET"]}}],"collection":[{"href":"https:\/\/neuvee.com\/pl\/wp-json\/wp\/v2\/product"}],"about":[{"href":"https:\/\/neuvee.com\/pl\/wp-json\/wp\/v2\/types\/product"}],"replies":[{"embeddable":true,"href":"https:\/\/neuvee.com\/pl\/wp-json\/wp\/v2\/comments?post=713884"}],"wp:featuredmedia":[{"embeddable":true,"href":"https:\/\/neuvee.com\/pl\/wp-json\/wp\/v2\/media\/714209"}],"wp:attachment":[{"href":"https:\/\/neuvee.com\/pl\/wp-json\/wp\/v2\/media?parent=713884"}],"wp:term":[{"taxonomy":"product_cat","embeddable":true,"href":"https:\/\/neuvee.com\/pl\/wp-json\/wp\/v2\/product_cat?post=713884"},{"taxonomy":"product_tag","embeddable":true,"href":"https:\/\/neuvee.com\/pl\/wp-json\/wp\/v2\/product_tag?post=713884"}],"curies":[{"name":"wp","href":"https:\/\/api.w.org\/{rel}","templated":true}]}}