{"id":713879,"date":"2024-04-24T16:16:52","date_gmt":"2024-04-24T16:16:52","guid":{"rendered":"https:\/\/neuvee.com\/?post_type=product&#038;p=713879"},"modified":"2025-05-19T13:30:50","modified_gmt":"2025-05-19T13:30:50","slug":"resident-evil-4-gold-edition-3","status":"publish","type":"product","link":"https:\/\/neuvee.com\/pl\/product\/resident-evil-4-gold-edition-3\/","title":{"rendered":"RESIDENT EVIL 4 GOLD EDITION"},"content":{"rendered":"<p>Resident Evil 4 Gold Edition<br \/>\nUwaga:<br \/>\n\u2013 Przedmioty z&nbsp;tego zestawu mo\u017cna kupi\u0107 osobno. Nale\u017cy uwa\u017ca\u0107, aby nie powiela\u0107 swoich zakup\u00f3w.<br \/>\n\u2013 Przed skorzystaniem z&nbsp;dodatku Separate Ways lub&nbsp;dodatkowego pakietu DLC zaktualizuj gr\u0119 Resident Evil 4 do najnowszej wersji.<\/p>\n<p>W sk\u0142ad wersji Resident Evil 4 Gold Edition wchodzi gra Resident Evil 4 i&nbsp;dwa dodatkowe przedmioty: dodatek Separate Ways, w kt\u00f3rym poznajesz histori\u0119 z&nbsp;perspektywy Ady Wong, i&nbsp;dodatkowy pakiet DLC, kt\u00f3ry zawiera dodatkowe stroje dla postaci, a&nbsp;tak\u017ce przydatne uzbrojenie i&nbsp;inne elementy.<\/p>\n<p>Resident Evil 4:<br \/>\nOd katastrofy w Raccoon City min\u0119\u0142o sze\u015b\u0107 lat. Chc\u0105c odnale\u017a\u0107 zaginion\u0105 c\u00f3rk\u0119 prezydenta, Leon S. Kennedy trafia do oddalonej od cywilizacji wioski w Europie, w kt\u00f3rej co\u015b z\u0142ego dzieje si\u0119 z&nbsp;mieszka\u0144cami.<br \/>\nDzi\u0119ki unowocze\u015bnionej rozgrywce, nowej opowie\u015bci i&nbsp;\u017cywej, barwnej grafice gra Resident Evil 4 stanowi odrodzenie jednej z&nbsp;najbardziej znanych serii gier w bran\u017cy. Prze\u017cyj ponownie koszmar, kt\u00f3ry zrewolucjonizowa\u0142 gatunek survival horroru.<\/p>\n<p>Separate Ways:<br \/>\nW tym dodatkowym scenariuszu mo\u017cesz wcieli\u0107 si\u0119 w Ad\u0119 Wong i&nbsp;znale\u017a\u0107 odpowiedzi na pytania, kt\u00f3re zrodzi\u0142y si\u0119 w g\u0142\u00f3wnej kampanii. Staj\u0105c przed misj\u0105 odzyskania Bursztynu, kt\u00f3r\u0105 drog\u0119 wybierze?<\/p>\n<p>Dodatkowy pakiet DLC:<br \/>\n\u2013 \u201eNieformalne\u201d stroje dla Leona i&nbsp;Ashley<br \/>\n\u2013 \u201eRomantyczne\u201d stroje dla Leona i&nbsp;Ashley<br \/>\n\u2013 Str\u00f3j i&nbsp;filtr \u201eBohater\u201d dla Leona<br \/>\n\u2013 Str\u00f3j i&nbsp;filtr \u201eZ\u0142oczy\u0144ca\u201d dla Leona<br \/>\n\u2013Akcesorium \u201eSportowe okulary przeciws\u0142oneczne\u201d dla Leona<br \/>\n\u2013 Bro\u0144 Deluxe \u201eSentinel Nine\u201d<br \/>\n\u2013 Bro\u0144 Deluxe \u201eSkull Shaker\u201d<br \/>\n\u2013 Alternatywna \u015bcie\u017cka d\u017awi\u0119kowa z&nbsp;oryginalnej wersji gry<br \/>\n\u2013 Rozszerzenie mapy skarb\u00f3w<\/p>\n<p>Informacje o\u00a0grze<\/p>\n<p>Przetrwanie to dopiero pocz\u0105tek.<\/p>\n<p>Od katastrofy biologicznej w Raccoon City min\u0119\u0142o sze\u015b\u0107 lat. Agent Leon S. Kennedy, jeden z&nbsp;ocala\u0142ych, zostaje wys\u0142any na misj\u0119 polegaj\u0105c\u0105 na uratowaniu porwanej c\u00f3rki prezydenta. Pod\u0105\u017caj\u0105c tropem dziewczyny, trafia do odludnej europejskiej wioski zamieszka\u0142ej przez niezwykle podejrzanych, upiornych ludzi. Poznaj opowie\u015b\u0107 o&nbsp;odwa\u017cnej akcji ratunkowej i&nbsp;wyczerpuj\u0105cym przera\u017ceniu, w kt\u00f3rej przeplataj\u0105 si\u0119 tematy \u017cycia, \u015bmierci, strachu i&nbsp;duchowego oczyszczenia.<\/p>\n<p>Dzi\u0119ki zmodernizowanej rozgrywce, wyobra\u017conej na nowo fabule i&nbsp;\u017cywej, szczeg\u00f3\u0142owej grafice Resident Evil 4 stanowi odrodzenie jednej z&nbsp;najbardziej znanych serii gier w bran\u017cy.<\/p>\n<p>Jeszcze raz prze\u017cyj koszmar, kt\u00f3ry zrewolucjonizowa\u0142 gatunek survival horroru.<\/p>\n<p><\/p>","protected":false},"excerpt":{"rendered":"<p>Resident Evil 4 Gold Edition Uwaga: \u2013 Przedmioty z&nbsp;tego zestawu mo\u017cna kupi\u0107 osobno. Nale\u017cy uwa\u017ca\u0107, aby nie powiela\u0107 swoich zakup\u00f3w. \u2013 Przed skorzystaniem z&nbsp;dodatku Separate Ways lub&nbsp;dodatkowego pakietu DLC zaktualizuj gr\u0119 Resident Evil 4 do najnowszej wersji. W sk\u0142ad wersji Resident Evil 4 Gold Edition wchodzi gra Resident Evil 4 i&nbsp;dwa dodatkowe przedmioty: dodatek Separate [&hellip;]<\/p>\n","protected":false},"featured_media":0,"comment_status":"closed","ping_status":"closed","template":"","meta":{"ub_ctt_via":""},"product_cat":[88,127],"product_tag":[218],"class_list":["post-713879","product","type-product","status-publish","hentry","product_cat-action","product_cat-adventure","product_tag-games","platform-steam-works"],"_links":{"self":[{"href":"https:\/\/neuvee.com\/pl\/wp-json\/wp\/v2\/product\/713879","targetHints":{"allow":["GET"]}}],"collection":[{"href":"https:\/\/neuvee.com\/pl\/wp-json\/wp\/v2\/product"}],"about":[{"href":"https:\/\/neuvee.com\/pl\/wp-json\/wp\/v2\/types\/product"}],"replies":[{"embeddable":true,"href":"https:\/\/neuvee.com\/pl\/wp-json\/wp\/v2\/comments?post=713879"}],"wp:attachment":[{"href":"https:\/\/neuvee.com\/pl\/wp-json\/wp\/v2\/media?parent=713879"}],"wp:term":[{"taxonomy":"product_cat","embeddable":true,"href":"https:\/\/neuvee.com\/pl\/wp-json\/wp\/v2\/product_cat?post=713879"},{"taxonomy":"product_tag","embeddable":true,"href":"https:\/\/neuvee.com\/pl\/wp-json\/wp\/v2\/product_tag?post=713879"}],"curies":[{"name":"wp","href":"https:\/\/api.w.org\/{rel}","templated":true}]}}