{"id":713872,"date":"2024-04-24T16:14:18","date_gmt":"2024-04-24T16:14:18","guid":{"rendered":"https:\/\/neuvee.com\/?post_type=product&#038;p=713872"},"modified":"2025-05-19T14:15:35","modified_gmt":"2025-05-19T14:15:35","slug":"pool-cleaning-simulator-early-access","status":"publish","type":"product","link":"https:\/\/neuvee.com\/pl\/product\/pool-cleaning-simulator-early-access\/","title":{"rendered":"POOL CLEANING SIMULATOR &#8211; EARLY ACCESS"},"content":{"rendered":"<p>\u201ePool Cleaning Simulator to gra czy\u015bciciel przypominaj\u0105cy symulator PowerWash, w kt\u00f3rej u\u017cywasz r\u00f3\u017cnych narz\u0119dzi, aby brudne baseny l\u015bni\u0142y czysto\u015bci\u0105\u201d. Gra odtwarza ca\u0142y proces czyszczenia, szorowania i&nbsp;konserwacji r\u00f3\u017cnych basen\u00f3w, od luksusowych przydomowych przystani po spo\u0142eczno\u015bciowe kompleksy p\u0142ywackie. Wciel si\u0119 w rol\u0119 wirtualnego czy\u015bciciela basen\u00f3w i&nbsp;podejmij wyzwanie przekszta\u0142cenia brudnych, zaniedbanych basen\u00f3w w l\u015bni\u0105ce oazy relaksu.<\/p>\n<p>Kluczowe funkcje symulatora czyszczenia basenu<\/p>\n<p>Realistyczna symulacja<\/p>\n<p>Zanurz si\u0119 w najbardziej autentycznym do\u015bwiadczeniu czyszczenia basenu w historii, wraz z&nbsp;realistyczn\u0105 fizyk\u0105 wody i&nbsp;realistycznymi narz\u0119dziami do czyszczenia.<\/p>\n<p>Zr\u00f3\u017cnicowane \u015brodowisko<\/p>\n<p>Spotkaj szerok\u0105 gam\u0119 typ\u00f3w basen\u00f3w, z&nbsp;kt\u00f3rych ka\u017cdy oferuje unikalne wyzwania. Od basen\u00f3w mieszkalnych otoczonych bujnymi ogrodami po ogromne baseny komercyjne \u2013 ka\u017cdy scenariusz to \u015bwie\u017ca przygoda.<\/p>\n<p>Dynamiczna pogoda<\/p>\n<p>Podejmij si\u0119 sprz\u0105tania w zmieniaj\u0105cych si\u0119 warunkach pogodowych, od pal\u0105cego s\u0142o\u0144ca po delikatny deszcz, dodaj\u0105c dodatkow\u0105 warstw\u0119 realizmu i&nbsp;wyzwania. (dodamy zaraz po wydaniu EA)<\/p>\n<p>Uaktualnienia i&nbsp;post\u0119py:<\/p>\n<p>W miar\u0119 post\u0119p\u00f3w odblokowuj nowe narz\u0119dzia i&nbsp;sprz\u0119t, zwi\u0119kszaj\u0105c swoj\u0105 wydajno\u015b\u0107 i&nbsp;skuteczno\u015b\u0107 jako niezwyk\u0142ego specjalisty ds. czyszczenia basen\u00f3w.<\/p>\n<p>Relaksuj\u0105ca rozgrywka<\/p>\n<p>Ciesz si\u0119 koj\u0105c\u0105 rozgrywk\u0105, kt\u00f3ra \u0142\u0105czy interakcje medytacyjne z&nbsp;poczuciem spe\u0142nienia, b\u0119d\u0105c \u015bwiadkiem przemiany brudnych basen\u00f3w w dziewicze zak\u0105tki.<\/p>\n<p><\/p>","protected":false},"excerpt":{"rendered":"<p>\u201ePool Cleaning Simulator to gra czy\u015bciciel przypominaj\u0105cy symulator PowerWash, w kt\u00f3rej u\u017cywasz r\u00f3\u017cnych narz\u0119dzi, aby brudne baseny l\u015bni\u0142y czysto\u015bci\u0105\u201d. Gra odtwarza ca\u0142y proces czyszczenia, szorowania i&nbsp;konserwacji r\u00f3\u017cnych basen\u00f3w, od luksusowych przydomowych przystani po spo\u0142eczno\u015bciowe kompleksy p\u0142ywackie. Wciel si\u0119 w rol\u0119 wirtualnego czy\u015bciciela basen\u00f3w i&nbsp;podejmij wyzwanie przekszta\u0142cenia brudnych, zaniedbanych basen\u00f3w w l\u015bni\u0105ce oazy relaksu. Kluczowe funkcje [&hellip;]<\/p>\n","protected":false},"featured_media":714191,"comment_status":"closed","ping_status":"closed","template":"","meta":{"ub_ctt_via":""},"product_cat":[229,127,223,221,78],"product_tag":[218],"class_list":["post-713872","product","type-product","status-publish","has-post-thumbnail","hentry","product_cat-early-access","product_cat-adventure","product_cat-casual","product_cat-indie","product_cat-simulation","product_tag-games","platform-steam-works"],"_links":{"self":[{"href":"https:\/\/neuvee.com\/pl\/wp-json\/wp\/v2\/product\/713872","targetHints":{"allow":["GET"]}}],"collection":[{"href":"https:\/\/neuvee.com\/pl\/wp-json\/wp\/v2\/product"}],"about":[{"href":"https:\/\/neuvee.com\/pl\/wp-json\/wp\/v2\/types\/product"}],"replies":[{"embeddable":true,"href":"https:\/\/neuvee.com\/pl\/wp-json\/wp\/v2\/comments?post=713872"}],"wp:featuredmedia":[{"embeddable":true,"href":"https:\/\/neuvee.com\/pl\/wp-json\/wp\/v2\/media\/714191"}],"wp:attachment":[{"href":"https:\/\/neuvee.com\/pl\/wp-json\/wp\/v2\/media?parent=713872"}],"wp:term":[{"taxonomy":"product_cat","embeddable":true,"href":"https:\/\/neuvee.com\/pl\/wp-json\/wp\/v2\/product_cat?post=713872"},{"taxonomy":"product_tag","embeddable":true,"href":"https:\/\/neuvee.com\/pl\/wp-json\/wp\/v2\/product_tag?post=713872"}],"curies":[{"name":"wp","href":"https:\/\/api.w.org\/{rel}","templated":true}]}}