{"id":713863,"date":"2024-04-24T16:07:16","date_gmt":"2024-04-24T16:07:16","guid":{"rendered":"https:\/\/neuvee.com\/?post_type=product&#038;p=713863"},"modified":"2025-05-19T14:34:31","modified_gmt":"2025-05-19T14:34:31","slug":"monster-hunter-world-iceborne-master-edition-6","status":"publish","type":"product","link":"https:\/\/neuvee.com\/pl\/product\/monster-hunter-world-iceborne-master-edition-6\/","title":{"rendered":"MONSTER HUNTER WORLD: ICEBORNE MASTER EDITION"},"content":{"rendered":"<p>Monster Hunter World: Iceborne \u2014 Edycja Mistrzowska\u201d to zestaw obejmuj\u0105cy zar\u00f3wno gr\u0119 g\u0142\u00f3wn\u0105, jak i&nbsp;gigantyczne rozszerzenie.<\/p>\n<p>Nowe zadania, potwory, bronie, pancerze, nowa fabu\u0142a oraz&nbsp;odblokowanie zupe\u0142nie nowego \u201epoziomu mistrza\u201d pozwol\u0105 Ci wspi\u0105\u0107 si\u0119 na nowy poziom \u0142owieckich umiej\u0119tno\u015bci!<\/p>\n<p>Zawarto\u015b\u0107 Monster Hunter World: Iceborne \u2014 Edycja Mistrzowska:<br \/>\n&#8211; Monster Hunter: World (gra g\u0142\u00f3wna)<br \/>\n&#8211; Monster Hunter World: Iceborne (rozszerzenie)<\/p>\n<p>Dodatek za wczesny zakup:<br \/>\n&#8211; Zestaw pancerza warstwowego: Yukumo<\/p>\n<p>Note: Layered armor only changes your character&#8217;s appearance. It does not include any weapons.<\/p>","protected":false},"excerpt":{"rendered":"<p>Monster Hunter World: Iceborne \u2014 Edycja Mistrzowska\u201d to zestaw obejmuj\u0105cy zar\u00f3wno gr\u0119 g\u0142\u00f3wn\u0105, jak i&nbsp;gigantyczne rozszerzenie. Nowe zadania, potwory, bronie, pancerze, nowa fabu\u0142a oraz&nbsp;odblokowanie zupe\u0142nie nowego \u201epoziomu mistrza\u201d pozwol\u0105 Ci wspi\u0105\u0107 si\u0119 na nowy poziom \u0142owieckich umiej\u0119tno\u015bci! Zawarto\u015b\u0107 Monster Hunter World: Iceborne \u2014 Edycja Mistrzowska: &#8211; Monster Hunter: World (gra g\u0142\u00f3wna) &#8211; Monster Hunter World: [&hellip;]<\/p>\n","protected":false},"featured_media":714386,"comment_status":"closed","ping_status":"closed","template":"","meta":{"ub_ctt_via":""},"product_cat":[227,88,127],"product_tag":[218],"class_list":["post-713863","product","type-product","status-publish","has-post-thumbnail","hentry","product_cat-action-adventure","product_cat-action","product_cat-adventure","product_tag-games","platform-steam-works"],"_links":{"self":[{"href":"https:\/\/neuvee.com\/pl\/wp-json\/wp\/v2\/product\/713863","targetHints":{"allow":["GET"]}}],"collection":[{"href":"https:\/\/neuvee.com\/pl\/wp-json\/wp\/v2\/product"}],"about":[{"href":"https:\/\/neuvee.com\/pl\/wp-json\/wp\/v2\/types\/product"}],"replies":[{"embeddable":true,"href":"https:\/\/neuvee.com\/pl\/wp-json\/wp\/v2\/comments?post=713863"}],"wp:featuredmedia":[{"embeddable":true,"href":"https:\/\/neuvee.com\/pl\/wp-json\/wp\/v2\/media\/714386"}],"wp:attachment":[{"href":"https:\/\/neuvee.com\/pl\/wp-json\/wp\/v2\/media?parent=713863"}],"wp:term":[{"taxonomy":"product_cat","embeddable":true,"href":"https:\/\/neuvee.com\/pl\/wp-json\/wp\/v2\/product_cat?post=713863"},{"taxonomy":"product_tag","embeddable":true,"href":"https:\/\/neuvee.com\/pl\/wp-json\/wp\/v2\/product_tag?post=713863"}],"curies":[{"name":"wp","href":"https:\/\/api.w.org\/{rel}","templated":true}]}}