{"id":713851,"date":"2024-04-24T16:05:54","date_gmt":"2024-04-24T16:05:54","guid":{"rendered":"https:\/\/neuvee.com\/?post_type=product&#038;p=713851"},"modified":"2025-05-19T14:27:56","modified_gmt":"2025-05-19T14:27:56","slug":"medieval-machines-builder-early-access","status":"publish","type":"product","link":"https:\/\/neuvee.com\/pl\/product\/medieval-machines-builder-early-access\/","title":{"rendered":"MEDIEVAL MACHINES BUILDER &#8211; EARLY ACCESS"},"content":{"rendered":"<p>\u015aredniowiecze &#8211; czasy nieustannych obl\u0119\u017ce\u0144. Zdobywaj plany, zbieraj zasoby, tw\u00f3rz najpot\u0119\u017cniejsze i&nbsp;niszczycielskie maszyny, a&nbsp;nast\u0119pnie testuj je w bitwie. Dzi\u0119ki swoim dzie\u0142om zdob\u0119dziesz niejeden zamek. Rycerze tocz\u0105 wojny, ale dzi\u0119ki twoim maszynom wygrywaj\u0105 je.<\/p>\n<p>Ju\u017c od dzieci\u0144stwa mia\u0142e\u015b iskr\u0119 do wynalazczo\u015bci. Nadszed\u0142 czas, aby sprawdzi\u0107 si\u0119 jako m\u0142ody in\u017cynier balistyczny! Twoja bro\u0144 b\u0119dzie s\u0142u\u017cy\u0107 Kr\u00f3lowi i&nbsp;jego Kr\u00f3lestwu, wi\u0119c&nbsp;upewnij si\u0119, \u017ce stworzysz najpot\u0119\u017cniejsze i&nbsp;najbardziej innowacyjne urz\u0105dzenia! Zacznij od zera i&nbsp;zdob\u0105d\u017a s\u0142aw\u0119 jednego z&nbsp;najwybitniejszych wynalazc\u00f3w ca\u0142ego \u015bredniowiecza w grze Medieval Machines Builder.<\/p>\n<p>G\u0142\u00f3wne cechy Medieval Machines Builder<br \/>\n\ud83d\udc77Rozw\u00f3j postaci &#8211; zdobywaj do\u015bwiadczenie by odblokowa\u0107 nowe maszyny, amunicj\u0119 i&nbsp;umiej\u0119tno\u015bci<br \/>\n\ud83d\udcdaKampania z&nbsp;histori\u0105 &#8211; ka\u017cda misja przybli\u017ca Ci\u0119 do ostatecznego obl\u0119\u017cenia i&nbsp;zwyci\u0119stwa<br \/>\n\ud83e\uddf0Narz\u0119dzia &#8211; b\u0119dziesz u\u017cywa\u0107 wielu rodzaj\u00f3w \u015bredniowiecznych narz\u0119dzi kowalskich<br \/>\n\ud83d\udca5Niszczenie \u2013 To, co zbudujesz, zostanie u\u017cyte do zniszczenia i&nbsp;zburzenia fortyfikacji wroga<br \/>\n\ud83c\udfd7\ufe0fMachiny obl\u0119\u017cnicze &#8211; zbudujesz i&nbsp;przetestujesz katapult\u0119, trebeusz, balist\u0119 i&nbsp;inne<br \/>\n\u26cf\ufe0fZbieranie &#8211; do zbudowania czegokolwiek b\u0119dziesz potrzebowa\u0107 materia\u0142\u00f3w. Najpierw b\u0119dziesz musia\u0142 je zdoby\u0107.<br \/>\n\u2694\ufe0fTestowanie \u2013 ka\u017cdy dobry wytw\u00f3rca sprz\u0119tu musi go dobrze przetestowa\u0107, najlepiej na polu bitwy<br \/>\n\ud83d\udcb0Handel &#8211; nie wszystko da si\u0119 znale\u017a\u0107, trzeba co\u015b kupi\u0107, a&nbsp;\u017ceby co\u015b kupi\u0107 trzeba co\u015b zarobi\u0107 na sprzeda\u017cy<\/p>\n<p>WALCZ<br \/>\nCzasy \u015bredniowiecza kojarz\u0105 si\u0119 z&nbsp;nieustannymi potyczkami i&nbsp;zamkami. Obie te rzeczy s\u0105 zwi\u0105zane z&nbsp;machinami obl\u0119\u017cniczymi. Jak wiadomo, nieu\u017cywana bro\u0144 jest bezu\u017cyteczna. R\u00f3wnie\u017c to, co zbudujesz, wykorzystaj w bitwie.<\/p>\n<p>BUDUJ<br \/>\nNaucz si\u0119 rzemios\u0142a z&nbsp;czas\u00f3w \u015bredniowiecza. Wykorzystaj wiedz\u0119, aby stworzy\u0107 najlepsze i&nbsp;\u015bmierciono\u015bne maszyny.<\/p>\n<p>CRAFTUJ<br \/>\nTw\u00f3rz narz\u0119dzia, czas poczu\u0107 si\u0119 jak MacGyver i&nbsp;stworzy\u0107 co\u015b z&nbsp;niczego.<\/p>\n<p>ZBIERAJ<br \/>\nKamienie, liny, drewno, deski i&nbsp;wiele innych rzeczy potrzebnych do pracy s\u0105 dost\u0119pne dla ka\u017cdego, ale trzeba je znale\u017a\u0107 i&nbsp;przetransportowa\u0107.<\/p>\n<p>TESTUJ<br \/>\nWszystkie urz\u0105dzenia musz\u0105 by\u0107 przetestowane. Zdziwicie si\u0119, jakich maszyn, a&nbsp;zw\u0142aszcza amunicji u\u017cywano w tamtych czasach. Standardem s\u0105 kamienne g\u0142azy. Ale co powiesz na eksploduj\u0105ce czo\u0142gi lub&nbsp;na przyk\u0142ad krowy?<\/p>\n<p>HANDLUJ<br \/>\nKup i&nbsp;sprzedaj. Negocjuj lepsze ceny i&nbsp;zarabiaj na coraz lepszy sprz\u0119t.<\/p>\n<p><\/p>","protected":false},"excerpt":{"rendered":"<p>\u015aredniowiecze &#8211; czasy nieustannych obl\u0119\u017ce\u0144. Zdobywaj plany, zbieraj zasoby, tw\u00f3rz najpot\u0119\u017cniejsze i&nbsp;niszczycielskie maszyny, a&nbsp;nast\u0119pnie testuj je w bitwie. Dzi\u0119ki swoim dzie\u0142om zdob\u0119dziesz niejeden zamek. Rycerze tocz\u0105 wojny, ale dzi\u0119ki twoim maszynom wygrywaj\u0105 je. Ju\u017c od dzieci\u0144stwa mia\u0142e\u015b iskr\u0119 do wynalazczo\u015bci. Nadszed\u0142 czas, aby sprawdzi\u0107 si\u0119 jako m\u0142ody in\u017cynier balistyczny! Twoja bro\u0144 b\u0119dzie s\u0142u\u017cy\u0107 Kr\u00f3lowi i&nbsp;jego [&hellip;]<\/p>\n","protected":false},"featured_media":714474,"comment_status":"closed","ping_status":"closed","template":"","meta":{"ub_ctt_via":""},"product_cat":[229,88,127,223,221,78],"product_tag":[218],"class_list":["post-713851","product","type-product","status-publish","has-post-thumbnail","hentry","product_cat-early-access","product_cat-action","product_cat-adventure","product_cat-casual","product_cat-indie","product_cat-simulation","product_tag-games","platform-steam-works"],"_links":{"self":[{"href":"https:\/\/neuvee.com\/pl\/wp-json\/wp\/v2\/product\/713851","targetHints":{"allow":["GET"]}}],"collection":[{"href":"https:\/\/neuvee.com\/pl\/wp-json\/wp\/v2\/product"}],"about":[{"href":"https:\/\/neuvee.com\/pl\/wp-json\/wp\/v2\/types\/product"}],"replies":[{"embeddable":true,"href":"https:\/\/neuvee.com\/pl\/wp-json\/wp\/v2\/comments?post=713851"}],"wp:featuredmedia":[{"embeddable":true,"href":"https:\/\/neuvee.com\/pl\/wp-json\/wp\/v2\/media\/714474"}],"wp:attachment":[{"href":"https:\/\/neuvee.com\/pl\/wp-json\/wp\/v2\/media?parent=713851"}],"wp:term":[{"taxonomy":"product_cat","embeddable":true,"href":"https:\/\/neuvee.com\/pl\/wp-json\/wp\/v2\/product_cat?post=713851"},{"taxonomy":"product_tag","embeddable":true,"href":"https:\/\/neuvee.com\/pl\/wp-json\/wp\/v2\/product_tag?post=713851"}],"curies":[{"name":"wp","href":"https:\/\/api.w.org\/{rel}","templated":true}]}}