{"id":713774,"date":"2024-04-24T15:46:23","date_gmt":"2024-04-24T15:46:23","guid":{"rendered":"https:\/\/neuvee.com\/?post_type=product&#038;p=713774"},"modified":"2025-05-19T13:36:13","modified_gmt":"2025-05-19T13:36:13","slug":"arena-renovation","status":"publish","type":"product","link":"https:\/\/neuvee.com\/pl\/product\/arena-renovation\/","title":{"rendered":"ARENA RENOVATION"},"content":{"rendered":"<p>W grze Arena Renovation wcielisz si\u0119 w rol\u0119 jednoosobowego zespo\u0142u remontowego, kt\u00f3rego zadaniem jest przywr\u00f3cenie dawnej \u015bwietno\u015bci r\u00f3\u017cnym obiektom sportowym. Wiele z&nbsp;nich uleg\u0142o zniszczeniu w wyniku up\u0142ywu czasu lub&nbsp;braku opieki. Nie pozw\u00f3l odej\u015b\u0107 im w kompletne zapomnienie &#8211; zakasaj r\u0119kawy i&nbsp;tchnij w nie nowe \u017cycie!<br \/>\nGra oferuje r\u00f3\u017cnorodne zadania, takie jak malowanie \u015bcian, renowacja pod\u0142\u00f3g, wymiana uszkodzonych krzese\u0142ek, naprawa instalacji elektrycznej, itp. Ponadto mo\u017cesz wype\u0142ni\u0107 ka\u017cd\u0105 aren\u0119 setkami r\u00f3\u017cnych obiekt\u00f3w, kt\u00f3re czekaj\u0105 na Ciebie w grze. Ka\u017cde z&nbsp;zada\u0144 wymaga r\u00f3\u017cnych umiej\u0119tno\u015bci i&nbsp;narz\u0119dzi, dlatego&nbsp;gracz musi wykorzysta\u0107 swoj\u0105 wiedz\u0119 i&nbsp;do\u015bwiadczenie, aby dok\u0142adnie oceni\u0107 potrzeby obiektu i&nbsp;dostosowa\u0107 swoje dzia\u0142ania.<br \/>\nArena Renovation to wci\u0105gaj\u0105ca gra, kt\u00f3ra wymaga dok\u0142adno\u015bci, umiej\u0119tno\u015bci i&nbsp;cierpliwo\u015bci. To gra dla os\u00f3b, kt\u00f3re lubi\u0105 projektowanie, remontowanie i&nbsp;przywracanie zniszczonych obiekt\u00f3w do \u017cycia. Gra oferuje wiele wyzwa\u0144 i&nbsp;zada\u0144, kt\u00f3re wymagaj\u0105 kreatywno\u015bci, zdolno\u015bci manualnych i&nbsp;planowania bud\u017cetu, co sprawia, \u017ce \u200b\u200bjest to \u015bwietna gra dla os\u00f3b, kt\u00f3re lubi\u0105 po\u0142\u0105czenie zabawy z&nbsp;nauk\u0105 praktycznych umiej\u0119tno\u015bci.<\/p>\n<p><\/p>","protected":false},"excerpt":{"rendered":"<p>W grze Arena Renovation wcielisz si\u0119 w rol\u0119 jednoosobowego zespo\u0142u remontowego, kt\u00f3rego zadaniem jest przywr\u00f3cenie dawnej \u015bwietno\u015bci r\u00f3\u017cnym obiektom sportowym. Wiele z&nbsp;nich uleg\u0142o zniszczeniu w wyniku up\u0142ywu czasu lub&nbsp;braku opieki. Nie pozw\u00f3l odej\u015b\u0107 im w kompletne zapomnienie &#8211; zakasaj r\u0119kawy i&nbsp;tchnij w nie nowe \u017cycie! Gra oferuje r\u00f3\u017cnorodne zadania, takie jak malowanie \u015bcian, renowacja pod\u0142\u00f3g, [&hellip;]<\/p>\n","protected":false},"featured_media":713820,"comment_status":"closed","ping_status":"closed","template":"","meta":{"ub_ctt_via":""},"product_cat":[232,223,221,78,222],"product_tag":[218],"class_list":["post-713774","product","type-product","status-publish","has-post-thumbnail","hentry","product_cat-sports","product_cat-casual","product_cat-indie","product_cat-simulation","product_cat-strategy","product_tag-games","platform-steam-works"],"_links":{"self":[{"href":"https:\/\/neuvee.com\/pl\/wp-json\/wp\/v2\/product\/713774","targetHints":{"allow":["GET"]}}],"collection":[{"href":"https:\/\/neuvee.com\/pl\/wp-json\/wp\/v2\/product"}],"about":[{"href":"https:\/\/neuvee.com\/pl\/wp-json\/wp\/v2\/types\/product"}],"replies":[{"embeddable":true,"href":"https:\/\/neuvee.com\/pl\/wp-json\/wp\/v2\/comments?post=713774"}],"wp:featuredmedia":[{"embeddable":true,"href":"https:\/\/neuvee.com\/pl\/wp-json\/wp\/v2\/media\/713820"}],"wp:attachment":[{"href":"https:\/\/neuvee.com\/pl\/wp-json\/wp\/v2\/media?parent=713774"}],"wp:term":[{"taxonomy":"product_cat","embeddable":true,"href":"https:\/\/neuvee.com\/pl\/wp-json\/wp\/v2\/product_cat?post=713774"},{"taxonomy":"product_tag","embeddable":true,"href":"https:\/\/neuvee.com\/pl\/wp-json\/wp\/v2\/product_tag?post=713774"}],"curies":[{"name":"wp","href":"https:\/\/api.w.org\/{rel}","templated":true}]}}