{"id":713772,"date":"2024-04-24T15:59:36","date_gmt":"2024-04-24T15:59:36","guid":{"rendered":"https:\/\/neuvee.com\/?post_type=product&#038;p=713772"},"modified":"2025-05-19T14:02:52","modified_gmt":"2025-05-19T14:02:52","slug":"manor-lords-3","status":"publish","type":"product","link":"https:\/\/neuvee.com\/pl\/product\/manor-lords-3\/","title":{"rendered":"MANOR LORDS"},"content":{"rendered":"<p>Manor Lords to gra strategiczna, kt\u00f3ra pozwala do\u015bwiadczy\u0107 \u017cycia \u015bredniowiecznego w\u0142adcy. Rozwi\u0144 swoj\u0105 wiosk\u0119 w t\u0119tni\u0105ce \u017cyciem miasto, zarz\u0105dzaj zasobami i&nbsp;\u0142a\u0144cuchami produkcyjnymi oraz&nbsp;rozszerzaj swoje ziemie poprzez podb\u00f3j.<\/p>\n<p>Gra Manor Lords, zainspirowana sztuk\u0105 i&nbsp;architektur\u0105 Frankonii z&nbsp;ko\u0144ca XIV wieku, podchodzi do historii najwierniej, jak si\u0119 da, wsz\u0119dzie tam, gdzie jest to mo\u017cliwe, wykorzystuj\u0105c j\u0105 zar\u00f3wno w mechanice rozgrywki, jak i&nbsp;grafice. Gra unika nadu\u017cywanych w\u0105tk\u00f3w \u015bredniowiecznych na rzecz historycznej dok\u0142adno\u015bci, aby \u015bwiat by\u0142 bardziej autentyczny, barwny i&nbsp;wiarygodny.<br \/>\nBUDOWANIE ORGANICZNEGO MIASTA<br \/>\nManor Lords zapewnia budowanie miasta bez stosowania siatki, daj\u0105c pe\u0142n\u0105 swobod\u0119 rozmieszczania i&nbsp;obracania budynk\u00f3w. Mechanika budowania jest wzorowana na rozwoju prawdziwych \u015bredniowiecznych miast i&nbsp;wsi, gdzie g\u0142\u00f3wne szlaki handlowe i&nbsp;krajobraz wp\u0142ywa\u0142y na to, jak kszta\u0142towa\u0142y si\u0119 i&nbsp;rozwija\u0142y osady.<br \/>\nRozci\u0105gaj\u0105c si\u0119 od centralne umieszczonego rynku, buduj swoje dzielnice mieszkalne, handlowe i&nbsp;przemys\u0142owe zgodnie z&nbsp;naturalnym uk\u0142adem terenu. Zak\u0142adaj gospodarstwa rolne w oparciu o&nbsp;\u017cyzno\u015b\u0107 gleby, rozmieszczaj tereny \u0142owieckie w zale\u017cno\u015bci od populacji zwierz\u0105t, zapewniaj dost\u0119p do odpowiednich z\u0142\u00f3\u017c surowc\u00f3w i&nbsp;las\u00f3w, kt\u00f3re dostarcz\u0105 surowc\u00f3w niezb\u0119dnych do rozwoju.<br \/>\nPrzydziel obszary pod zabudow\u0119 i&nbsp;obserwuj, jak twoi mieszka\u0144cy buduj\u0105 swoje domy zgodnie z&nbsp;historycznym systemem dzia\u0142ek mieszcza\u0144skich. Ka\u017cdy region zostanie podzielony na podstawie dr\u00f3g i&nbsp;przydzielonej przestrzeni, a&nbsp;domy b\u0119d\u0105 odpowiednio skalowane.<br \/>\nStawiaj dobud\u00f3wki za wi\u0119kszymi domami, aby generowa\u0107 dochody i&nbsp;zasoby, kt\u00f3re w przeciwnym razie nie by\u0142yby dost\u0119pne. W\u0142a\u015bciciele dom\u00f3w nie tylko p\u0142ac\u0105 podatki \u2013 uprawiaj\u0105 warzywa, hoduj\u0105 kurczaki i&nbsp;kozy oraz&nbsp;w inny spos\u00f3b zaopatruj\u0105 siebie i&nbsp;pozosta\u0142ych mieszka\u0144c\u00f3w miasta w podstawowe potrzeby wykraczaj\u0105ce poza to, co mog\u0105 zapewni\u0107 zarz\u0105dzane przez ciebie gospodarstwa, pastwiska i&nbsp;przemys\u0142.<br \/>\nPoprowad\u017a swoje osady przez ka\u017cde pory roku, kt\u00f3re tworz\u0105 specjalne wymagania i&nbsp;mo\u017cliwo\u015bci, ciesz\u0105c si\u0119 urodzajem przynoszonym przez wiosenne deszcze i&nbsp;przygotowuj\u0105c si\u0119 do surowych \u015bnieg\u00f3w zimy.<br \/>\nZARZ\u0104DZANIE ZASOBAMI<br \/>\nOd sk\u00f3r i&nbsp;but\u00f3w po j\u0119czmie\u0144 i&nbsp;mi\u00f3d, Manor Lords posiada du\u017cy wyb\u00f3r d\u00f3br, kt\u00f3re doskonale wpisuj\u0105 si\u0119 w epok\u0119. Materia\u0142y musz\u0105 by\u0107 transportowane i&nbsp;przetwarzane na gotowe produkty poprzez \u0142a\u0144cuchy produkcyjne, a&nbsp;ty musisz zr\u00f3wnowa\u017cy\u0107 podstawowe potrzeby swoich ludzi z&nbsp;pragnieniem produkowania luksusowych przedmiot\u00f3w, aby zapewni\u0107 zadowolenie, produkowa\u0107 towary handlowe na eksport lub&nbsp;wykuwa\u0107 bro\u0144 i&nbsp;zbroje, kt\u00f3re pomog\u0105 w podbojach.<br \/>\nZasoby s\u0105 porozrzucane po ca\u0142ej mapie, co zach\u0119ca do rozbudowy i&nbsp;zak\u0142adania wielu wyspecjalizowanych osad. Wydobywaj cenne rudy w swoich koloniach g\u00f3rniczych, podczas gdy wioski skupiaj\u0105ce si\u0119 na rolnictwie, hodowli i&nbsp;my\u015blistwie b\u0119d\u0105 dostarcza\u0107 ziarna i&nbsp;mi\u0119sa potrzebnego do wy\u017cywienia rosn\u0105cej populacji.<br \/>\nNiekontrolowana ekspansja b\u0119dzie mia\u0142a bezpo\u015bredni wp\u0142yw na \u015brodowisko. Stada jeleni b\u0119d\u0105 migrowa\u0107 z&nbsp;dala od wkraczaj\u0105cej cywilizacji, brak p\u0142odozmianu pogorszy \u017cyzno\u015b\u0107 gleby, a&nbsp;wyci\u0119cie zbyt wielu drzew spowoduje wylesienie.<br \/>\nSprzedawaj nadwy\u017cki towar\u00f3w podr\u00f3\u017cuj\u0105cym kupcom lub&nbsp;tw\u00f3rz w\u0142asne szlaki handlowe. Produkowanie i&nbsp;eksportowanie wysokiej jako\u015bci towar\u00f3w zapewni bogactwo, kt\u00f3re pozwoli ci ulepszy\u0107 miasto, zap\u0142aci\u0107 podatki swojemu w\u0142adcy, wynaj\u0105\u0107 najemnik\u00f3w i&nbsp;odblokowa\u0107 technologie dla nowych ga\u0142\u0119zi przemys\u0142u, produkt\u00f3w i&nbsp;narz\u0119dzi.<br \/>\n\u015aREDNIOWIECZNE BITWY<br \/>\nMasz jedynie niewielk\u0105 dzia\u0142k\u0119 na ogromnym terytorium, a&nbsp;starcie twojej ambicji z&nbsp;ambicjami s\u0105siaduj\u0105cych w\u0142adc\u00f3w nieuchronnie doprowadzi do konfliktu. Poprowad\u017a swoich ludzi do walki, lecz&nbsp;traktuj ich nie jako jednostki, kt\u00f3re mo\u017cna \u0142atwo uzupe\u0142ni\u0107, ale jako swoich ukochanych lojalnych poddanych, gdzie ka\u017cda \u015bmier\u0107 jest kosztem wartym rozwa\u017cenia.<br \/>\n&#8222;Wytrenuj zast\u0119py wykwalifikowanych wojownik\u00f3w, kt\u00f3rzy b\u0119d\u0105 walczy\u0107 w bitwach u boku oddzia\u0142\u00f3w milicji miejskiej. Czasami ci \u017co\u0142nierze b\u0119d\u0105 potrzebni do t\u0142umienia bunt\u00f3w lub&nbsp;przest\u0119pczo\u015bci, a&nbsp;innym razem poprowadzisz ich do walki, aby podbi\u0107 lub&nbsp;obroni\u0107 terytorium. W razie potrzeby najemnicy s\u0105 kosztown\u0105 opcj\u0105 wzmocnienia twoich szereg\u00f3w.<br \/>\n&#8221;<br \/>\nRozbudowany system dyplomacji pozwoli ci porozumie\u0107 si\u0119 z&nbsp;innymi w\u0142adcami, u\u017cywaj\u0105c wp\u0142yw\u00f3w lub&nbsp;gr\u00f3\u017ab, by wp\u0142yn\u0105\u0107 na ich dzia\u0142ania. Ci rywalizuj\u0105cy ze sob\u0105 w\u0142adcy maj\u0105 swoje w\u0142asne cele i&nbsp;b\u0119d\u0105 chcieli ci\u0119 odnale\u017a\u0107, a&nbsp;twoja odpowied\u017a na ich oferty lub&nbsp;obelgi mo\u017ce zawa\u017cy\u0107 o&nbsp;wojnie lub&nbsp;pokoju.<br \/>\nZarz\u0105dzaj bitwami taktycznymi w czasie rzeczywistym, bior\u0105c pod uwag\u0119 zm\u0119czenie, warunki pogodowe i&nbsp;wyposa\u017cenie. Rozmie\u015b\u0107 swoje wojska m\u0105drze \u2013 mniejsza si\u0142a mo\u017ce pokona\u0107 wi\u0119kszego wroga, je\u015bli jest dobrze dowodzona.<br \/>\nPoznaj cen\u0119 bitwy, nawet w zwyci\u0119stwie, poniewa\u017c&nbsp;ka\u017cdy poleg\u0142y \u017co\u0142nierz przek\u0142ada si\u0119 na utraconego obywatela twojego miasta. Pyrrusowe zwyci\u0119stwo mo\u017ce oznacza\u0107 ekonomiczn\u0105 zapa\u015b\u0107 albo&nbsp;zim\u0119 z&nbsp;racjonowaniem \u017cywno\u015bci i&nbsp;opa\u0142u.<br \/>\nR\u0118CZNA ROBOTA<br \/>\nTa gra jest projektem zrodzonym z&nbsp;pasji, rozpocz\u0119tym przez jednego dewelopera. Mo\u017cesz si\u0119 do mnie odezwa\u0107 i&nbsp;podzieli\u0107 si\u0119 wra\u017ceniami, pomys\u0142ami i&nbsp;konstruktywn\u0105 krytyk\u0105 \u2013 s\u0142ucham wszystkich opinii.<\/p>\n<p><\/p>","protected":false},"excerpt":{"rendered":"<p>Manor Lords to gra strategiczna, kt\u00f3ra pozwala do\u015bwiadczy\u0107 \u017cycia \u015bredniowiecznego w\u0142adcy. Rozwi\u0144 swoj\u0105 wiosk\u0119 w t\u0119tni\u0105ce \u017cyciem miasto, zarz\u0105dzaj zasobami i&nbsp;\u0142a\u0144cuchami produkcyjnymi oraz&nbsp;rozszerzaj swoje ziemie poprzez podb\u00f3j. Gra Manor Lords, zainspirowana sztuk\u0105 i&nbsp;architektur\u0105 Frankonii z&nbsp;ko\u0144ca XIV wieku, podchodzi do historii najwierniej, jak si\u0119 da, wsz\u0119dzie tam, gdzie jest to mo\u017cliwe, wykorzystuj\u0105c j\u0105 zar\u00f3wno w mechanice [&hellip;]<\/p>\n","protected":false},"featured_media":714100,"comment_status":"closed","ping_status":"closed","template":"","meta":{"ub_ctt_via":""},"product_cat":[78,222],"product_tag":[218,215],"class_list":["post-713772","product","type-product","status-publish","has-post-thumbnail","hentry","product_cat-simulation","product_cat-strategy","product_tag-games","product_tag-recommended","platform-steam-works"],"_links":{"self":[{"href":"https:\/\/neuvee.com\/pl\/wp-json\/wp\/v2\/product\/713772","targetHints":{"allow":["GET"]}}],"collection":[{"href":"https:\/\/neuvee.com\/pl\/wp-json\/wp\/v2\/product"}],"about":[{"href":"https:\/\/neuvee.com\/pl\/wp-json\/wp\/v2\/types\/product"}],"replies":[{"embeddable":true,"href":"https:\/\/neuvee.com\/pl\/wp-json\/wp\/v2\/comments?post=713772"}],"wp:featuredmedia":[{"embeddable":true,"href":"https:\/\/neuvee.com\/pl\/wp-json\/wp\/v2\/media\/714100"}],"wp:attachment":[{"href":"https:\/\/neuvee.com\/pl\/wp-json\/wp\/v2\/media?parent=713772"}],"wp:term":[{"taxonomy":"product_cat","embeddable":true,"href":"https:\/\/neuvee.com\/pl\/wp-json\/wp\/v2\/product_cat?post=713772"},{"taxonomy":"product_tag","embeddable":true,"href":"https:\/\/neuvee.com\/pl\/wp-json\/wp\/v2\/product_tag?post=713772"}],"curies":[{"name":"wp","href":"https:\/\/api.w.org\/{rel}","templated":true}]}}