{"id":713768,"date":"2024-04-24T15:58:03","date_gmt":"2024-04-24T15:58:03","guid":{"rendered":"https:\/\/neuvee.com\/?post_type=product&#038;p=713768"},"modified":"2025-05-19T13:49:26","modified_gmt":"2025-05-19T13:49:26","slug":"house-builder","status":"publish","type":"product","link":"https:\/\/neuvee.com\/pl\/product\/house-builder\/","title":{"rendered":"HOUSE BUILDER"},"content":{"rendered":"<p>Zosta\u0144 jednoosobow\u0105 ekip\u0105 budowlan\u0105 i&nbsp;buduj domy jak afryka\u0144ska chata z&nbsp;b\u0142ota albo&nbsp;nowoczesne cuda architektoniczne.<br \/>\nPozw\u00f3l nam zabra\u0107 Ci\u0119 w podr\u00f3\u017c do r\u00f3\u017cnych miejsc na kuli ziemskiej i&nbsp;do\u015bwiadczy\u0107 prawdziwej architektonicznej r\u00f3\u017cnorodno\u015bci. Spr\u00f3buj zbudowa\u0107 b\u0142otn\u0105 chat\u0119 w Afryce, igloo w Arktyce, dom kanadyjski, chat\u0119 z&nbsp;bali na Syberii, tradycyjny dom z&nbsp;cegie\u0142, pustak\u00f3w czy betonu i&nbsp;wiele, wiele innych&#8230;<br \/>\nKa\u017cdy dom sk\u0142ada si\u0119 z&nbsp;setek element\u00f3w, kt\u00f3re musisz dopasowa\u0107 zgodnie z&nbsp;zasadami budowy.<br \/>\nPoznaj nowe technologie<br \/>\nZobacz, czym r\u00f3\u017cni\u0105 si\u0119 od siebie technologie budowlane. Dowiedz si\u0119, jak stosowa\u0107 odpowiednie materia\u0142y i&nbsp;procedury podczas procesu budowy.<br \/>\nBuduj domy ceg\u0142a po cegle, element po elemencie, od fundament\u00f3w a\u017c po dach.<br \/>\nPoznaj r\u00f3\u017cne struktury budynk\u00f3w, materia\u0142y budowlane, ich cechy i&nbsp;w\u0142a\u015bciwo\u015bci. Buduj proste konstrukcje z&nbsp;prymitywnych materia\u0142\u00f3w, ale tak\u017ce ultranowoczesne budynki wyposa\u017cone w najnowsze odkrycia technologiczne.<br \/>\nKorzystaj z&nbsp;unikalnych mechanik<br \/>\nU\u017cywaj r\u00f3\u017cnych narz\u0119dzi w zale\u017cno\u015bci od sytuacji i&nbsp;wymaga\u0144. Doskonal swoje umiej\u0119tno\u015bci i&nbsp;korzystaj z&nbsp;lepszego sprz\u0119tu, aby m\u00f3c szybko i&nbsp;sprawnie budowa\u0107 z\u0142o\u017cone konstrukcje.<br \/>\nDemolition<br \/>\nCzasami nie ma wyj\u015bcia z&nbsp;sytuacji. Zburz wszystko na swojej drodze i&nbsp;zacznij od nowa!<br \/>\nO BUDOWNICZYM DOMU<br \/>\nBudowanie to twoje hobby? Dzi\u0119ki House Builder staniesz si\u0119 jednoosobow\u0105 ekip\u0105 budowlan\u0105! Znajd\u017a idealny kawa\u0142ek ziemi i&nbsp;stw\u00f3rz co\u015b niesamowitego! Budowanie jest ograniczone tylko przez Twoj\u0105 wyobra\u017ani\u0119 i&nbsp;stan konta bankowego&#8230; Kontroluj wi\u0119c&nbsp;swoje zasoby, trzymaj si\u0119 standard\u00f3w budowlanych i&nbsp;wzno\u015b budynki, kt\u00f3re wszyscy pokochaj\u0105!<br \/>\nHOUSE BUILDER &#8211; G\u0141\u00d3WNE CECHY:<br \/>\nAby zbudowa\u0107 dom najwy\u017cszej klasy, zacznij od wyboru idealnej lokalizacji. Mo\u017cesz wybra\u0107 ka\u017cde miejsce na \u015bwiecie! Gor\u0105ca Afryka, mro\u017ana Syberia, czy tropikalna Puszcza Amazo\u0144ska? Wszystko zale\u017cy od Ciebie!<br \/>\nNast\u0119pnie skupmy si\u0119 na projekcie &#8211; mo\u017cesz stworzy\u0107 r\u00f3\u017cne typy budynk\u00f3w &#8211; od n\u0119dznych szopek po ekskluzywne rezydencje. B\u0119dzie to zale\u017ca\u0142o r\u00f3wnie\u017c od materia\u0142\u00f3w, kt\u00f3re wykorzystasz. Ka\u017cdy z&nbsp;nich ma inne w\u0142a\u015bciwo\u015bci. U\u017cycie niew\u0142a\u015bciwego materia\u0142u spowoduje nieprzyjemne konsekwencje. Wyka\u017c si\u0119 sprytem i&nbsp;wiedz\u0105, aby unikn\u0105\u0107 jakichkolwiek usterek w budowie. Z czasem Twoje umiej\u0119tno\u015bci b\u0119d\u0105 lepsze, a&nbsp;budynki bardziej zaawansowane. Nabywcy b\u0119d\u0105 zachwyceni!<br \/>\nG\u0141\u00d3WNE CECHY.<br \/>\nBuduj na ca\u0142ym \u015bwiecie &#8211; Poznaj styl architektoniczny danego regionu i&nbsp;pu\u015b\u0107 wodze fantazji!<br \/>\nPoznaj nowe technologie &#8211; Z ka\u017cdym budynkiem Twoje umiej\u0119tno\u015bci si\u0119 poprawiaj\u0105, a&nbsp;nowe technologie przyspiesz\u0105 Twoj\u0105 prac\u0119.<br \/>\nWyburzaj! &#8211; Niekt\u00f3re z&nbsp;dom\u00f3w trzeba oczy\u015bci\u0107 i&nbsp;odbudowa\u0107 od podstaw.<br \/>\nCofnij si\u0119 w czasie &#8211; podr\u00f3\u017cuj przez wiele okres\u00f3w w historii i&nbsp;spr\u00f3buj zbudowa\u0107 wszystkie ikoniczne projekty<br \/>\nZr\u00f3\u017cnicowany klimat &#8211; pal\u0105ce i&nbsp;mro\u017ane temperatury mog\u0105 by\u0107 wyzwaniem do utrzymania. B\u0105d\u017a \u015bwiadomy niebezpiecznej fauny.<br \/>\nHome Builder.<\/p>\n<p><\/p>","protected":false},"excerpt":{"rendered":"<p>Zosta\u0144 jednoosobow\u0105 ekip\u0105 budowlan\u0105 i&nbsp;buduj domy jak afryka\u0144ska chata z&nbsp;b\u0142ota albo&nbsp;nowoczesne cuda architektoniczne. Pozw\u00f3l nam zabra\u0107 Ci\u0119 w podr\u00f3\u017c do r\u00f3\u017cnych miejsc na kuli ziemskiej i&nbsp;do\u015bwiadczy\u0107 prawdziwej architektonicznej r\u00f3\u017cnorodno\u015bci. Spr\u00f3buj zbudowa\u0107 b\u0142otn\u0105 chat\u0119 w Afryce, igloo w Arktyce, dom kanadyjski, chat\u0119 z&nbsp;bali na Syberii, tradycyjny dom z&nbsp;cegie\u0142, pustak\u00f3w czy betonu i&nbsp;wiele, wiele innych&#8230; Ka\u017cdy dom [&hellip;]<\/p>\n","protected":false},"featured_media":714013,"comment_status":"closed","ping_status":"closed","template":"","meta":{"ub_ctt_via":""},"product_cat":[15],"product_tag":[218],"class_list":["post-713768","product","type-product","status-publish","has-post-thumbnail","hentry","product_cat-uncategorized","product_tag-games","platform-steam-works"],"_links":{"self":[{"href":"https:\/\/neuvee.com\/pl\/wp-json\/wp\/v2\/product\/713768","targetHints":{"allow":["GET"]}}],"collection":[{"href":"https:\/\/neuvee.com\/pl\/wp-json\/wp\/v2\/product"}],"about":[{"href":"https:\/\/neuvee.com\/pl\/wp-json\/wp\/v2\/types\/product"}],"replies":[{"embeddable":true,"href":"https:\/\/neuvee.com\/pl\/wp-json\/wp\/v2\/comments?post=713768"}],"wp:featuredmedia":[{"embeddable":true,"href":"https:\/\/neuvee.com\/pl\/wp-json\/wp\/v2\/media\/714013"}],"wp:attachment":[{"href":"https:\/\/neuvee.com\/pl\/wp-json\/wp\/v2\/media?parent=713768"}],"wp:term":[{"taxonomy":"product_cat","embeddable":true,"href":"https:\/\/neuvee.com\/pl\/wp-json\/wp\/v2\/product_cat?post=713768"},{"taxonomy":"product_tag","embeddable":true,"href":"https:\/\/neuvee.com\/pl\/wp-json\/wp\/v2\/product_tag?post=713768"}],"curies":[{"name":"wp","href":"https:\/\/api.w.org\/{rel}","templated":true}]}}