{"id":713761,"date":"2024-04-24T15:53:02","date_gmt":"2024-04-24T15:53:02","guid":{"rendered":"https:\/\/neuvee.com\/?post_type=product&#038;p=713761"},"modified":"2025-05-19T14:35:00","modified_gmt":"2025-05-19T14:35:00","slug":"frigato-shadows-of-the-caribbean","status":"publish","type":"product","link":"https:\/\/neuvee.com\/pl\/product\/frigato-shadows-of-the-caribbean\/","title":{"rendered":"FRIGATO: SHADOWS OF THE CARIBBEAN"},"content":{"rendered":"<p>Frigato: Shadows of the Caribbean to wymagaj\u0105ca gra typu stealth Real-Time Tactics osadzona w intryguj\u0105cym kr\u00f3lestwie pirat\u00f3w. <\/p>\n<p>Obejmij dow\u00f3dztwo nad zmotywowan\u0105 za\u0142og\u0105 morskich \u0142obuz\u00f3w i&nbsp;pokonaj przewa\u017caj\u0105ce si\u0142y wroga. Solidny plan i&nbsp;taktyczne my\u015blenie b\u0119d\u0105 niezb\u0119dne, ale je\u015bli wszystko zawiedzie, zawsze mo\u017cesz uciec si\u0119 do intuicji i&nbsp;improwizacji. Wyrusz w podr\u00f3\u017c przemierzaj\u0105c\u0105 Morze Karaibskie w z\u0142otym wieku piractwa. <\/p>\n<p>Przekradaj si\u0119 przez statki i&nbsp;przez porty, mistyczne wyspy i&nbsp;wiele innych ikonicznych miejsc. Poprowad\u017a swoj\u0105 dru\u017cyn\u0119 do zwyci\u0119stwa w wy\u015bcigu z&nbsp;brytyjsk\u0105 Royal Navy i&nbsp;wyrwij najcenniejszy skarb Karaib\u00f3w. Ale uwa\u017caj! Opowie\u015bci ostrzegaj\u0105 o&nbsp;staro\u017cytnej kl\u0105twie i&nbsp;potworach strzeg\u0105cych skarbu.<\/p>\n<p>Odkryj mroczn\u0105 przesz\u0142o\u015b\u0107 aspiruj\u0105cego kapitana i&nbsp;jego koleg\u00f3w z&nbsp;za\u0142ogi. Wykorzystaj zr\u00f3\u017cnicowany repertuar umiej\u0119tno\u015bci postaci, aby skutecznie pokona\u0107 swoich wrog\u00f3w. B\u0105d\u017a cichym i&nbsp;nieuchwytnym d\u017centelmenem pirackim lub&nbsp;krwio\u017cerczym morderc\u0105 torturuj\u0105cym swoje ofiary. Zwr\u00f3\u0107 jednak&nbsp;uwag\u0119 na swoj\u0105 za\u0142og\u0119, poniewa\u017c&nbsp;droga, kt\u00f3r\u0105 wybierzesz, u jednych wzbudzi szacunek, u innych za\u015b&nbsp;mo\u017ce popchn\u0105\u0107 do buntu. Przekonaj si\u0119, jak to jest by\u0107 prawdziwym pirackim kapitanem!<\/p>\n<p>&#8211; Poprowad\u017a unikaln\u0105 za\u0142og\u0119, kt\u00f3rej ka\u017cdy cz\u0142onek ma dost\u0119p do innego zestawu umiej\u0119tno\u015bci.<\/p>\n<p>&#8211; Zanurz si\u0119 w z\u0142otej erze piractwa i&nbsp;prze\u017cyj epickie przygody na Morzu Karaibskim.<\/p>\n<p>&#8211; Zbadaj morskie legendy o&nbsp;przekl\u0119tych wyspach, syrenach i&nbsp;wielu innych&#8230; <\/p>\n<p>&#8211; Wykorzystaj spryt i&nbsp;taktyk\u0119, aby pokona\u0107 przewag\u0119 liczebn\u0105 wroga.<\/p>\n<p>&#8211; Poruszaj si\u0119 jak cie\u0144 i&nbsp;nie zwracaj na siebie uwagi eliminuj\u0105c kolejnych wrog\u00f3w.<\/p>\n<p>&#8211; Graj po swojemu! Przewr\u00f3\u0107 na g\u0142owy wrog\u00f3w stos skrzy\u0144, podpal rzeczy smo\u0142\u0105 lub&nbsp;z\u0142am maszt na p\u00f3\u0142, by zyska\u0107 przewag\u0119.<\/p>\n<p>&#8211; Wybierz pomi\u0119dzy nie\u015bmierciono\u015bnymi i&nbsp;morderczymi stylami gry.<\/p>\n<p><\/p>","protected":false},"excerpt":{"rendered":"<p>Frigato: Shadows of the Caribbean to wymagaj\u0105ca gra typu stealth Real-Time Tactics osadzona w intryguj\u0105cym kr\u00f3lestwie pirat\u00f3w. Obejmij dow\u00f3dztwo nad zmotywowan\u0105 za\u0142og\u0105 morskich \u0142obuz\u00f3w i&nbsp;pokonaj przewa\u017caj\u0105ce si\u0142y wroga. Solidny plan i&nbsp;taktyczne my\u015blenie b\u0119d\u0105 niezb\u0119dne, ale je\u015bli wszystko zawiedzie, zawsze mo\u017cesz uciec si\u0119 do intuicji i&nbsp;improwizacji. Wyrusz w podr\u00f3\u017c przemierzaj\u0105c\u0105 Morze Karaibskie w z\u0142otym wieku piractwa. [&hellip;]<\/p>\n","protected":false},"featured_media":713996,"comment_status":"closed","ping_status":"closed","template":"","meta":{"ub_ctt_via":""},"product_cat":[88,127,221,222],"product_tag":[218],"class_list":["post-713761","product","type-product","status-publish","has-post-thumbnail","hentry","product_cat-action","product_cat-adventure","product_cat-indie","product_cat-strategy","product_tag-games","platform-steam-works"],"_links":{"self":[{"href":"https:\/\/neuvee.com\/pl\/wp-json\/wp\/v2\/product\/713761","targetHints":{"allow":["GET"]}}],"collection":[{"href":"https:\/\/neuvee.com\/pl\/wp-json\/wp\/v2\/product"}],"about":[{"href":"https:\/\/neuvee.com\/pl\/wp-json\/wp\/v2\/types\/product"}],"replies":[{"embeddable":true,"href":"https:\/\/neuvee.com\/pl\/wp-json\/wp\/v2\/comments?post=713761"}],"wp:featuredmedia":[{"embeddable":true,"href":"https:\/\/neuvee.com\/pl\/wp-json\/wp\/v2\/media\/713996"}],"wp:attachment":[{"href":"https:\/\/neuvee.com\/pl\/wp-json\/wp\/v2\/media?parent=713761"}],"wp:term":[{"taxonomy":"product_cat","embeddable":true,"href":"https:\/\/neuvee.com\/pl\/wp-json\/wp\/v2\/product_cat?post=713761"},{"taxonomy":"product_tag","embeddable":true,"href":"https:\/\/neuvee.com\/pl\/wp-json\/wp\/v2\/product_tag?post=713761"}],"curies":[{"name":"wp","href":"https:\/\/api.w.org\/{rel}","templated":true}]}}