{"id":713760,"date":"2024-04-24T15:52:42","date_gmt":"2024-04-24T15:52:42","guid":{"rendered":"https:\/\/neuvee.com\/?post_type=product&#038;p=713760"},"modified":"2025-05-19T13:48:36","modified_gmt":"2025-05-19T13:48:36","slug":"forest-ranger-simulator-early-access","status":"publish","type":"product","link":"https:\/\/neuvee.com\/pl\/product\/forest-ranger-simulator-early-access\/","title":{"rendered":"FOREST RANGER SIMULATOR &#8211; EARLY ACCESS"},"content":{"rendered":"<p>Zadbaj o&nbsp;zapomniany skarb natury. Buduj, craftuj, dokarmiaj, sprz\u0105taj i&nbsp;zarz\u0105dzaj swoim lasem w Forest Ranger Simulator. Zapewnij mu d\u0142ugotrwa\u0142e pi\u0119kno i&nbsp;zosta\u0144 nieskazitelnym Stra\u017cnikiem Lasu!<\/p>\n<p>CO MO\u017bNA ROBI\u0106 W FOREST RANGER SIMULATOR<\/p>\n<p>\u2692\ufe0f Budowanie i&nbsp;naprawa &#8211; siedziska, \u0142awki, pa\u015bniki, mosty i&nbsp;inne<br \/>\n\ud83e\uddf0 Craftowanie &#8211; stw\u00f3rz co\u015b u\u017cytecznego z&nbsp;nieprzydatnych przedmiot\u00f3w<br \/>\n\ud83d\udcda Nauka &#8211; czytaj i&nbsp;poznawaj prawdziw\u0105 przyrod\u0119 w swoim notatniku<br \/>\n\ud83d\udc26 Karmienie &#8211; g\u0142odne zwierz\u0119ta, takie jak kaczki czy ptaki, trzeba nakarmi\u0107<br \/>\n\u2b50 Odblokowuj przedmioty i&nbsp;odznaki &#8211; post\u0119puj w grze, aby odblokowa\u0107 nowe przedmioty i&nbsp;otrzyma\u0107 nagrody<br \/>\n\ud83c\udfc3\u200d\u2642\ufe0f Zwiedzaj &#8211; spaceruj, biegaj, je\u017adzij i&nbsp;ogl\u0105daj pi\u0119kn\u0105 natur\u0119 w dzie\u0144 i&nbsp;w nocy<br \/>\n\ud83d\uddd1\ufe0f Sortuj i&nbsp;sprz\u0105taj &#8211; pom\u00f3\u017c lasowi i&nbsp;oczy\u015b\u0107 go ze \u015bmieci, wiele r\u00f3\u017cnych \u015bmieci wymaga sortowania.<br \/>\n\ud83d\udcb0 Kupuj i&nbsp;sprzedawaj &#8211; korzystaj ze sklepu internetowego, aby zarobi\u0107 troch\u0119 $.<br \/>\n\ud83e\ude93 Zbieraj &#8211; grzyby, chrust, drewno, mi\u00f3d i&nbsp;wiele innych.<br \/>\n\ud83c\udf32 Dbaj o&nbsp;las &#8211; ga\u015b po\u017cary, pozbywaj si\u0119 pu\u0142apek i&nbsp;nie tylko<\/p>\n<p>R\u00d3BTA CO CHCETA &#8211; to piaskownica, baw si\u0119 jak lubisz!<\/p>\n<p>QUESTY<\/p>\n<p>Stra\u017cnik lasu ma zawsze pe\u0142ne r\u0119ce roboty. Liczba i&nbsp;r\u00f3\u017cnorodno\u015b\u0107 quest\u00f3w nie pozwol\u0105 si\u0119 nikomu nudzi\u0107. Jedne zadania mo\u017cesz wykona\u0107 bez po\u015bpiechu, w innych trzeba b\u0119dzie troszk\u0119 pobiega\u0107. Niekt\u00f3re b\u0119d\u0105 wymaga\u0142y u\u017cycia samochodu. Nie chcemy zdradza\u0107 za wiele. Przekonaj si\u0119 sam.<\/p>\n<p>CRAFTOWANIE<\/p>\n<p>Czym jest crafting w Forest Ranger Simulator? To tworzenie u\u017cytecznych rzeczy z&nbsp;dos\u0142ownie tego co si\u0119 znajdzie. Czasami z&nbsp;pewno\u015bci\u0105 poczujesz si\u0119 jak MacGyver.<\/p>\n<p>ZBIERANIE<\/p>\n<p>Aby co\u015b stworzy\u0107 trzeba najpierw zburzy\u0107. Dok\u0142adnie to musimy pozyska\u0107 materia\u0142y do budowy i&nbsp;craftingu. Aby zbudowa\u0107 st\u00f3\u0142 b\u0119dziemy potrzebowali drewna. Ponadto w lesie mo\u017cemy znale\u017a\u0107 wiele innych cennych rzeczy jak np. grzyby.<\/p>\n<p>NAUKA<\/p>\n<p>Forest Ranger Simulator to gra, jednak\u017ce chcieli\u015bmy zawrze\u0107 w grze jak najwi\u0119cej cennych informacji z&nbsp;prawdziwego \u017cycia. Dzi\u0119ki notatnikowi dowiesz si\u0119 wiele o&nbsp;pracy Forest Rangera, znajdziesz tak\u017ce wiele ciekawostek odno\u015bnie las\u00f3w, chocia\u017cby informacje o&nbsp;grzybach. Uczy\u0107 si\u0119 przez zabaw\u0119. Nazwa simulator zobowi\u0105zuje.<\/p>\n<p>WARSZTAT<\/p>\n<p>St\u00f3\u0142 do pracy. Nie ma to jak mie\u0107 wszystko pod r\u0119k\u0105. Pi\u0142a, obc\u0119gi, m\u0142otekj, p\u0119dzel&#8230; i&nbsp;wiele wi\u0119cej narz\u0119dzi przygotowanych do pracy. Mo\u017ce warto zbudowa\u0107 karmnik dla ptak\u00f3w?<\/p>\n<p>DZIE\u0143 I NOC<\/p>\n<p>Zaw\u00f3d Forest Rangera to nie praca od 8:00 do 16:00. Tutaj musisz czuwa\u0107 dzie\u0144 i&nbsp;w nocy. Pamieta\u0107 trzeba, \u017ce noc jest ciemna, a&nbsp;jedynym \u015bwiat\u0142em jest blask ksi\u0119\u017cyca i&nbsp;twojej latarki. Ogl\u0105danie zachodu s\u0142o\u0144ca czy pi\u0119kna ksi\u0119\u017cyca&#8230; bezcenne.<\/p>\n<p>SPRZ\u0104TANIE<\/p>\n<p>Lasy, to nie tylko drzewa, li\u015bcie i&nbsp;zwierz\u0119ta, to tona \u015bmieci pozostawiona przez ludzi. Znajdziesz tutaj ponad 150 r\u00f3\u017cnych \u015bmieci. Czasami b\u0119dziesz zaskoczony co mo\u017cna znale\u015b\u0107 w lesie. Pami\u0119taj, \u017ce wszystko trzeba posortowa\u0107. Masz do tego specjalne kosze na \u015bmieci. W sprz\u0105taniu pomocne b\u0119d\u0105 niekt\u00f3re umiej\u0119tno\u015bci jak i&nbsp;du\u017ce worki na \u015bmieci.<\/p>\n<p>NAG\u0141E WYPADKI<\/p>\n<p>Forest Ranger musi by\u0107 zawsze czujny. Musisz obserwowa\u0107 co si\u0119 dzieje w Twoim lesie i&nbsp;szybko interweniowa\u0107 w zwi\u0105zku z&nbsp;zagro\u017ceniem. Mo\u017ce to tl\u0105cy si\u0119 ogie\u0144, a&nbsp;mo\u017ce k\u0142usownicy zn\u00f3w rozstawili wnyki.<br \/>\nPomimo tego, \u017ce nie uda\u0142o nam si\u0119 zebra\u0107 wystarczaj\u0105cej ilo\u015bci pieni\u0119dzy na Kickstarterze, ci\u0119\u017cko pracowali\u015bmy, aby mimo wszystko mechaniki i&nbsp;funkcje przedstawione nawet na wy\u017cszych tierach mog\u0142y znale\u017a\u0107 si\u0119 w grze. Wszystkie znajdziecie ju\u017c w wydaniu Early Access gry. B\u0119d\u0105 one oczywi\u015bcie dalej rozwijane.<\/p>\n<p>Tryby piaskownicy i&nbsp;fabu\u0142y<\/p>\n<p>Od Ciebie zale\u017cy, w jaki spos\u00f3b przyczynisz si\u0119 do ratowania las\u00f3w. Wykonuj zadania, poznaj kolejne etapy gry i&nbsp;poznaj wiele ciekawostek z&nbsp;\u017cycia Le\u015bnika i&nbsp;samej przyrody w trybie quest\/story. W trybie piaskownicy jeste\u015b wolny jak ptak. R\u00f3b co chcesz. Mo\u017cesz stworzy\u0107 Statu\u0119 Wolno\u015bci ze \u015bmieci, je\u015bli jeste\u015b wystarczaj\u0105co zr\u0119czny i&nbsp;cierpliwy!<\/p>\n<p>Nie jeste\u015b Kapitanem Planet\u0105<\/p>\n<p>Nie patrz w g\u00f3r\u0119! Problem jest bli\u017cej ni\u017c my\u015blisz. Dolina, w kt\u00f3rej mieszkasz, jest ca\u0142kowicie pokryta \u015bmieciami. Przykucnij, chwy\u0107 pojemnik na \u015bmieci i&nbsp;podejmij wyzwanie w swojej okolicy. Szukaj ich, znajd\u017a, chwytaj, sortuj i&nbsp;pozb\u0105d\u017a si\u0119 ich raz na zawsze. Zwr\u00f3\u0107 uwag\u0119 na ograniczenia swojego cia\u0142a &#8211; je\u015bli zbierzesz za du\u017co, mo\u017cesz mie\u0107 trudno\u015bci z&nbsp;zabraniem go do domu. Wi\u0119c najpierw zaplanuj to m\u0105drze, a&nbsp;potem mo\u017ce nowy zestaw k\u00f3\u0142 ci pomo\u017ce.<\/p>\n<p>Ucz si\u0119 by\u0107 pro-eco<\/p>\n<p>W grze jest ponad 150 r\u00f3\u017cnych \u015bmieci. Dowiedz si\u0119, jak je sortowa\u0107. Czasami w \u015bmieciach mo\u017cna znale\u017a\u0107 prawdziwy skarb &#8211; naprawd\u0119 rzadki i&nbsp;cenny przedmiot. Co z&nbsp;nimi zrobi\u0107? Jedn\u0105 z&nbsp;opcji jest sprzedanie go na rynku i&nbsp;zamiast tego zakup nowych narz\u0119dzi, eleganckich mebli do swojego mieszkania, a&nbsp;nawet zakup w\u0142asnego samochodu, aby zwi\u0119kszy\u0107 skal\u0119 dzia\u0142alno\u015bci! Nie martw si\u0119, je\u015bli naprawd\u0119 podoba ci si\u0119 co\u015b, co znalaz\u0142e\u015b, po prostu to zatrzymaj i&nbsp;u\u017cyj do dekoracji domu. Wszystko zale\u017cy od Ciebie!<\/p>\n<p>R\u00f3b albo&nbsp;nie r\u00f3b, nie ma pr\u00f3bowania!<\/p>\n<p>Twoim zadaniem jako le\u015bniczego b\u0119dzie dbanie o&nbsp;las. Plag\u0105 dzisiejszych czas\u00f3w s\u0105 \u015bmieci. Lasy s\u0105 zalane \u015bmieciami! Najpierw musisz ich poszuka\u0107 i&nbsp;rozpozna\u0107, jaki to rodzaj \u015bmieci. Tak jak w prawdziwym \u017cyciu w dzisiejszych czasach nie mo\u017cna ich wszystkich wrzuci\u0107 do jednego kosza. Dok\u0142adne sortowanie mo\u017ce by\u0107 op\u0142acalne, poniewa\u017c&nbsp;niekt\u00f3re \u015bmieci nie s\u0105 tak naprawd\u0119 \u015bmieciami, poniewa\u017c&nbsp;mo\u017cna je sprzeda\u0107 online za kilka dolar\u00f3w. Dobry le\u015bniczy musi dba\u0107 o&nbsp;zwierz\u0119ta \u017cyj\u0105ce w lesie. Daj troch\u0119 jedzenia g\u0142odnym ptakom, zbuduj karmnik dla ptak\u00f3w i&nbsp;usu\u0144 pu\u0142apki pozostawione przez k\u0142usownik\u00f3w.<\/p>\n<p>Buduj pasieki w lesie, kupuj i&nbsp;buduj budki dla ptak\u00f3w oraz&nbsp;naprawiaj ule. Nie zapomnij dba\u0107 o&nbsp;zwierz\u0119ta i&nbsp;usuwa\u0107 pu\u0142apki na zwierz\u0119ta, upewnij si\u0119, \u017ce zapobiegasz po\u017carom i&nbsp;r\u00f3b wi\u0119cej, o&nbsp;wiele wi\u0119cej.<\/p>\n<p>Symulacja \u017cycia <\/p>\n<p>Odkryj unikaln\u0105 w grze, ale znan\u0105 w \u017cyciu mechanik\u0119 sortowania \u015bmieci, odpowiednie r\u00f3\u017cnice mi\u0119dzy dniem a&nbsp;noc\u0105, gdzie noc oznacza naprawd\u0119 ciemno\u015b\u0107, specjalne wci\u0105gaj\u0105ce podnoszenie i&nbsp;przenoszenie przedmiot\u00f3w. Niebo jest pod naszymi stopami i&nbsp;nad naszymi g\u0142owami. Eksploruj lasy, odkrywaj i&nbsp;poznawaj ro\u015bliny, zio\u0142a i&nbsp;grzyby. Spotykaj i&nbsp;obserwuj zwierz\u0119ta. Staraj si\u0119 nie zgubi\u0107 po zachodzie s\u0142o\u0144ca, doce\u0144 odbicia wschodu s\u0142o\u0144ca. Zwolnij i&nbsp;zrelaksuj si\u0119.<\/p>\n<p><\/p>","protected":false},"excerpt":{"rendered":"<p>Zadbaj o&nbsp;zapomniany skarb natury. Buduj, craftuj, dokarmiaj, sprz\u0105taj i&nbsp;zarz\u0105dzaj swoim lasem w Forest Ranger Simulator. Zapewnij mu d\u0142ugotrwa\u0142e pi\u0119kno i&nbsp;zosta\u0144 nieskazitelnym Stra\u017cnikiem Lasu! CO MO\u017bNA ROBI\u0106 W FOREST RANGER SIMULATOR \u2692\ufe0f Budowanie i&nbsp;naprawa &#8211; siedziska, \u0142awki, pa\u015bniki, mosty i&nbsp;inne \ud83e\uddf0 Craftowanie &#8211; stw\u00f3rz co\u015b u\u017cytecznego z&nbsp;nieprzydatnych przedmiot\u00f3w \ud83d\udcda Nauka &#8211; czytaj i&nbsp;poznawaj prawdziw\u0105 przyrod\u0119 w [&hellip;]<\/p>\n","protected":false},"featured_media":714058,"comment_status":"closed","ping_status":"closed","template":"","meta":{"ub_ctt_via":""},"product_cat":[229,88,127,223,221,78],"product_tag":[218],"class_list":["post-713760","product","type-product","status-publish","has-post-thumbnail","hentry","product_cat-early-access","product_cat-action","product_cat-adventure","product_cat-casual","product_cat-indie","product_cat-simulation","product_tag-games","platform-steam-works"],"_links":{"self":[{"href":"https:\/\/neuvee.com\/pl\/wp-json\/wp\/v2\/product\/713760","targetHints":{"allow":["GET"]}}],"collection":[{"href":"https:\/\/neuvee.com\/pl\/wp-json\/wp\/v2\/product"}],"about":[{"href":"https:\/\/neuvee.com\/pl\/wp-json\/wp\/v2\/types\/product"}],"replies":[{"embeddable":true,"href":"https:\/\/neuvee.com\/pl\/wp-json\/wp\/v2\/comments?post=713760"}],"wp:featuredmedia":[{"embeddable":true,"href":"https:\/\/neuvee.com\/pl\/wp-json\/wp\/v2\/media\/714058"}],"wp:attachment":[{"href":"https:\/\/neuvee.com\/pl\/wp-json\/wp\/v2\/media?parent=713760"}],"wp:term":[{"taxonomy":"product_cat","embeddable":true,"href":"https:\/\/neuvee.com\/pl\/wp-json\/wp\/v2\/product_cat?post=713760"},{"taxonomy":"product_tag","embeddable":true,"href":"https:\/\/neuvee.com\/pl\/wp-json\/wp\/v2\/product_tag?post=713760"}],"curies":[{"name":"wp","href":"https:\/\/api.w.org\/{rel}","templated":true}]}}