{"id":713759,"date":"2024-04-24T15:52:12","date_gmt":"2024-04-24T15:52:12","guid":{"rendered":"https:\/\/neuvee.com\/?post_type=product&#038;p=713759"},"modified":"2025-05-19T14:09:48","modified_gmt":"2025-05-19T14:09:48","slug":"farming-simulator-22-farm-production-pack-pre-order","status":"publish","type":"product","link":"https:\/\/neuvee.com\/pl\/product\/farming-simulator-22-farm-production-pack-pre-order\/","title":{"rendered":"FARMING SIMULATOR 22 &#8211; FARM PRODUCTION PACK &#8211; PRE ORDER"},"content":{"rendered":"<p>Rozszerzona ekonomia, zwi\u0119kszona produkcja i&nbsp;promowanie ekologicznego rozwoju w pakiecie Farm Production Pack. Ten dodatek, zawieraj\u0105cy ponad 20 nowych element\u00f3w dla Farming Simulator 22, wprowadza nowe punkty sprzeda\u017cy, sprz\u0119t produkcyjny, opcje magazynowania, ekologiczne generatory zasilania i&nbsp;nie tylko. Nowoczesne centrum dystrybucji i&nbsp;targi to nowe logistyczne rozwi\u0105zania podczas rozgrywki, skupiaj\u0105ce si\u0119 na popycie i&nbsp;poda\u017cy.<\/p>\n<p>Zorganizuj w\u0142asne centrum dystrybucji i&nbsp;zarz\u0105dzaj nim!<\/p>\n<p>Czeka na ciebie 4000 metr\u00f3w kwadratowych z&nbsp;wytrzyma\u0142ymi p\u00f3\u0142kami. U\u017cywaj bezpiecznie w\u00f3zk\u00f3w wid\u0142owych i&nbsp;zarz\u0105dzaj dystrybucj\u0105 dostarczanych palet, stosuj\u0105c sprytn\u0105 logistyk\u0119 opart\u0105 na dynamicznych zapotrzebowaniach rynku. Wykorzystaj dost\u0119pn\u0105 przestrze\u0144 obiektu oraz&nbsp;wiele szop i&nbsp;silos\u00f3w z&nbsp;mo\u017cliwo\u015bci\u0105 dostosowania do przechowywania produkt\u00f3w luzem, pojazd\u00f3w i&nbsp;narz\u0119dzi. Warsztat pojazd\u00f3w z&nbsp;gara\u017cem umo\u017cliwia napraw\u0119 w\u0142asnych maszyn.<\/p>\n<p>Rozszerzona ekonomia i&nbsp;codzienny popyt<\/p>\n<p>Dynamicznie zmieniaj\u0105ce si\u0119 ceny i&nbsp;codzienny popyt podnosz\u0105 lukratywno\u015b\u0107 szybkich dostaw. Podejmiesz si\u0119 wype\u0142niania kontrakt\u00f3w logistycznych dla nowych punkt\u00f3w sprzeda\u017cy: sklep rolniczy sprzedaje zasoby rolnicze i&nbsp;wymaga d\u00f3br niespo\u017cywczych; supermarket wymaga przetworzonej \u017cywno\u015bci, a&nbsp;automaty sprzedaj\u0105ce oraz&nbsp;stoiska na targu potrzebuj\u0105 \u015bwie\u017cych produkt\u00f3w.<\/p>\n<p>Mycie plon\u00f3w i&nbsp;paneli s\u0142onecznych<\/p>\n<p>Zwi\u0119ksz dochody, wydajno\u015b\u0107 i&nbsp;ekologiczno\u015b\u0107 dzi\u0119ki nowemu stacjonarnemu wyposa\u017ceniu: Lely Sphere to cyrkularny system do obr\u00f3bki obornika, rozstawiany obok zagr\u00f3d zwierz\u0105t i&nbsp;wytwarzaj\u0105cy p\u0142ynny naw\u00f3z z&nbsp;po\u0142\u0105czenia amoniaku pochodzenia zwierz\u0119cego oraz&nbsp;kwasu siarkowego ze sklepu rolniczego. Maszyna Cleaner Tiger marki VDW czy\u015bci i&nbsp;tnie buraki cukrowe po oddzieleniu ich od kamyk\u00f3w. B\u0119ben myj\u0105cy czy\u015bci r\u00f3\u017cne plony, co pozwala sprzedawa\u0107 je po wy\u017cszych cenach. Turbiny wiatrowe i&nbsp;panele s\u0142oneczne daj\u0105 dodatkowe dochody, ale trzeba je czy\u015bci\u0107 za pomoc\u0105 zdalnie sterowanego robota.<\/p>\n<p><\/p>","protected":false},"excerpt":{"rendered":"<p>Rozszerzona ekonomia, zwi\u0119kszona produkcja i&nbsp;promowanie ekologicznego rozwoju w pakiecie Farm Production Pack. Ten dodatek, zawieraj\u0105cy ponad 20 nowych element\u00f3w dla Farming Simulator 22, wprowadza nowe punkty sprzeda\u017cy, sprz\u0119t produkcyjny, opcje magazynowania, ekologiczne generatory zasilania i&nbsp;nie tylko. Nowoczesne centrum dystrybucji i&nbsp;targi to nowe logistyczne rozwi\u0105zania podczas rozgrywki, skupiaj\u0105ce si\u0119 na popycie i&nbsp;poda\u017cy. Zorganizuj w\u0142asne centrum dystrybucji [&hellip;]<\/p>\n","protected":false},"featured_media":714089,"comment_status":"closed","ping_status":"closed","template":"","meta":{"ub_ctt_via":""},"product_cat":[78],"product_tag":[218],"class_list":["post-713759","product","type-product","status-publish","has-post-thumbnail","hentry","product_cat-simulation","product_tag-games","platform-steam-works"],"_links":{"self":[{"href":"https:\/\/neuvee.com\/pl\/wp-json\/wp\/v2\/product\/713759","targetHints":{"allow":["GET"]}}],"collection":[{"href":"https:\/\/neuvee.com\/pl\/wp-json\/wp\/v2\/product"}],"about":[{"href":"https:\/\/neuvee.com\/pl\/wp-json\/wp\/v2\/types\/product"}],"replies":[{"embeddable":true,"href":"https:\/\/neuvee.com\/pl\/wp-json\/wp\/v2\/comments?post=713759"}],"wp:featuredmedia":[{"embeddable":true,"href":"https:\/\/neuvee.com\/pl\/wp-json\/wp\/v2\/media\/714089"}],"wp:attachment":[{"href":"https:\/\/neuvee.com\/pl\/wp-json\/wp\/v2\/media?parent=713759"}],"wp:term":[{"taxonomy":"product_cat","embeddable":true,"href":"https:\/\/neuvee.com\/pl\/wp-json\/wp\/v2\/product_cat?post=713759"},{"taxonomy":"product_tag","embeddable":true,"href":"https:\/\/neuvee.com\/pl\/wp-json\/wp\/v2\/product_tag?post=713759"}],"curies":[{"name":"wp","href":"https:\/\/api.w.org\/{rel}","templated":true}]}}