{"id":713758,"date":"2024-04-24T15:51:47","date_gmt":"2024-04-24T15:51:47","guid":{"rendered":"https:\/\/neuvee.com\/?post_type=product&#038;p=713758"},"modified":"2025-05-19T14:04:56","modified_gmt":"2025-05-19T14:04:56","slug":"farmers-life","status":"publish","type":"product","link":"https:\/\/neuvee.com\/pl\/product\/farmers-life\/","title":{"rendered":"FARMER&#8217;S LIFE"},"content":{"rendered":"<p>\ud83c\udf3e \u201eFarmer&#8217;s Life\u201d \u2013 uwolnij ukrytego w sobie rolnika! \ud83d\ude9c<\/p>\n<p>Zanurz si\u0119 w rustykalnym uroku wiejskiego \u017cycia w \u201eFarmer&#8217;s Life\u201d, gdzie do\u015bwiadczysz rado\u015bci i&nbsp;wyzwa\u0144 \u017cycia na t\u0119tni\u0105cym \u017cyciem gospodarstwie. Sad\u017a, rozwijaj i&nbsp;obejmuj kraj \u017cyj\u0105cy w rozleg\u0142ym, otwartym \u015bwiecie. Ty decydujesz, tworzysz i&nbsp;wybierasz spo\u015br\u00f3d r\u00f3\u017cnorodnych mechanizm\u00f3w i&nbsp;niesko\u0144czonych mo\u017cliwo\u015bci.<\/p>\n<p>\ud83d\udc37 Opieka nad r\u00f3\u017cnymi zwierz\u0119tami: Twoje obowi\u0105zki obejmuj\u0105 kurczaki, \u015bwinie, kozy, owce, krowy, a&nbsp;nawet majestatyczne konie. Piel\u0119gnuj je, a&nbsp;zapewni\u0105 ci cenne zasoby.<br \/>\n\ud83c\udf3e \u017bycie na farmie czeka: zakasaj r\u0119kawy i&nbsp;ubrud\u017a sobie r\u0119ce, oraj\u0105c, sadz\u0105c i&nbsp;zbieraj\u0105c plony, aby utrzyma\u0107 gospodarstwo i&nbsp;\u017ar\u00f3d\u0142a utrzymania.<br \/>\n\ud83d\udee0\ufe0f Zbuduj farm\u0119 swoich marze\u0144: konstruuj wszystko, od przytulnych dom\u00f3w po solidne p\u0142oty, bramy, szopy i&nbsp;nie tylko. Kszta\u0142tuj swoj\u0105 farm\u0119 zgodnie z&nbsp;pragnieniami swojego serca.<br \/>\n\ud83c\udf72 Czekaj\u0105 kulinarne przygody: odkryj sztuk\u0119 gotowania, przygotowuj\u0105c szerok\u0105 gam\u0119 pysznych i&nbsp;przydatnych posi\u0142k\u00f3w, korzystaj\u0105c ze sk\u0142adnik\u00f3w z&nbsp;Twojego gospodarstwa.<br \/>\n\ud83c\udff9 Poluj dla emocji: podejmij wyzwanie polowania na lisy, dziki, jelenie, a&nbsp;nawet nied\u017awiedzie. Zamie\u0144 swoje udane polowania na trofea i&nbsp;futra.<br \/>\n\ud83e\ude93 Zbieraj bogactwa natury: Wyrusz w dzicz, aby zbiera\u0107 drewno, maliny, jagody, grzyby, jajka i&nbsp;mi\u00f3d z&nbsp;uli.<br \/>\n\ud83c\udf7e Tw\u00f3rz, kupuj, sprzedawaj i&nbsp;pij alkohol: zosta\u0144 mistrzem destylarni, warz\u0105c i&nbsp;sprzedaj\u0105c w\u0142asne napoje alkoholowe. Nie zapomnij cieszy\u0107 si\u0119 owocami swojej pracy!<br \/>\n\ud83d\udc70 Znajd\u017a mi\u0142o\u015b\u0107 i&nbsp;towarzystwo: do\u015bwiadcz rado\u015bci \u017cycia ma\u0142\u017ce\u0144skiego wraz z&nbsp;ceremoni\u0105 \u015blubn\u0105 i&nbsp;wspieraj\u0105cym ma\u0142\u017conkiem, kt\u00f3ry b\u0119dzie dzieli\u0142 twoj\u0105 podr\u00f3\u017c.<br \/>\n\ud83d\udcb0 Handel na rzecz dobrobytu: wejd\u017a na t\u0119tni\u0105cy \u017cyciem rynek handlu, na kt\u00f3rym mo\u017cesz kupowa\u0107 i&nbsp;sprzedawa\u0107 przedmioty, aby budowa\u0107 swoje bogactwo i&nbsp;rozwija\u0107 swoj\u0105 farm\u0119.<br \/>\n\ud83d\udcac Czekaj\u0105 na Ciebie epickie zadania: podejmij si\u0119 licznymi zadaniami, kt\u00f3re wci\u0105gn\u0105 Ci\u0119 na d\u0142ugie godziny, rzucaj\u0105c wyzwanie Twoim umiej\u0119tno\u015bciom i&nbsp;zdolno\u015bciom podejmowania decyzji.<br \/>\n\ud83d\udc0e Wybierz spos\u00f3b podr\u00f3\u017cowania: poruszaj si\u0119 po farmie ze stylem. Niezale\u017cnie od tego, czy wolisz rower, w\u00f3z konny, traktor czy motocykl, masz opcje!<br \/>\n\ud83c\udf0e Nieograniczona swoboda: ciesz si\u0119 do\u015bwiadczeniem w piaskownicy, w kt\u00f3rym masz swobod\u0119 decydowania, co chcesz robi\u0107 i&nbsp;jak chcesz prowadzi\u0107 swoj\u0105 farm\u0119.<br \/>\n\ud83c\udf31 Dynamiczne pory roku: dostosuj si\u0119 do ci\u0105gle zmieniaj\u0105cych si\u0119 p\u00f3r roku, w kt\u00f3rych wybory i&nbsp;strategie dotycz\u0105ce upraw maj\u0105 znaczenie przez ca\u0142y rok.<br \/>\n\ud83d\ude9c Opanuj wyj\u0105tkowe maszyny: przejmij kontrol\u0119 nad r\u00f3\u017cnymi unikalnymi maszynami rolniczymi, od kosiarek po p\u0142ugi, siewniki, koparki, rozrzutniki i&nbsp;nie tylko.<br \/>\n\ud83d\udca3 Ma\u0142y chaos: wypu\u015b\u0107 troch\u0119 pary, oddaj\u0105c si\u0119 zabawom, takim jak jazda na \u015bwini i&nbsp;powodowanie nieszkodliwego chaosu.<br \/>\n\ud83d\uddfa\ufe0f Poznaj bogaty \u015bwiat: odkryj ukryte skarby i&nbsp;tajemnice podczas eksploracji bunkr\u00f3w, zrujnowanych dom\u00f3w, starego ko\u015bcio\u0142a, p\u00f3l minowych, staw\u00f3w i&nbsp;kr\u0119tych rzek.<\/p>\n<p>\u201eFarmer&#8217;s Life\u201d to nie tylko gra; to wci\u0105gaj\u0105ca przygoda rolnicza, w kt\u00f3rej Twoje wybory kszta\u0142tuj\u0105 Twoje przeznaczenie. Odkryj rado\u015b\u0107 \u017cycia na wsi i&nbsp;zanurz si\u0119 w \u015bwiecie niesko\u0144czonych mo\u017cliwo\u015bci. Czy potrafisz zbudowa\u0107 imperium rolne od podstaw?<\/p>\n<p><\/p>","protected":false},"excerpt":{"rendered":"<p>\ud83c\udf3e \u201eFarmer&#8217;s Life\u201d \u2013 uwolnij ukrytego w sobie rolnika! \ud83d\ude9c Zanurz si\u0119 w rustykalnym uroku wiejskiego \u017cycia w \u201eFarmer&#8217;s Life\u201d, gdzie do\u015bwiadczysz rado\u015bci i&nbsp;wyzwa\u0144 \u017cycia na t\u0119tni\u0105cym \u017cyciem gospodarstwie. Sad\u017a, rozwijaj i&nbsp;obejmuj kraj \u017cyj\u0105cy w rozleg\u0142ym, otwartym \u015bwiecie. Ty decydujesz, tworzysz i&nbsp;wybierasz spo\u015br\u00f3d r\u00f3\u017cnorodnych mechanizm\u00f3w i&nbsp;niesko\u0144czonych mo\u017cliwo\u015bci. \ud83d\udc37 Opieka nad r\u00f3\u017cnymi zwierz\u0119tami: Twoje obowi\u0105zki obejmuj\u0105 [&hellip;]<\/p>\n","protected":false},"featured_media":713864,"comment_status":"closed","ping_status":"closed","template":"","meta":{"ub_ctt_via":""},"product_cat":[88,127,223,221,89,78],"product_tag":[218],"class_list":["post-713758","product","type-product","status-publish","has-post-thumbnail","hentry","product_cat-action","product_cat-adventure","product_cat-casual","product_cat-indie","product_cat-rpg","product_cat-simulation","product_tag-games","platform-steam-works"],"_links":{"self":[{"href":"https:\/\/neuvee.com\/pl\/wp-json\/wp\/v2\/product\/713758","targetHints":{"allow":["GET"]}}],"collection":[{"href":"https:\/\/neuvee.com\/pl\/wp-json\/wp\/v2\/product"}],"about":[{"href":"https:\/\/neuvee.com\/pl\/wp-json\/wp\/v2\/types\/product"}],"replies":[{"embeddable":true,"href":"https:\/\/neuvee.com\/pl\/wp-json\/wp\/v2\/comments?post=713758"}],"wp:featuredmedia":[{"embeddable":true,"href":"https:\/\/neuvee.com\/pl\/wp-json\/wp\/v2\/media\/713864"}],"wp:attachment":[{"href":"https:\/\/neuvee.com\/pl\/wp-json\/wp\/v2\/media?parent=713758"}],"wp:term":[{"taxonomy":"product_cat","embeddable":true,"href":"https:\/\/neuvee.com\/pl\/wp-json\/wp\/v2\/product_cat?post=713758"},{"taxonomy":"product_tag","embeddable":true,"href":"https:\/\/neuvee.com\/pl\/wp-json\/wp\/v2\/product_tag?post=713758"}],"curies":[{"name":"wp","href":"https:\/\/api.w.org\/{rel}","templated":true}]}}