{"id":713757,"date":"2024-04-24T15:51:22","date_gmt":"2024-04-24T15:51:22","guid":{"rendered":"https:\/\/neuvee.com\/?post_type=product&#038;p=713757"},"modified":"2025-05-19T13:50:22","modified_gmt":"2025-05-19T13:50:22","slug":"farmers-father-save-the-innocence","status":"publish","type":"product","link":"https:\/\/neuvee.com\/pl\/product\/farmers-father-save-the-innocence\/","title":{"rendered":"FARMER&#8217;S FATHER: SAVE THE INNOCENCE"},"content":{"rendered":"<p>\u201ePierwsz\u0105 ofiar\u0105 wojny jest niewinno\u015b\u0107\u201d<\/p>\n<p>Wojna rodzi bohater\u00f3w, o&nbsp;kt\u00f3rych nigdy nie s\u0142ysza\u0142e\u015b. Jeste\u015b zwyk\u0142\u0105 osob\u0105, na kt\u00f3rej spoczywa ogromny ci\u0119\u017car ochrony tego, co najcenniejsze i&nbsp;niewinne. Walcz z&nbsp;g\u0142odem, ranami, zimnem, chorobami i&nbsp;okrucie\u0144stwem wroga. Bro\u0144 swojej rodziny i&nbsp;prze\u017cyj wojn\u0119!<\/p>\n<p>Wyobra\u017a sobie, \u017ce budzisz si\u0119 w \u015brodku \u015bnie\u017cnej nocy przez dono\u015bny d\u017awi\u0119k wybuch\u00f3w. Eksplozje, ogie\u0144, chaos, przera\u017cone skomlenie twojego dziecka. Twoja kolej: teraz albo&nbsp;nigdy, wymknij si\u0119 swoim wrogom, zanim b\u0119dzie za p\u00f3\u017ano&#8230;<\/p>\n<p>KILKA G\u0141\u00d3WNYCH FUNKCJI GRY<\/p>\n<p>\ud83d\udd4a\ufe0f Budowanie &#8211; zagrody dla zwierz\u0105t, ko\u0142yski, koryta i&nbsp;wiele wi\u0119cej<br \/>\n\ud83d\udd4a\ufe0f Rzemios\u0142o &#8211; stw\u00f3rz co\u015b u\u017cytecznego z&nbsp;niczego<br \/>\n\ud83d\udd4a\ufe0f Gotowanie &#8211; przygotuj wszystkie rodzaje jedzenia z&nbsp;tego, co mo\u017cesz znale\u017a\u0107<br \/>\n\ud83d\udd4a\ufe0f Skradanie si\u0119 &#8211; poruszaj si\u0119 cicho, wtedy prze\u017cyjesz<br \/>\n\ud83d\udd4a\ufe0f Polowanie &#8211; u\u017cywaj broni palnej i&nbsp;dostarczaj potrzebnej \u017cywno\u015bci<br \/>\n\ud83d\udd4a\ufe0f Eksploracja &#8211; dziwne d\u017awi\u0119ki, wrogowie, nieznane terytoria<br \/>\n\ud83d\udd4a\ufe0f Dbanie o&nbsp;rodzin\u0119 &#8211; dbaj o&nbsp;to, by rodzina by\u0142a bezpieczna, syta i&nbsp;mia\u0142a ciep\u0142o<\/p>\n<p>CHRO\u0143 SWOJ\u0104 RODZIN\u0118<\/p>\n<p>Jako ojciec, od pierwszego oddechu swojego dziecka, zawsze wiedzia\u0142e\u015b, \u017ce odpowiedzialno\u015b\u0107 spoczywa na twoich barkach\u2026 ale stawka nigdy nie by\u0142a tak wysoka. R\u00f3b, co musisz, aby utrzyma\u0107 \u017con\u0119 i&nbsp;syna przy \u017cyciu.<\/p>\n<p>FARMA, POLOWANIE, IMPROWIZACJA<\/p>\n<p>Nic nie mo\u017ce by\u0107 teraz brane za pewnik. B\u0119dziesz musia\u0142 zarobi\u0107 na ka\u017cdy posi\u0142ek i&nbsp;targowa\u0107 si\u0119 o&nbsp;ka\u017cdy komfort dla siebie i&nbsp;swojej rodziny, stosuj\u0105c ekstremalne \u015brodki. Poluj na dzikie zwierz\u0119ta, tw\u00f3rz le\u015bne przepisy i&nbsp;jako rolnik wykorzystuj swoje umiej\u0119tno\u015bci, aby stworzy\u0107 nowy dom podczas okupacji\u2026<\/p>\n<p>Przetrwaj<\/p>\n<p>Skradaj si\u0119, poczekaj na sw\u00f3j moment i&nbsp;ATAKUJ! Ka\u017cda sekunda si\u0119 liczy. Twoi wrogowie s\u0105 przebiegli i&nbsp;wyszkoleni. Czy poradzisz sobie z&nbsp;tym, b\u0119d\u0105c \u201etylko\u201d rolnikiem? Twoje codzienne umiej\u0119tno\u015bci mog\u0105 si\u0119 przyda\u0107, wi\u0119c&nbsp;nie lekcewa\u017c siebie i&nbsp;pr\u00f3buj dalej!<\/p>\n<p>W ko\u0144cu nie masz nic do stracenia, a&nbsp;wszystko do zyskania.<\/p>\n<p><\/p>","protected":false},"excerpt":{"rendered":"<p>\u201ePierwsz\u0105 ofiar\u0105 wojny jest niewinno\u015b\u0107\u201d Wojna rodzi bohater\u00f3w, o&nbsp;kt\u00f3rych nigdy nie s\u0142ysza\u0142e\u015b. Jeste\u015b zwyk\u0142\u0105 osob\u0105, na kt\u00f3rej spoczywa ogromny ci\u0119\u017car ochrony tego, co najcenniejsze i&nbsp;niewinne. Walcz z&nbsp;g\u0142odem, ranami, zimnem, chorobami i&nbsp;okrucie\u0144stwem wroga. Bro\u0144 swojej rodziny i&nbsp;prze\u017cyj wojn\u0119! Wyobra\u017a sobie, \u017ce budzisz si\u0119 w \u015brodku \u015bnie\u017cnej nocy przez dono\u015bny d\u017awi\u0119k wybuch\u00f3w. Eksplozje, ogie\u0144, chaos, przera\u017cone skomlenie [&hellip;]<\/p>\n","protected":false},"featured_media":713956,"comment_status":"closed","ping_status":"closed","template":"","meta":{"ub_ctt_via":""},"product_cat":[88,127,221,78],"product_tag":[218],"class_list":["post-713757","product","type-product","status-publish","has-post-thumbnail","hentry","product_cat-action","product_cat-adventure","product_cat-indie","product_cat-simulation","product_tag-games","platform-steam-works"],"_links":{"self":[{"href":"https:\/\/neuvee.com\/pl\/wp-json\/wp\/v2\/product\/713757","targetHints":{"allow":["GET"]}}],"collection":[{"href":"https:\/\/neuvee.com\/pl\/wp-json\/wp\/v2\/product"}],"about":[{"href":"https:\/\/neuvee.com\/pl\/wp-json\/wp\/v2\/types\/product"}],"replies":[{"embeddable":true,"href":"https:\/\/neuvee.com\/pl\/wp-json\/wp\/v2\/comments?post=713757"}],"wp:featuredmedia":[{"embeddable":true,"href":"https:\/\/neuvee.com\/pl\/wp-json\/wp\/v2\/media\/713956"}],"wp:attachment":[{"href":"https:\/\/neuvee.com\/pl\/wp-json\/wp\/v2\/media?parent=713757"}],"wp:term":[{"taxonomy":"product_cat","embeddable":true,"href":"https:\/\/neuvee.com\/pl\/wp-json\/wp\/v2\/product_cat?post=713757"},{"taxonomy":"product_tag","embeddable":true,"href":"https:\/\/neuvee.com\/pl\/wp-json\/wp\/v2\/product_tag?post=713757"}],"curies":[{"name":"wp","href":"https:\/\/api.w.org\/{rel}","templated":true}]}}