{"id":713755,"date":"2024-04-24T15:45:53","date_gmt":"2024-04-24T15:45:53","guid":{"rendered":"https:\/\/neuvee.com\/?post_type=product&#038;p=713755"},"modified":"2025-05-19T14:18:00","modified_gmt":"2025-05-19T14:18:00","slug":"aquarist","status":"publish","type":"product","link":"https:\/\/neuvee.com\/pl\/product\/aquarist\/","title":{"rendered":"AQUARIST"},"content":{"rendered":"<p>Relaksuj\u0105ca gra symulacyjna typu sandbox, w kt\u00f3rej wykonujesz r\u00f3\u017cne, nawet dziwne, zadania zwi\u0105zane z&nbsp;akwarium na bardzo zr\u00f3\u017cnicowanych poziomach. Jako akwarysta musisz stworzy\u0107 i&nbsp;zarz\u0105dza\u0107 domem dla niesamowitych ryb\ud83d\udc1f, \u017c\u00f3\u0142wi morskich\ud83d\udc22, rekin\u00f3w\ud83e\udd88, o\u015bmiornic\ud83d\udc19 i&nbsp;nie tylko\ud83d\udc2c. Akwarium to ich \u015bwiat i&nbsp;\u017cycie.<\/p>\n<p>Zanurz si\u0119 w spokojne g\u0142\u0119biny Aquarist, wci\u0105gaj\u0105cej podwodnej przygody, w kt\u00f3rej staniesz si\u0119 panem swojego wodnego wszech\u015bwiata. Projektuj i&nbsp;zarz\u0105dzaj wspania\u0142ymi akwariami, hoduj\u0105c r\u00f3\u017cnorodne \u017cycie morskie. Dowiedz si\u0119 wi\u0119cej o&nbsp;podwodnych stworzeniach i&nbsp;ich zachowaniu i&nbsp;we\u017a odpowiedzialno\u015b\u0107 za ich \u017cycie. Kontroluj temperatur\u0119 i&nbsp;od\u017cywianie, aby zapewni\u0107 odpowiednie \u015brodowisko. Czy staniesz si\u0119 najlepszym akwaryst\u0105?<\/p>\n<p>KLUCZOWE CECHY<\/p>\n<p>STW\u00d3RZ AKWARIUM WYMARZONYCH<\/p>\n<p>Akwarium to rzut oka na rozleg\u0142e g\u0142\u0119biny morza i&nbsp;stworzenia, kt\u00f3re nazywaj\u0105 je swoim domem.<br \/>\nDostosuj ka\u017cdy aspekt swojego podwodnego raju, od rozmiaru i&nbsp;uk\u0142adu po dekoracje i&nbsp;mieszka\u0144c\u00f3w. Stw\u00f3rz akwarium, w kt\u00f3rym ka\u017cda rybka b\u0119dzie chcia\u0142a mieszka\u0107. Dzi\u0119ki r\u00f3\u017cnorodno\u015bci obiekt\u00f3w w grze mo\u017cesz zrealizowa\u0107 nawet najbardziej szalone pomys\u0142y! Zielona, kwitn\u0105ca oaza czy surowe, antyczne popiersia? Wyb\u00f3r nalezy do ciebie. MO\u017bESZ NAWET WYKORZYSTA\u0106 SWOJE ZDJ\u0118CIE JAKO T\u0141O Akwarium!<\/p>\n<p>SKO\u0143CZ SW\u00d3J SKLEP<\/p>\n<p>Ryby akwariowe u\u015bwiadamiaj\u0105 nam, jak pi\u0119kna jest cisza.<br \/>\nProwadzenie sklepu akwarystycznego to prawdziwe wyzwanie! Klienci powierzaj\u0105 Ci trudne zadania, z&nbsp;kt\u00f3rymi b\u0119dziesz musia\u0142 sobie poradzi\u0107. W zamian czeka na Ciebie nagroda. Przeznaczony na rozw\u00f3j biznesu &#8211; zakup nowych ryb, egzotycznych ro\u015blin oraz&nbsp;sklep.<\/p>\n<p>TROSKA O \u017bYCIE MORSKIE<\/p>\n<p>Akwary\u015bci to dzia\u0142acze na rzecz ochrony przyrody, ekolodzy, biolodzy i&nbsp;osoby sprz\u0105taj\u0105ce baseny w jednym.<\/p>\n<p>W naszej ofercie posiadamy wiele gatunk\u00f3w ryb zar\u00f3wno s\u0142odkowodnych, jak i&nbsp;s\u0142onowodnych. Wychowuj szerok\u0105 gam\u0119 egzotycznych ryb, \u017cywych koralowc\u00f3w i&nbsp;innych stworze\u0144 morskich, zapewniaj\u0105c im zdrowie i&nbsp;szcz\u0119\u015bcie.<br \/>\nOpr\u00f3cz typowych z\u0142otych rybek, b\u0119dziesz mia\u0142 r\u00f3wnie\u017c do czynienia z&nbsp;gatunkami egzotycznymi, takimi jak o\u015bmiornice, krewetki, r\u00f3\u017cne gatunki rekin\u00f3w, m\u0105twy, arapaima, p\u0142aszczki, manty, gloryby i&nbsp;wiele innych fascynuj\u0105cych zwierz\u0105t wodnych.<\/p>\n<p>ZR\u00d3\u017bNICOWANA ROZGRYWKA<\/p>\n<p>Wej\u015bcie do akwarium jest jak odkrywanie innego \u015bwiata.<br \/>\nEksploruj ocean: Wyrusz na ekscytuj\u0105ce wyprawy, aby odkry\u0107 nowe gatunki, ukryte skarby i&nbsp;tajemnicze podwodne krajobrazy.<br \/>\nRealizuj szalone projekty na zlecenie klient\u00f3w z&nbsp;ca\u0142ego \u015bwiata. Ogromne akwarium z&nbsp;\u017c\u00f3\u0142wiami w muzeum sztuki? Akwarium w barze na bezludnej wyspie? Zbiornik z&nbsp;piraniami jako element wystroju kuchni? Szukasz podwodnych skarb\u00f3w i&nbsp;ryb? Odkrywaj\u0105c tajemnic\u0119 zatopionej piramidy w poszukiwaniu zaginionego gatunku? To tylko niekt\u00f3re z&nbsp;rozkaz\u00f3w jakie otrzymasz w trakcie gry.<br \/>\nSpraw, by ludzie Ci\u0119 podziwiali<\/p>\n<p>OK, jeszcze jedno akwarium&#8230; i&nbsp;przysi\u0119gam, \u017ce przestan\u0119. Obiecuj\u0119.<br \/>\nWci\u0105gaj\u0105ce zadania: podejmuj si\u0119 trudnych zada\u0144 i&nbsp;misji, aby odblokowa\u0107 rzadkie gatunki, zaawansowany sprz\u0119t i&nbsp;cenne zasoby. Rozwijaj swoje imperium akwariowe, kupuj\u0105c i&nbsp;aran\u017cuj\u0105c nowe lokalizacje. Opr\u00f3cz sklepu znajdziesz tu tak\u017ce wystaw\u0119 akwarystyczn\u0105, du\u017ce oceanarium, a&nbsp;nawet muzeum wodne.<\/p>\n<p><\/p>","protected":false},"excerpt":{"rendered":"<p>Relaksuj\u0105ca gra symulacyjna typu sandbox, w kt\u00f3rej wykonujesz r\u00f3\u017cne, nawet dziwne, zadania zwi\u0105zane z&nbsp;akwarium na bardzo zr\u00f3\u017cnicowanych poziomach. Jako akwarysta musisz stworzy\u0107 i&nbsp;zarz\u0105dza\u0107 domem dla niesamowitych ryb\ud83d\udc1f, \u017c\u00f3\u0142wi morskich\ud83d\udc22, rekin\u00f3w\ud83e\udd88, o\u015bmiornic\ud83d\udc19 i&nbsp;nie tylko\ud83d\udc2c. Akwarium to ich \u015bwiat i&nbsp;\u017cycie. Zanurz si\u0119 w spokojne g\u0142\u0119biny Aquarist, wci\u0105gaj\u0105cej podwodnej przygody, w kt\u00f3rej staniesz si\u0119 panem swojego wodnego wszech\u015bwiata. [&hellip;]<\/p>\n","protected":false},"featured_media":713913,"comment_status":"closed","ping_status":"closed","template":"","meta":{"ub_ctt_via":""},"product_cat":[229,223,221,78],"product_tag":[218],"class_list":["post-713755","product","type-product","status-publish","has-post-thumbnail","hentry","product_cat-early-access","product_cat-casual","product_cat-indie","product_cat-simulation","product_tag-games","platform-steam-works"],"_links":{"self":[{"href":"https:\/\/neuvee.com\/pl\/wp-json\/wp\/v2\/product\/713755","targetHints":{"allow":["GET"]}}],"collection":[{"href":"https:\/\/neuvee.com\/pl\/wp-json\/wp\/v2\/product"}],"about":[{"href":"https:\/\/neuvee.com\/pl\/wp-json\/wp\/v2\/types\/product"}],"replies":[{"embeddable":true,"href":"https:\/\/neuvee.com\/pl\/wp-json\/wp\/v2\/comments?post=713755"}],"wp:featuredmedia":[{"embeddable":true,"href":"https:\/\/neuvee.com\/pl\/wp-json\/wp\/v2\/media\/713913"}],"wp:attachment":[{"href":"https:\/\/neuvee.com\/pl\/wp-json\/wp\/v2\/media?parent=713755"}],"wp:term":[{"taxonomy":"product_cat","embeddable":true,"href":"https:\/\/neuvee.com\/pl\/wp-json\/wp\/v2\/product_cat?post=713755"},{"taxonomy":"product_tag","embeddable":true,"href":"https:\/\/neuvee.com\/pl\/wp-json\/wp\/v2\/product_tag?post=713755"}],"curies":[{"name":"wp","href":"https:\/\/api.w.org\/{rel}","templated":true}]}}