{"id":713141,"date":"2024-04-05T16:43:37","date_gmt":"2024-04-05T16:43:37","guid":{"rendered":"https:\/\/neuvee.com\/?post_type=product&#038;p=713141"},"modified":"2025-05-19T13:39:10","modified_gmt":"2025-05-19T13:39:10","slug":"uboat-4","status":"publish","type":"product","link":"https:\/\/neuvee.com\/pl\/product\/uboat-4\/","title":{"rendered":"UBOAT"},"content":{"rendered":"<p>UBOAT jest symulatorem okr\u0119tu podwodnego z&nbsp;czasu II wojny \u015bwiatowej, jednak&nbsp;innym ni\u017c wszystkie, kt\u00f3re do tej pory mog\u0142e\u015b zobaczy\u0107. To survivalowy sandbox z&nbsp;mechanikami zarz\u0105dzania za\u0142og\u0105, podczas gdy jego g\u0142\u00f3wnym tematem jest \u017cycie Niemieckich marynarzy. Okr\u0119t jest ich domem, jednak&nbsp;w ka\u017cdej chwili mo\u017ce sta\u0107 si\u0119 te\u017c grobem.<\/p>\n<p>W UBOAT kontrolujesz za\u0142og\u0119, kt\u00f3ra steruje okr\u0119tem. Dbasz o&nbsp;jej zdrowie fizyczne i&nbsp;psychiczne, bo&nbsp;kiedy marynarzom doskwiera g\u0142\u00f3d, zm\u0119czenie a&nbsp;ich morale jest niskie, twoje szanse na odniesienie zwyci\u0119stwa drastycznie malej\u0105.<\/p>\n<p>Przetrwanie<\/p>\n<p>Fundamentem element\u00f3w survivalowych gry jest rozbudowany system uszkodze\u0144. W wyniku obra\u017ce\u0144 otrzymywanych przez Tw\u00f3j okr\u0119t b\u0119d\u0105 tworzy\u0107 si\u0119 niepowtarzalne sytuacje mog\u0105ce wymaga\u0107 kreatywno\u015bci i&nbsp;opanowania, aby sobie z&nbsp;nimi poradzi\u0107. Mo\u017cesz spr\u00f3bowa\u0107 ocali\u0107 ca\u0142\u0105 za\u0142og\u0119, b\u0105d\u017a&nbsp;kogo\u015b porzuci\u0107, by ocali\u0107 pozosta\u0142ych.<\/p>\n<p>B\u0119d\u0105c na otwartym morzu Twoja jednostka b\u0119dzie wielokrotnie zdana na siebie. Wyka\u017c si\u0119 sprawnym zarz\u0105dzaniem, by optymalnie wykorzysta\u0107 zabrane ze sob\u0105 zasoby a&nbsp;w wyj\u0105tkowych sytuacjach postaraj si\u0119 uzupe\u0142ni\u0107 je na morzu prosz\u0105c sojusznik\u00f3w o&nbsp;pomoc.. b\u0105d\u017a&nbsp;przeszukuj\u0105c wrakowiska zatopionych statk\u00f3w.<\/p>\n<p>&#8211; Wy\u0142\u0105cz zb\u0119dny sprz\u0119t, by nie roz\u0142adowa\u0107 akumulator\u00f3w.<\/p>\n<p>&#8211; Zasygnalizuj zb\u0119dnej za\u0142odze odpoczynek w kojach, by oszcz\u0119dzi\u0107 tlen.<\/p>\n<p>&#8211; Je\u017celi morale za\u0142ogi jest niskie &#8211; zagraj z&nbsp;marynarzami w karty, b\u0105d\u017a&nbsp;w\u0142\u0105cz muzyk\u0119 z&nbsp;pobliskich stacji radiowych, aby ich pokrzepi\u0107.<\/p>\n<p>Kariera w Kriegsmarine<\/p>\n<p>W trakcie rozgrywki b\u0119dziesz otrzymywa\u0107 przydzia\u0142y z&nbsp;kwatery g\u0142\u00f3wnej Kriegsmarine. Ich przebieg nigdy nie jest liniowy i&nbsp;w trakcie b\u0119dziesz dostawa\u0107 dodatkowe wytyczne lub&nbsp;napotkasz niespodziewane problemy.<\/p>\n<p>Brawurowe wykonywanie przydzia\u0142\u00f3w sp\u0142ywaj\u0105cych z&nbsp;dow\u00f3dztwa jest wynagradzane dodatkowym bud\u017cetem dla dowodzonej przez Ciebie jednostki oraz&nbsp;uznaniem Twojej wzrastaj\u0105cej reputacji jako kapitana. B\u0119dzie Ci to potrzebne, by modernizowa\u0107 sw\u00f3j okr\u0119t tak by nad\u0105\u017cy\u0107 za innowacjami technologicznymi wroga.<\/p>\n<p>&#8211; Ulepszaj okr\u0119t za zdobyte fundusze.<\/p>\n<p>&#8211; Zdobywaj dodatkowe uprawnienia za punkty reputacji.<\/p>\n<p>&#8211; Kupuj nowe wyposa\u017cenie &#8211; nowatorskie typy torped, wabiki sonarowe, poch\u0142aniacze CO2 i&nbsp;wiele wi\u0119cej.<\/p>\n<p>&#8211; Wysy\u0142aj oficer\u00f3w na specjalne zadania w dow\u00f3dztwie, by mi\u0119dzy innymi przyspieszy\u0107 prace nad nowymi technologiami.<\/p>\n<p>Wierna symulacja<\/p>\n<p>Elementy symulacyjne gry s\u0105 bardzo realistyczne, jednak&nbsp;nigdzie nie odbywa si\u0119 to kosztem jako\u015bci rozgrywki. Mimo rozbudowanej symulacji w UBOAT mo\u017cna gra\u0107 jak w zwyczajn\u0105 gr\u0119, natomiast&nbsp;tajniki zg\u0142\u0119bia\u0107 z&nbsp;czasem, by stawa\u0107 si\u0119 coraz lepszym kapitanem dla swojej jednostki.<\/p>\n<p>Nawet takie elementy jak wp\u0142yw balastu w poszczeg\u00f3lnych przedzia\u0142ach na trym okr\u0119tu (innymi s\u0142owy jego przechylenie), czy krzywizna Ziemi s\u0105 poprawnie odwzorowane w grze.<\/p>\n<p>Perfekcj\u0119 w grze mo\u017cna osi\u0105gn\u0105\u0107 na wiele sposob\u00f3w. Wyka\u017c si\u0119 sprawnym zarz\u0105dzaniem i&nbsp;rozdzielaj sprawnie prac\u0119 na okr\u0119cie swoim oficerom. Jednak je\u017celi uwa\u017casz, \u017ce aby co\u015b by\u0142o zrobione dobrze, nale\u017cy zrobi\u0107 to samemu &#8211; zasi\u0105d\u017a przed peryskopem, hydrofonem, b\u0105d\u017a&nbsp;dzia\u0142em 88 mm i&nbsp;we\u017a sprawy w swoje r\u0119ce.<\/p>\n<p><\/p>","protected":false},"excerpt":{"rendered":"<p>UBOAT jest symulatorem okr\u0119tu podwodnego z&nbsp;czasu II wojny \u015bwiatowej, jednak&nbsp;innym ni\u017c wszystkie, kt\u00f3re do tej pory mog\u0142e\u015b zobaczy\u0107. To survivalowy sandbox z&nbsp;mechanikami zarz\u0105dzania za\u0142og\u0105, podczas gdy jego g\u0142\u00f3wnym tematem jest \u017cycie Niemieckich marynarzy. Okr\u0119t jest ich domem, jednak&nbsp;w ka\u017cdej chwili mo\u017ce sta\u0107 si\u0119 te\u017c grobem. W UBOAT kontrolujesz za\u0142og\u0119, kt\u00f3ra steruje okr\u0119tem. Dbasz o&nbsp;jej zdrowie [&hellip;]<\/p>\n","protected":false},"featured_media":713566,"comment_status":"closed","ping_status":"closed","template":"","meta":{"ub_ctt_via":""},"product_cat":[229,88,221,78,222],"product_tag":[218],"class_list":["post-713141","product","type-product","status-publish","has-post-thumbnail","hentry","product_cat-early-access","product_cat-action","product_cat-indie","product_cat-simulation","product_cat-strategy","product_tag-games","platform-steam-works"],"_links":{"self":[{"href":"https:\/\/neuvee.com\/pl\/wp-json\/wp\/v2\/product\/713141","targetHints":{"allow":["GET"]}}],"collection":[{"href":"https:\/\/neuvee.com\/pl\/wp-json\/wp\/v2\/product"}],"about":[{"href":"https:\/\/neuvee.com\/pl\/wp-json\/wp\/v2\/types\/product"}],"replies":[{"embeddable":true,"href":"https:\/\/neuvee.com\/pl\/wp-json\/wp\/v2\/comments?post=713141"}],"wp:featuredmedia":[{"embeddable":true,"href":"https:\/\/neuvee.com\/pl\/wp-json\/wp\/v2\/media\/713566"}],"wp:attachment":[{"href":"https:\/\/neuvee.com\/pl\/wp-json\/wp\/v2\/media?parent=713141"}],"wp:term":[{"taxonomy":"product_cat","embeddable":true,"href":"https:\/\/neuvee.com\/pl\/wp-json\/wp\/v2\/product_cat?post=713141"},{"taxonomy":"product_tag","embeddable":true,"href":"https:\/\/neuvee.com\/pl\/wp-json\/wp\/v2\/product_tag?post=713141"}],"curies":[{"name":"wp","href":"https:\/\/api.w.org\/{rel}","templated":true}]}}