{"id":712871,"date":"2024-04-05T16:39:18","date_gmt":"2024-04-05T16:39:18","guid":{"rendered":"https:\/\/neuvee.com\/?post_type=product&#038;p=712871"},"modified":"2025-05-19T13:34:10","modified_gmt":"2025-05-19T13:34:10","slug":"tomb-raider-definitive-survivor-trilogy-5","status":"publish","type":"product","link":"https:\/\/neuvee.com\/pl\/product\/tomb-raider-definitive-survivor-trilogy-5\/","title":{"rendered":"TOMB RAIDER: DEFINITIVE SURVIVOR TRILOGY"},"content":{"rendered":"<p>Tomb Raider: Definitive Survivor Trilogy to kompletna kolekcja nagradzanych gier z&nbsp;serii Tomb Raider, wracaj\u0105cych do korzeni. Kolekcja ta zawiera ca\u0142\u0105 zawarto\u015b\u0107 edycji ostatecznych wszystkich docenionych przez krytyk\u00f3w prequeli \u2013Tomb Raider, Rise of the Tomb Raider: 20 Year Celebration oraz&nbsp;Shadow of the Tomb Raider: Definitive Edition. \u015aled\u017a losy Lary podczas kszta\u0142tuj\u0105cej j\u0105 wyprawy dooko\u0142a \u015bwiata. Zacznij od Tomb Raider i&nbsp;mglistej wyspy Yamatai na wybrze\u017cu Japonii, nast\u0119pnie ruszaj do syberyjskiej tundry skrywaj\u0105cej sekret nie\u015bmiertelno\u015bci w Rise of the Tomb Raider i&nbsp;wreszcie odwied\u017a g\u00f3rskie krajobrazy Peru, aby odkry\u0107 niszczycielsk\u0105 si\u0142\u0119 w Shadow of the Tomb Raider. Ka\u017cda gra zawiera elementy edycji ostatecznej, a&nbsp;wi\u0119c ca\u0142a trylogia to dziesi\u0105tki godzin zapieraj\u0105cej dech w piersiach eksploracji, rozwi\u0105zywania pomys\u0142owych \u0142amig\u0142\u00f3wek i&nbsp;walki o&nbsp;przetrwanie. Patrz, jak Lara staje si\u0119 Tomb Raiderk\u0105, zgodnie ze swym przeznaczeniem.<\/p>\n<p><\/p>","protected":false},"excerpt":{"rendered":"<p>Tomb Raider: Definitive Survivor Trilogy to kompletna kolekcja nagradzanych gier z&nbsp;serii Tomb Raider, wracaj\u0105cych do korzeni. Kolekcja ta zawiera ca\u0142\u0105 zawarto\u015b\u0107 edycji ostatecznych wszystkich docenionych przez krytyk\u00f3w prequeli \u2013Tomb Raider, Rise of the Tomb Raider: 20 Year Celebration oraz&nbsp;Shadow of the Tomb Raider: Definitive Edition. \u015aled\u017a losy Lary podczas kszta\u0142tuj\u0105cej j\u0105 wyprawy dooko\u0142a \u015bwiata. Zacznij [&hellip;]<\/p>\n","protected":false},"featured_media":713177,"comment_status":"closed","ping_status":"closed","template":"","meta":{"ub_ctt_via":""},"product_cat":[88,127],"product_tag":[218],"class_list":["post-712871","product","type-product","status-publish","has-post-thumbnail","hentry","product_cat-action","product_cat-adventure","product_tag-games","platform-steam-works"],"_links":{"self":[{"href":"https:\/\/neuvee.com\/pl\/wp-json\/wp\/v2\/product\/712871","targetHints":{"allow":["GET"]}}],"collection":[{"href":"https:\/\/neuvee.com\/pl\/wp-json\/wp\/v2\/product"}],"about":[{"href":"https:\/\/neuvee.com\/pl\/wp-json\/wp\/v2\/types\/product"}],"replies":[{"embeddable":true,"href":"https:\/\/neuvee.com\/pl\/wp-json\/wp\/v2\/comments?post=712871"}],"wp:featuredmedia":[{"embeddable":true,"href":"https:\/\/neuvee.com\/pl\/wp-json\/wp\/v2\/media\/713177"}],"wp:attachment":[{"href":"https:\/\/neuvee.com\/pl\/wp-json\/wp\/v2\/media?parent=712871"}],"wp:term":[{"taxonomy":"product_cat","embeddable":true,"href":"https:\/\/neuvee.com\/pl\/wp-json\/wp\/v2\/product_cat?post=712871"},{"taxonomy":"product_tag","embeddable":true,"href":"https:\/\/neuvee.com\/pl\/wp-json\/wp\/v2\/product_tag?post=712871"}],"curies":[{"name":"wp","href":"https:\/\/api.w.org\/{rel}","templated":true}]}}