{"id":712865,"date":"2024-04-05T16:35:06","date_gmt":"2024-04-05T16:35:06","guid":{"rendered":"https:\/\/neuvee.com\/?post_type=product&#038;p=712865"},"modified":"2025-05-19T14:37:47","modified_gmt":"2025-05-19T14:37:47","slug":"tomb-raider-i-iii-remastered-4","status":"publish","type":"product","link":"https:\/\/neuvee.com\/pl\/product\/tomb-raider-i-iii-remastered-4\/","title":{"rendered":"TOMB RAIDER I-III REMASTERED"},"content":{"rendered":"<p>Lara Croft powraca!<br \/>\nOdkryj wiernie odtworzone\u00a0klasyczne\u00a0przygody\u00a0Lary\u00a0Croft<br \/>\nZagraj w trzy oryginalne przygody Tomb Raider: Kolekcja ta pozwala po raz pierwszy\u00a0do\u015bwiadczy\u0107\u00a0pe\u0142ni\u00a0wra\u017ce\u0144\u00a0graj\u0105c\u00a0w\u00a0pe\u0142n\u0105\u00a0seri\u0119\u00a0ze\u00a0wszystkimi\u00a0rozszerzeniami\u00a0i\u00a0tajnymi\u00a0poziomami\u00a0na\u00a0wsp\u00f3\u0142czesnych\u00a0platformach.<br \/>\nTytu\u0142y gier w zestawie<\/p>\n<p>&#8211; Tomb Raider I + The Unfinished Business Expansion<\/p>\n<p>&#8211; Tomb Raider II + The Gold Mask Expansion<\/p>\n<p>&#8211; Tomb Raider III + The Lost Artifact Expansion<br \/>\nRozwi\u0105zuj staro\u017cytne tajemnice: Odkryj skarby staro\u017cytnego \u015bwiata, rozwi\u0105zuj\u0105c zagadki i&nbsp;rozwik\u0142uj\u0105c tajemnice, kt\u00f3rych pocz\u0105tki zagin\u0119\u0142y w odm\u0119tach czasu<br \/>\nZwiedzaj \u015bwiat: Ruszaj z&nbsp;Lar\u0105 Croft w podr\u00f3\u017c dooko\u0142a \u015bwiata i&nbsp;walcz z&nbsp;zab\u00f3jczymi przeciwnikami oraz&nbsp;niebezpiecznymi legendami.<br \/>\nWiernie\u00a0odtworzone: Prze\u017cyj klasyczn\u0105 przygod\u0119 z&nbsp;ulepszon\u0105 grafik\u0105\u00a0i\u00a0opcj\u0105\u00a0pozwalaj\u0105c\u0105\u00a0w\u00a0ka\u017cdym\u00a0momencie\u00a0na\u00a0przywr\u00f3cenie\u00a0oryginalnego\u00a0wygl\u0105du.<\/p>\n<p><\/p>","protected":false},"excerpt":{"rendered":"<p>Lara Croft powraca! Odkryj wiernie odtworzone\u00a0klasyczne\u00a0przygody\u00a0Lary\u00a0Croft Zagraj w trzy oryginalne przygody Tomb Raider: Kolekcja ta pozwala po raz pierwszy\u00a0do\u015bwiadczy\u0107\u00a0pe\u0142ni\u00a0wra\u017ce\u0144\u00a0graj\u0105c\u00a0w\u00a0pe\u0142n\u0105\u00a0seri\u0119\u00a0ze\u00a0wszystkimi\u00a0rozszerzeniami\u00a0i\u00a0tajnymi\u00a0poziomami\u00a0na\u00a0wsp\u00f3\u0142czesnych\u00a0platformach. Tytu\u0142y gier w zestawie &#8211; Tomb Raider I + The Unfinished Business Expansion &#8211; Tomb Raider II + The Gold Mask Expansion &#8211; Tomb Raider III + The Lost Artifact Expansion Rozwi\u0105zuj staro\u017cytne tajemnice: Odkryj skarby [&hellip;]<\/p>\n","protected":false},"featured_media":713281,"comment_status":"closed","ping_status":"closed","template":"","meta":{"ub_ctt_via":""},"product_cat":[88,127],"product_tag":[218],"class_list":["post-712865","product","type-product","status-publish","has-post-thumbnail","hentry","product_cat-action","product_cat-adventure","product_tag-games","platform-steam-works"],"_links":{"self":[{"href":"https:\/\/neuvee.com\/pl\/wp-json\/wp\/v2\/product\/712865","targetHints":{"allow":["GET"]}}],"collection":[{"href":"https:\/\/neuvee.com\/pl\/wp-json\/wp\/v2\/product"}],"about":[{"href":"https:\/\/neuvee.com\/pl\/wp-json\/wp\/v2\/types\/product"}],"replies":[{"embeddable":true,"href":"https:\/\/neuvee.com\/pl\/wp-json\/wp\/v2\/comments?post=712865"}],"wp:featuredmedia":[{"embeddable":true,"href":"https:\/\/neuvee.com\/pl\/wp-json\/wp\/v2\/media\/713281"}],"wp:attachment":[{"href":"https:\/\/neuvee.com\/pl\/wp-json\/wp\/v2\/media?parent=712865"}],"wp:term":[{"taxonomy":"product_cat","embeddable":true,"href":"https:\/\/neuvee.com\/pl\/wp-json\/wp\/v2\/product_cat?post=712865"},{"taxonomy":"product_tag","embeddable":true,"href":"https:\/\/neuvee.com\/pl\/wp-json\/wp\/v2\/product_tag?post=712865"}],"curies":[{"name":"wp","href":"https:\/\/api.w.org\/{rel}","templated":true}]}}