{"id":712698,"date":"2024-04-05T16:20:35","date_gmt":"2024-04-05T16:20:35","guid":{"rendered":"https:\/\/neuvee.com\/?post_type=product&#038;p=712698"},"modified":"2025-05-19T14:12:51","modified_gmt":"2025-05-19T14:12:51","slug":"the-thaumaturge-deluxe-edition","status":"publish","type":"product","link":"https:\/\/neuvee.com\/pl\/product\/the-thaumaturge-deluxe-edition\/","title":{"rendered":"THE THAUMATURGE &#8211; DELUXE EDITION"},"content":{"rendered":"<p>KUP THE THAUMATURGE: DIGITAL DELUXE EDITION<\/p>\n<p>Zanurz si\u0119 w tajemniczym \u015bwiecie gry The Thaumaturge dzi\u0119ki ekscytuj\u0105cym cyfrowym dodatkom. Edycja Digital Deluxe Edition zawiera:<\/p>\n<p>\u2022\tPe\u0142n\u0105 wersj\u0119 gry The Thaumaturge<br \/>\n\u2022\tAlternatywny wygl\u0105d HUD<br \/>\n\u2022\tDodatkowa fryzura oraz&nbsp;zestaw ubra\u0144 dla bohatera gry<br \/>\n\u2022\tCyfrowy artbook w formacie PDF<br \/>\n\u2022\tOryginalny soundtrack do gry z&nbsp;utworami w formatach MP3 i&nbsp;WAV<br \/>\n\u2022\tCyfrowy model figurki do wydruku 3D<br \/>\n\u2022\tZestaw tapet na pulpit<br \/>\n\u2022\tCyfrow\u0105 map\u0119 Warszawy przedstawiaj\u0105c\u0105 wybrane elementy gry<\/p>\n<p>The Thaumaturge Original Soundtrack<br \/>\nPos\u0142uchaj muzyki, kt\u00f3ra czerpie inspiracj\u0119 z&nbsp;bogatego dziedzictwa kulturowego Warszawy pocz\u0105tk\u00f3w XX wieku. Soundtrack do gry The Thaumaturge, stworzony przez Agnieszk\u0119 Wlaz\u0142y i&nbsp;Sebastiana Syczy\u0144skiego, zawiera XX nastrojowych utwor\u00f3w w formatach MP3 i&nbsp;WAV.<\/p>\n<p>The Thaumaturge Digital Deluxe Content<br \/>\nDo\u015bwiadczaj w pe\u0142ni wyj\u0105tkowego \u015bwiata gry The Thaumaturge dzi\u0119ki kolekcji cyfrowych dobroci. Edycja The Digital Deluxe Content zawiera cyfrowy artbook, model figurki do wydruku 3D, elementy urozmaicaj\u0105ce rozgrywk\u0119, a&nbsp;tak\u017ce zestaw tapet oraz&nbsp;map\u0119 Warszawy.<\/p>\n<p><\/p>","protected":false},"excerpt":{"rendered":"<p>KUP THE THAUMATURGE: DIGITAL DELUXE EDITION Zanurz si\u0119 w tajemniczym \u015bwiecie gry The Thaumaturge dzi\u0119ki ekscytuj\u0105cym cyfrowym dodatkom. Edycja Digital Deluxe Edition zawiera: \u2022 Pe\u0142n\u0105 wersj\u0119 gry The Thaumaturge \u2022 Alternatywny wygl\u0105d HUD \u2022 Dodatkowa fryzura oraz&nbsp;zestaw ubra\u0144 dla bohatera gry \u2022 Cyfrowy artbook w formacie PDF \u2022 Oryginalny soundtrack do gry z&nbsp;utworami w formatach [&hellip;]<\/p>\n","protected":false},"featured_media":713107,"comment_status":"closed","ping_status":"closed","template":"","meta":{"ub_ctt_via":""},"product_cat":[127,89],"product_tag":[218],"class_list":["post-712698","product","type-product","status-publish","has-post-thumbnail","hentry","product_cat-adventure","product_cat-rpg","product_tag-games","platform-steam-works"],"_links":{"self":[{"href":"https:\/\/neuvee.com\/pl\/wp-json\/wp\/v2\/product\/712698","targetHints":{"allow":["GET"]}}],"collection":[{"href":"https:\/\/neuvee.com\/pl\/wp-json\/wp\/v2\/product"}],"about":[{"href":"https:\/\/neuvee.com\/pl\/wp-json\/wp\/v2\/types\/product"}],"replies":[{"embeddable":true,"href":"https:\/\/neuvee.com\/pl\/wp-json\/wp\/v2\/comments?post=712698"}],"wp:featuredmedia":[{"embeddable":true,"href":"https:\/\/neuvee.com\/pl\/wp-json\/wp\/v2\/media\/713107"}],"wp:attachment":[{"href":"https:\/\/neuvee.com\/pl\/wp-json\/wp\/v2\/media?parent=712698"}],"wp:term":[{"taxonomy":"product_cat","embeddable":true,"href":"https:\/\/neuvee.com\/pl\/wp-json\/wp\/v2\/product_cat?post=712698"},{"taxonomy":"product_tag","embeddable":true,"href":"https:\/\/neuvee.com\/pl\/wp-json\/wp\/v2\/product_tag?post=712698"}],"curies":[{"name":"wp","href":"https:\/\/api.w.org\/{rel}","templated":true}]}}