{"id":712697,"date":"2024-04-05T16:20:27","date_gmt":"2024-04-05T16:20:27","guid":{"rendered":"https:\/\/neuvee.com\/?post_type=product&#038;p=712697"},"modified":"2025-05-19T13:57:57","modified_gmt":"2025-05-19T13:57:57","slug":"the-thaumaturge","status":"publish","type":"product","link":"https:\/\/neuvee.com\/pl\/product\/the-thaumaturge\/","title":{"rendered":"THE THAUMATURGE"},"content":{"rendered":"<p>The Thaumaturge to izometryczna, rozbudowana fabularnie gra RPG z&nbsp;unikalnym podej\u015bciem do turowej walki, systemu rozwoju postaci i&nbsp;mechanik \u015bledztw, stawiaj\u0105ca przed Tob\u0105 niejednoznaczne moralnie wybory i&nbsp;osadzona w \u015bwiecie przepe\u0142nionym tajemnicz\u0105 moc\u0105 i&nbsp;obecno\u015bci\u0105 eterycznych istot zwanych salutorami.<\/p>\n<p>Mamy rok 1905. Warszawa \u017cyje pod ci\u0119\u017carem jarzma caratu. Jej mieszka\u0144cy tworz\u0105 wymieszan\u0105 grup\u0119 o&nbsp;r\u00f3\u017cnych korzeniach, pogl\u0105dach i&nbsp;wierzeniach, a&nbsp;tak\u017ce cz\u0119sto sprzecznych interesach. To rosyjscy \u017co\u0142nierze, \u017cydowscy kupcy, polscy mieszczanie cho\u0107 nie tylko. Pomimo zaistnia\u0142ych okoliczno\u015bci, miasto stanowi t\u0119tni\u0105c\u0105 \u017cyciem metropoli\u0119, w kt\u00f3rej mo\u017cna odwiedzi\u0107 zapieraj\u0105c\u0105 dech w piersiach imprez\u0119 wy\u017cszych sfer, by po niej zosta\u0107 obrabowanym w jednym z&nbsp;ciemnych zau\u0142k\u00f3w Pragi. Warszawa to miasto wielkich nadziei i&nbsp;marze\u0144 z&nbsp;jednej strony i&nbsp;mrocznych pragnie\u0144 z&nbsp;drugiej.<\/p>\n<p>Taumaturg to cudotw\u00f3rca nosz\u0105cy jednocze\u015bnie dar i&nbsp;brzemi\u0119. Dotyczy to r\u00f3wnie\u017c Wiktora Szulskiego, tytu\u0142owego bohatera gry, kt\u00f3rego na burzliwe ulice XX-wiecznej Warszawy na powr\u00f3t sprowadzaj\u0105 sprawy rodzinne. Taumaturgia r\u00f3wnie\u017c powi\u0105zana jest z&nbsp;rodzinnym, przekazywanym przez przodk\u00f3w dziedzictwem. \u00d3w mistyczny dar znacz\u0105co kszta\u0142tuje \u017cyciow\u0105 drog\u0119 Wiktora, kt\u00f3re po\u015bwi\u0119ca on na pogo\u0144 za nieziemskimi bytami i&nbsp;ich posiadaczami. Skoro jednak&nbsp;tylko taumaturg mo\u017ce ujarzmi\u0107 owe byty \u2013 znane nielicznym jako salutory \u2013 i&nbsp;wykorzystywa\u0107 ich mistyczne zdolno\u015bci do odkrywania tajemnic ukrytych w ludzkich duszach i&nbsp;rozm\u00f3w z&nbsp;ciemno\u015bci\u0105, nikt tak jak Wiktor nie rozumie, \u017ce w istocie ka\u017cdy ma swoje w\u0142asne demony.<\/p>\n<p>Kluczowe elementy:<\/p>\n<p>\u2022\tKszta\u0142tuj swoj\u0105 histori\u0119 \u2013 to pe\u0142noprawna gra RPG pozwalaj\u0105ca dostosowa\u0107 swe wybory do biegu wydarze\u0144 i&nbsp;radzi\u0107 sobie z&nbsp;ich nast\u0119pstwami.<br \/>\n\u2022\tRozwijaj swoj\u0105 posta\u0107 \u2013 stworzenie w\u0142asnego taumaturga pozwoli ci poszukiwanie rozwi\u0105za\u0144 na r\u00f3\u017cne sposoby.<br \/>\n\u2022\tWe\u017a udzia\u0142 w wyj\u0105tkowych starciach i&nbsp;pokonuj wrog\u00f3w za pomoc\u0105 ludzkich atak\u00f3w i&nbsp;umiej\u0119tno\u015bci, a&nbsp;tak\u017ce psychicznych cios\u00f3w wyprowadzanych przez salutor\u00f3w.<br \/>\n\u2022\tWp\u0142ywaj na temperamenty innych postaci i&nbsp;manipuluj nimi, aby dostosowa\u0107 ich wol\u0119 do w\u0142asnych upodoba\u0144.<br \/>\n\u2022\tOkie\u0142znaj moc salutor\u00f3w \u2013 wykorzystaj unikalny zestaw ich umiej\u0119tno\u015bci, aby zyska\u0107 przewag\u0119 podczas eksploracji \u015bwiata i&nbsp;by rzuci\u0107 swych wrog\u00f3w na kolana.<br \/>\n\u2022\tZobacz \u015bwiat, kt\u00f3ry bezpowrotnie przemin\u0105\u0142 \u2013 poznaj niecodzienny, intensywnie zbadany przez tw\u00f3rc\u00f3w historyczny okres Warszawy pocz\u0105tku XX wieku, gdzie przest\u0119pczo\u015b\u0107 i&nbsp;luksus to cz\u0119sto dwie strony tego samego medalu. Poznaj rzeczywiste postacie i&nbsp;ich rol\u0119 w biegu historii.<br \/>\n\u2022\tGra stworzona w Unreal Engine 5 w celu dostarczenia szczeg\u00f3\u0142owego i&nbsp;pi\u0119knie wykreowanego \u015bwiata.<\/p>\n<p><\/p>","protected":false},"excerpt":{"rendered":"<p>The Thaumaturge to izometryczna, rozbudowana fabularnie gra RPG z&nbsp;unikalnym podej\u015bciem do turowej walki, systemu rozwoju postaci i&nbsp;mechanik \u015bledztw, stawiaj\u0105ca przed Tob\u0105 niejednoznaczne moralnie wybory i&nbsp;osadzona w \u015bwiecie przepe\u0142nionym tajemnicz\u0105 moc\u0105 i&nbsp;obecno\u015bci\u0105 eterycznych istot zwanych salutorami. Mamy rok 1905. Warszawa \u017cyje pod ci\u0119\u017carem jarzma caratu. Jej mieszka\u0144cy tworz\u0105 wymieszan\u0105 grup\u0119 o&nbsp;r\u00f3\u017cnych korzeniach, pogl\u0105dach i&nbsp;wierzeniach, a&nbsp;tak\u017ce cz\u0119sto [&hellip;]<\/p>\n","protected":false},"featured_media":713063,"comment_status":"closed","ping_status":"closed","template":"","meta":{"ub_ctt_via":""},"product_cat":[127,89],"product_tag":[218],"class_list":["post-712697","product","type-product","status-publish","has-post-thumbnail","hentry","product_cat-adventure","product_cat-rpg","product_tag-games","platform-steam-works"],"_links":{"self":[{"href":"https:\/\/neuvee.com\/pl\/wp-json\/wp\/v2\/product\/712697","targetHints":{"allow":["GET"]}}],"collection":[{"href":"https:\/\/neuvee.com\/pl\/wp-json\/wp\/v2\/product"}],"about":[{"href":"https:\/\/neuvee.com\/pl\/wp-json\/wp\/v2\/types\/product"}],"replies":[{"embeddable":true,"href":"https:\/\/neuvee.com\/pl\/wp-json\/wp\/v2\/comments?post=712697"}],"wp:featuredmedia":[{"embeddable":true,"href":"https:\/\/neuvee.com\/pl\/wp-json\/wp\/v2\/media\/713063"}],"wp:attachment":[{"href":"https:\/\/neuvee.com\/pl\/wp-json\/wp\/v2\/media?parent=712697"}],"wp:term":[{"taxonomy":"product_cat","embeddable":true,"href":"https:\/\/neuvee.com\/pl\/wp-json\/wp\/v2\/product_cat?post=712697"},{"taxonomy":"product_tag","embeddable":true,"href":"https:\/\/neuvee.com\/pl\/wp-json\/wp\/v2\/product_tag?post=712697"}],"curies":[{"name":"wp","href":"https:\/\/api.w.org\/{rel}","templated":true}]}}