{"id":712682,"date":"2024-04-05T16:17:17","date_gmt":"2024-04-05T16:17:17","guid":{"rendered":"https:\/\/neuvee.com\/?post_type=product&#038;p=712682"},"modified":"2025-05-19T14:34:32","modified_gmt":"2025-05-19T14:34:32","slug":"tempest-pirate-action-rpg","status":"publish","type":"product","link":"https:\/\/neuvee.com\/pl\/product\/tempest-pirate-action-rpg\/","title":{"rendered":"TEMPEST: PIRATE ACTION RPG"},"content":{"rendered":"<p>Witaj Kapitanie! Gdy tw\u00f3j Jolly Roger trzepocze na wietrze nad twoim statkiem, jeste\u015b got\u00f3w na \u017ceglowanie po morzach, atakowanie statk\u00f3w handlowych pe\u0142nych skarb\u00f3w i&nbsp;naje\u017cd\u017canie na budz\u0105ce groz\u0119 fortece. Stawiaj \u017cagle i&nbsp;po\u0142\u00f3\u017c swoje r\u0119ce na tych wszystkich legendarnych skarbach, kt\u00f3re tylko czekaj\u0105 na zabranie!<\/p>\n<p>Nawiguj\u0105c przez niebezpieczne wody w grze nie b\u0119dziesz tylko chwyta\u0107 kupc\u00f3w, ale te\u017c napotkasz innych pirat\u00f3w, przera\u017caj\u0105cych wyznawc\u00f3w tajemniczego kultu i&nbsp;straszliwe mityczne potwory: Krakena, Lewiatana, i&nbsp;inne.<br \/>\nTw\u00f3j okr\u0119t \u2013 duma i&nbsp;s\u0142awa ka\u017cdego korsarza \u2013 mo\u017ce by\u0107 ulepszany na wiele sposob\u00f3w. Mo\u017cesz zmieni\u0107 niemal wszystko \u2013 od koloru flagi i&nbsp;\u017cagli po kad\u0142ub okr\u0119tu i&nbsp;galion.<\/p>\n<p>Oczywi\u015bcie masz te\u017c mn\u00f3stwo broni do wyboru do ka\u017cdej bitwy, w tym armaty, mo\u017adzierze, miotacze ognia i&nbsp;wiele innych. Masz te\u017c dost\u0119p do specjalnych narz\u0119dzi, kt\u00f3re pomog\u0105 ci przygotowa\u0107 statek na ka\u017cd\u0105 okazj\u0119. Mimo tego, najcenniejsze artefakty mo\u017cesz zdoby\u0107 wy\u0142\u0105cznie ko\u0144cz\u0105c wieloetapowe zadania nazywane \u201elegendami\u201d.<\/p>\n<p>Cechy gry<\/p>\n<p>Zawsze jest co\u015b do roboty &#8211; Trzy regiony, wiele wysp, setki zada\u0144!<br \/>\nSwoboda zwiedzania \u2013 Nieograniczona \u017cegluga w czasie rzeczywistym, u\u017cyj Globalnej Mapy tylko je\u015bli chcesz!<br \/>\nWsp\u00f3\u0142praca pirat\u00f3w \u2013 Dziel si\u0119 \u015bwiatem Tempest ze znajomymi. Rabuj, handluj i&nbsp;wykonuj zadania z&nbsp;innymi, lub&nbsp;wypowiadaj wojn\u0119 innym graczom i&nbsp;patrz jak ocean zap\u0142onie!<br \/>\nPrawdziwa gra wieloosobowa \u2013 Chcesz by\u0107 samotnym wilkiem morskim? Tryb wieloosobowy to tylko jedna z&nbsp;opcji, gra jest pierwotnie stworzona dla trybu jednoosobowego.<br \/>\nPrzygody \u017ceglarza \u2013 Kupuj okr\u0119ty, ulepszaj je, przyozdabiaj!<br \/>\nBycie piratem: Handlarz czy Oszust? \u2013 Kupuj tanio i&nbsp;sprzedawaj drogo\u2026 Lub pl\u0105druj galeony, zatapiaj okr\u0119ty wojenne, niszcz forty!<br \/>\nWalcz z&nbsp;ogromnymi potworami \u2013 Morscy przyjaciele Krakena czekaj\u0105 na ciebie!<br \/>\nNie tylko armaty \u2013 U\u017cywaj mistycznych kryszta\u0142\u00f3w do ucieczki przed kulami armatnimi przeciwnika, zrzucaj na jego g\u0142owy meteoryty lub&nbsp;wezwij na pomoc ogromn\u0105 o\u015bmiornic\u0119!<br \/>\nStw\u00f3rz wspania\u0142\u0105, lojaln\u0105 za\u0142og\u0119 \u2013 Ulepszaj swoich pirat\u00f3w, niech zaczn\u0105 od majtk\u00f3w i&nbsp;stan\u0105 si\u0119 zaprawionymi wilkami morskimi!<\/p>\n<p><\/p>","protected":false},"excerpt":{"rendered":"<p>Witaj Kapitanie! Gdy tw\u00f3j Jolly Roger trzepocze na wietrze nad twoim statkiem, jeste\u015b got\u00f3w na \u017ceglowanie po morzach, atakowanie statk\u00f3w handlowych pe\u0142nych skarb\u00f3w i&nbsp;naje\u017cd\u017canie na budz\u0105ce groz\u0119 fortece. Stawiaj \u017cagle i&nbsp;po\u0142\u00f3\u017c swoje r\u0119ce na tych wszystkich legendarnych skarbach, kt\u00f3re tylko czekaj\u0105 na zabranie! Nawiguj\u0105c przez niebezpieczne wody w grze nie b\u0119dziesz tylko chwyta\u0107 kupc\u00f3w, ale [&hellip;]<\/p>\n","protected":false},"featured_media":713124,"comment_status":"closed","ping_status":"closed","template":"","meta":{"ub_ctt_via":""},"product_cat":[88,221,89],"product_tag":[218],"class_list":["post-712682","product","type-product","status-publish","has-post-thumbnail","hentry","product_cat-action","product_cat-indie","product_cat-rpg","product_tag-games","platform-steam-works"],"_links":{"self":[{"href":"https:\/\/neuvee.com\/pl\/wp-json\/wp\/v2\/product\/712682","targetHints":{"allow":["GET"]}}],"collection":[{"href":"https:\/\/neuvee.com\/pl\/wp-json\/wp\/v2\/product"}],"about":[{"href":"https:\/\/neuvee.com\/pl\/wp-json\/wp\/v2\/types\/product"}],"replies":[{"embeddable":true,"href":"https:\/\/neuvee.com\/pl\/wp-json\/wp\/v2\/comments?post=712682"}],"wp:featuredmedia":[{"embeddable":true,"href":"https:\/\/neuvee.com\/pl\/wp-json\/wp\/v2\/media\/713124"}],"wp:attachment":[{"href":"https:\/\/neuvee.com\/pl\/wp-json\/wp\/v2\/media?parent=712682"}],"wp:term":[{"taxonomy":"product_cat","embeddable":true,"href":"https:\/\/neuvee.com\/pl\/wp-json\/wp\/v2\/product_cat?post=712682"},{"taxonomy":"product_tag","embeddable":true,"href":"https:\/\/neuvee.com\/pl\/wp-json\/wp\/v2\/product_tag?post=712682"}],"curies":[{"name":"wp","href":"https:\/\/api.w.org\/{rel}","templated":true}]}}