{"id":712481,"date":"2024-04-05T16:06:50","date_gmt":"2024-04-05T16:06:50","guid":{"rendered":"https:\/\/neuvee.com\/?post_type=product&#038;p=712481"},"modified":"2025-05-19T13:27:53","modified_gmt":"2025-05-19T13:27:53","slug":"teardown-season-pass","status":"publish","type":"product","link":"https:\/\/neuvee.com\/pl\/product\/teardown-season-pass\/","title":{"rendered":"TEARDOWN: SEASON PASS"},"content":{"rendered":"<p>Wersja TEARDOWN: PRZEPUSTKA SEZONOWA zawiera:<br \/>\nDLC KAMPERY CZASU \u2013 zestaw kampanii rozszerzaj\u0105cej rozgrywk\u0119 umiejscowionej na Dzikim Zachodzie. Dost\u0119pny od momentu premiery gry.<br \/>\nDLC FOLKRACE \u2013 kampani\u0119 rozszerzaj\u0105c\u0105 rozgrywk\u0119, kt\u00f3ra wprowadza nowe pojazdy oraz&nbsp;seri\u0119 destruktywnych tryb\u00f3w wy\u015bcigowych. Premiera wiosn\u0105 2024 r.<br \/>\nROBOTA QUILEZ R0113R \u2013 transformuj\u0105cy si\u0119 pojazd z&nbsp;niszczycielskimi systemami broni i&nbsp;hakiem, kt\u00f3ry mo\u017cna przywo\u0142a\u0107.<br \/>\nDWA DODATKOWE DLC \u2013 premiera przed ko\u0144cem 2024 r.<\/p>\n<p><\/p>","protected":false},"excerpt":{"rendered":"<p>Wersja TEARDOWN: PRZEPUSTKA SEZONOWA zawiera: DLC KAMPERY CZASU \u2013 zestaw kampanii rozszerzaj\u0105cej rozgrywk\u0119 umiejscowionej na Dzikim Zachodzie. Dost\u0119pny od momentu premiery gry. DLC FOLKRACE \u2013 kampani\u0119 rozszerzaj\u0105c\u0105 rozgrywk\u0119, kt\u00f3ra wprowadza nowe pojazdy oraz&nbsp;seri\u0119 destruktywnych tryb\u00f3w wy\u015bcigowych. Premiera wiosn\u0105 2024 r. ROBOTA QUILEZ R0113R \u2013 transformuj\u0105cy si\u0119 pojazd z&nbsp;niszczycielskimi systemami broni i&nbsp;hakiem, kt\u00f3ry mo\u017cna przywo\u0142a\u0107. DWA [&hellip;]<\/p>\n","protected":false},"featured_media":712743,"comment_status":"closed","ping_status":"closed","template":"","meta":{"ub_ctt_via":""},"product_cat":[88,221,78,222],"product_tag":[218],"class_list":["post-712481","product","type-product","status-publish","has-post-thumbnail","hentry","product_cat-action","product_cat-indie","product_cat-simulation","product_cat-strategy","product_tag-games","platform-steam-works"],"_links":{"self":[{"href":"https:\/\/neuvee.com\/pl\/wp-json\/wp\/v2\/product\/712481","targetHints":{"allow":["GET"]}}],"collection":[{"href":"https:\/\/neuvee.com\/pl\/wp-json\/wp\/v2\/product"}],"about":[{"href":"https:\/\/neuvee.com\/pl\/wp-json\/wp\/v2\/types\/product"}],"replies":[{"embeddable":true,"href":"https:\/\/neuvee.com\/pl\/wp-json\/wp\/v2\/comments?post=712481"}],"wp:featuredmedia":[{"embeddable":true,"href":"https:\/\/neuvee.com\/pl\/wp-json\/wp\/v2\/media\/712743"}],"wp:attachment":[{"href":"https:\/\/neuvee.com\/pl\/wp-json\/wp\/v2\/media?parent=712481"}],"wp:term":[{"taxonomy":"product_cat","embeddable":true,"href":"https:\/\/neuvee.com\/pl\/wp-json\/wp\/v2\/product_cat?post=712481"},{"taxonomy":"product_tag","embeddable":true,"href":"https:\/\/neuvee.com\/pl\/wp-json\/wp\/v2\/product_tag?post=712481"}],"curies":[{"name":"wp","href":"https:\/\/api.w.org\/{rel}","templated":true}]}}