{"id":712452,"date":"2024-04-05T15:59:32","date_gmt":"2024-04-05T15:59:32","guid":{"rendered":"https:\/\/neuvee.com\/?post_type=product&#038;p=712452"},"modified":"2025-05-19T13:38:41","modified_gmt":"2025-05-19T13:38:41","slug":"tchia-steam-4","status":"publish","type":"product","link":"https:\/\/neuvee.com\/pl\/product\/tchia-steam-4\/","title":{"rendered":"TCHIA (STEAM)"},"content":{"rendered":"<p>Do\u0142\u0105cz do Tchii podczas jej tropikalnej przygody w otwartym \u015bwiecie, w trakcie kt\u00f3rej musi uratowa\u0107 ojca z&nbsp;r\u0105k okrutnego tyrana Meavora, w\u0142adcy archipelagu. Wspinaj si\u0119, szybuj, p\u0142ywaj oraz&nbsp;\u017cegluj \u0142odzi\u0105 po pi\u0119knych wyspach, odkrywaj\u0105c otwarty \u015bwiat, oparty na zaawansowanym modelu fizycznym. Zmierz si\u0119 w otwartych starciach z&nbsp;tkaninowymi \u017co\u0142nierzami stworzonymi przez Meavor\u0119, w kt\u00f3rych w\u0142asna kreatywno\u015b\u0107 daje ci przewag\u0119. Przejmij kontrol\u0119 nad ka\u017cdym zwierz\u0119ciem lub&nbsp;obiektem, na jaki natrafisz. Poznaj nowych przyjaci\u00f3\u0142 i&nbsp;graj na ukulele. Oto poetycka opowie\u015b\u0107 o&nbsp;dojrzewaniu, inspirowana Now\u0105 Kaledoni\u0105.<\/p>\n<p>KONTROLA DUSZ<\/p>\n<p>Tchia ma specjalny dar \u2014 potrafi przej\u0105\u0107 kontrol\u0119 nad napotkanym zwierz\u0119ciem lub&nbsp;przedmiotem. Skorzystaj z&nbsp;tego wyj\u0105tkowego sposobu rozgrywki i&nbsp;umiej\u0119tno\u015bci, \u017ceby podr\u00f3\u017cowa\u0107, rozwi\u0105zywa\u0107 \u0142amig\u0142\u00f3wki i&nbsp;odkrywa\u0107 tajemnice. Lataj jako ptak, eksploruj ocean jako ryba, wykopuj skarby jako pies. Ponad 30 grywalnych zwierz\u0105t i&nbsp;setki przedmiot\u00f3w.<\/p>\n<p>EKSPLORACJA I PRZEMIESZCZANIE SI\u0118<\/p>\n<p>Skacz i&nbsp;szybuj po przepastnym archipelagu. Korzystaj z&nbsp;systemu sztuczek, \u017ceby wykona\u0107 \u015bwietne akrobacje i&nbsp;triki. Mechanika klasycznej wspinaczki pozwala wspi\u0105\u0107 si\u0119 na wszystko, bez ogranicze\u0144, w tym na ka\u017cde bazuj\u0105ce na fizyce drzewo. \u017begluj stworzon\u0105 pod siebie \u0142odzi\u0105 po turkusowych lagunach i&nbsp;nurkuj w\u015br\u00f3d raf koralowych i&nbsp;wrak\u00f3w.<\/p>\n<p>UKULELE<\/p>\n<p>Brzd\u0105kaj dla siebie albo&nbsp;w sesjach z&nbsp;NPC. W pe\u0142ni grywalne ukulele b\u0119dzie Ci wiernie towarzyszy\u0107 w trakcie rozgrywki. Korzystaj z&nbsp;niego w wa\u017cnych momentach w trakcie sekcji rytmicznych albo&nbsp;wygrywaj mo\u017cliwe do odblokowania melodie w dowolnej chwili w otwartym \u015bwiecie, \u017ceby wywo\u0142a\u0107 specjalne wydarzenia, jak zwierz\u0119ta czy ulewa&#8230;<\/p>\n<p>FABU\u0141A I MUZYKA<\/p>\n<p>Zabierz Tchi\u0119 w poruszaj\u0105c\u0105 podr\u00f3\u017c i&nbsp;spotkaj przer\u00f3\u017cne postaci zainspirowane kultur\u0105 Nowej Kaledonii. W pe\u0142ni animowane przerywniki filmowe z&nbsp;g\u0142osami w tradycyjnym j\u0119zyku przetykaj\u0105 Twoj\u0105 drog\u0119, a&nbsp;wyj\u0105tkowa aran\u017cacja orkiestrowa po\u0142\u0105czona z&nbsp;lokalnymi d\u017awi\u0119kami tworzy niezwyk\u0142y i&nbsp;wci\u0105gaj\u0105cy \u015bwiat.<\/p>\n<p>PERSONALIZACJA I PRZEDMIOTY<\/p>\n<p>Wystylizuj ubrania i&nbsp;\u0142\u00f3d\u017a Tchii dzi\u0119ki setkom mo\u017cliwych do odblokowania przedmiot\u00f3w, od tradycyjnych po najbardziej przesadzone. W trakcie rozgrywki odblokujesz r\u00f3wnie\u017c przydatne i&nbsp;zabawne przedmioty, takie jak latarka, proca, kompas, aparat&#8230;<\/p>\n<p>NOWA KALEDONIA<\/p>\n<p>\u015awiat Tchii jest zainspirowany Now\u0105 Kaledoni\u0105, ma\u0142\u0105 wysp\u0105 na Oceanie Spokojnym, miejscem, z&nbsp;kt\u00f3rego pochodz\u0105 wsp\u00f3\u0142za\u0142o\u017cyciele Awaceb. Inspiracj\u0119 czerpano z&nbsp;bogatego i&nbsp;zr\u00f3\u017cnicowanego lokalnego pejza\u017cu, kultur, muzyki, j\u0119zyk\u00f3w, folkloru i&nbsp;tradycji. Wykorzystano je do stworzenia fikcyjnego \u015bwiata i&nbsp;opowiedzenia uniwersalnej historii, kt\u00f3r\u0105 zrozumiej\u0105 i&nbsp;pokochaj\u0105 wszyscy. G\u0142os pod postaci w grze podk\u0142adaj\u0105 lokalni aktorzy w tradycyjnych j\u0119zykach, a&nbsp;napisy s\u0105 dost\u0119pne w wielu j\u0119zykach, w tym angielskim, francuskim, rosyjskim, chi\u0144skim, niemieckim i&nbsp;nie tylko.<\/p>\n<p>WALKA I STARCIA<\/p>\n<p>Zmierz si\u0119 z&nbsp;Maano: tajemniczymi wrogami wychodz\u0105cymi z&nbsp;kawa\u0142k\u00f3w drewna i&nbsp;tkaniny. Pozostawaj w ruchu, improwizuj i&nbsp;skorzystaj ze wszystkich zdolno\u015bci Tchii, aby wyj\u015b\u0107 zwyci\u0119sko z&nbsp;tych zaciek\u0142ych star\u0107. Mo\u017cesz te\u017c sprawdzi\u0107 swoje umiej\u0119tno\u015bci, zaliczaj\u0105c mistyczne wyzwania w kaplicach totem\u00f3w.<\/p>\n<p>Chcesz sp\u0119dzi\u0107 wi\u0119cej spokojnego czasu w archipelagu Tchia?<\/p>\n<p>Bezp\u0142atna aktualizacja gry Tchia zawiera 8 nowych melodii dusz, dzi\u0119ki kt\u00f3rym b\u0119dziesz jeszcze lepiej si\u0119 bawi\u0107 w trakcie eksploracji \u2013 to tryb akrobatki, ludzkiej pochodni i&nbsp;super\u0142odzi! Mo\u017cesz tak\u017ce wyposa\u017cy\u0107 si\u0119 w wiele nowych stroj\u00f3w, a&nbsp;wszystkie przedmioty kosmetyczne dadz\u0105 ci teraz dodatkowe korzy\u015bci podczas podr\u00f3\u017cy, takie jak wi\u0119ksz\u0105 wytrzyma\u0142o\u015b\u0107 lub&nbsp;specjalne zdolno\u015bci. Je\u015bli masz ochot\u0119 dowodzi\u0107 gangiem krab\u00f3w lub&nbsp;przyci\u0105gn\u0105\u0107 rekiny, za\u0142\u00f3\u017c odpowiedni str\u00f3j!<\/p>\n<p><\/p>","protected":false},"excerpt":{"rendered":"<p>Do\u0142\u0105cz do Tchii podczas jej tropikalnej przygody w otwartym \u015bwiecie, w trakcie kt\u00f3rej musi uratowa\u0107 ojca z&nbsp;r\u0105k okrutnego tyrana Meavora, w\u0142adcy archipelagu. Wspinaj si\u0119, szybuj, p\u0142ywaj oraz&nbsp;\u017cegluj \u0142odzi\u0105 po pi\u0119knych wyspach, odkrywaj\u0105c otwarty \u015bwiat, oparty na zaawansowanym modelu fizycznym. Zmierz si\u0119 w otwartych starciach z&nbsp;tkaninowymi \u017co\u0142nierzami stworzonymi przez Meavor\u0119, w kt\u00f3rych w\u0142asna kreatywno\u015b\u0107 daje ci [&hellip;]<\/p>\n","protected":false},"featured_media":712729,"comment_status":"closed","ping_status":"closed","template":"","meta":{"ub_ctt_via":""},"product_cat":[88,127,221],"product_tag":[218],"class_list":["post-712452","product","type-product","status-publish","has-post-thumbnail","hentry","product_cat-action","product_cat-adventure","product_cat-indie","product_tag-games","platform-steam-works"],"_links":{"self":[{"href":"https:\/\/neuvee.com\/pl\/wp-json\/wp\/v2\/product\/712452","targetHints":{"allow":["GET"]}}],"collection":[{"href":"https:\/\/neuvee.com\/pl\/wp-json\/wp\/v2\/product"}],"about":[{"href":"https:\/\/neuvee.com\/pl\/wp-json\/wp\/v2\/types\/product"}],"replies":[{"embeddable":true,"href":"https:\/\/neuvee.com\/pl\/wp-json\/wp\/v2\/comments?post=712452"}],"wp:featuredmedia":[{"embeddable":true,"href":"https:\/\/neuvee.com\/pl\/wp-json\/wp\/v2\/media\/712729"}],"wp:attachment":[{"href":"https:\/\/neuvee.com\/pl\/wp-json\/wp\/v2\/media?parent=712452"}],"wp:term":[{"taxonomy":"product_cat","embeddable":true,"href":"https:\/\/neuvee.com\/pl\/wp-json\/wp\/v2\/product_cat?post=712452"},{"taxonomy":"product_tag","embeddable":true,"href":"https:\/\/neuvee.com\/pl\/wp-json\/wp\/v2\/product_tag?post=712452"}],"curies":[{"name":"wp","href":"https:\/\/api.w.org\/{rel}","templated":true}]}}