{"id":712187,"date":"2024-04-05T16:08:17","date_gmt":"2024-04-05T16:08:17","guid":{"rendered":"https:\/\/neuvee.com\/?post_type=product&#038;p=712187"},"modified":"2025-05-19T14:37:03","modified_gmt":"2025-05-19T14:37:03","slug":"teardown-ultimate-edition-4","status":"publish","type":"product","link":"https:\/\/neuvee.com\/pl\/product\/teardown-ultimate-edition-4\/","title":{"rendered":"TEARDOWN: ULTIMATE EDITION"},"content":{"rendered":"<p>&#8221;Wersja TEARDOWN: ULTIMATE EDITION zawiera:<br \/>\nGr\u0119 TEARDOWN<br \/>\nTEARDOWN: PRZEPUSTK\u0118 SEZONOW\u0104<br \/>\nROBOTA QUILEZ R0113R \u2013 transformuj\u0105cy si\u0119 pojazd z&nbsp;niszczycielskimi systemami broni i&nbsp;hakiem, kt\u00f3ry mo\u017cna przywo\u0142a\u0107.&#8221;<br \/>\n&#8222;Wersja TEARDOWN: PRZEPUSTKA SEZONOWA zawiera:<br \/>\nDLC KAMPERY CZASU \u2013 zestaw kampanii rozszerzaj\u0105cej rozgrywk\u0119 umiejscowionej na Dzikim Zachodzie. Dost\u0119pny od momentu premiery gry.<br \/>\nDLC FOLKRACE \u2013 kampani\u0119 rozszerzaj\u0105c\u0105 rozgrywk\u0119, kt\u00f3ra wprowadza nowe pojazdy oraz&nbsp;seri\u0119 destruktywnych tryb\u00f3w wy\u015bcigowych. Premiera wiosn\u0105 2024 r.<br \/>\nDWA DODATKOWE DLC \u2013 premiera przed ko\u0144cem 2024 r.&#8221;<br \/>\nZaplanuj napad idealny, u\u017cywaj\u0105c kreatywnego podej\u015bcia, brutalnej si\u0142y i&nbsp;wszystkiego, co ci\u0119 otacza. Gra Teardown oferuje w pe\u0142ni zniszczalne i&nbsp;interaktywne otoczenie, w kt\u00f3rym g\u0142\u00f3wnymi mechanikami s\u0105 wolno\u015b\u0107 gracza i&nbsp;reaktywna rozgrywka oparta na interakcjach.<br \/>\nWyburzaj \u015bciany za pomoc\u0105 materia\u0142\u00f3w wybuchowych lub&nbsp;pojazd\u00f3w, aby tworzy\u0107 nieoczywiste skr\u00f3ty. Ustawiaj na sobie obiekty, tw\u00f3rz konstrukcje lub&nbsp;korzystaj z&nbsp;unosz\u0105cych si\u0119 obiekt\u00f3w. Spokojnie przygotuj wygodn\u0105 drog\u0119 przez ka\u017cdy poziom, a&nbsp;nast\u0119pnie dokonaj napadu i&nbsp;przeprowad\u017a brawurow\u0105 ucieczk\u0119.<br \/>\nBiegnij, skacz, prowad\u017a, u\u017cywaj do\u0142adowania. R\u00f3b wszystko, aby zdoby\u0107 cele, unikn\u0105\u0107 robot\u00f3w lub&nbsp;skra\u015b\u0107 obiekt wyznaczony przez twoich klient\u00f3w. Tylko nie daj si\u0119 z\u0142apa\u0107!<br \/>\nKAMPANIA<br \/>\nSpirala d\u0142ugu, w kt\u00f3r\u0105 wpad\u0142a twoja firma, zmusi\u0142a ci\u0119 do przyjmowania zlece\u0144 od nieco podejrzanych jegomo\u015bci. W kr\u00f3tkim czasie wci\u0105gn\u0119\u0142o ci\u0119 to w bagno zemsty, zdrady i&nbsp;oszustw ubezpieczeniowych. Zaczynasz od stosunkowo legalnych zlece\u0144, lecz&nbsp;los szybko kieruje ci\u0119 na drog\u0119 kradzie\u017cy aut, wyburzania budynk\u00f3w, wysadzania w powietrze sejf\u00f3w, unikania morderczych robot\u00f3w i&nbsp;innych nietypowych perypetii. Ulepszaj rosn\u0105cy arsena\u0142 narz\u0119dzi, szukaj\u0105c skarb\u00f3w ukrytych w otoczeniu.<br \/>\nSANDBOX<br \/>\nEksperymentuj w r\u00f3\u017cnych \u015brodowiskach, u\u017cywaj\u0105c odblokowanych narz\u0119dzi. W tym trybie masz do dyspozycji nieograniczone zasoby, liczne pojazdy oraz&nbsp;edytor trybu kreatywnego, w kt\u00f3rym mo\u017cna od pocz\u0105tku tworzy\u0107 wokselowe dzie\u0142a. Zero ci\u015bnienia, maksimum frajdy.<br \/>\nWYZWANIA<br \/>\nPrzetestuj swoje umiej\u0119tno\u015bci w eksperymentalnych trybach gry. Nowe wyzwania s\u0105 odblokowywane wraz z&nbsp;post\u0119pami w kampanii.<br \/>\nMODY<br \/>\nZagraj w najlepsze mody stworzone przez spo\u0142eczno\u015b\u0107. \u0141atwo instaluj nowe mapy, minigry, narz\u0119dzia, pojazdy i&nbsp;inne elementy z&nbsp;pomoc\u0105 wbudowanego mened\u017cera mod\u00f3w.<\/p>\n<p>\u2022 W pe\u0142ni zniszczalne wokselowe otoczenie<br \/>\n\u2022 Realistyczna symulacja fizyczna obiekt\u00f3w, od\u0142amk\u00f3w, pojazd\u00f3w, wody, ognia i&nbsp;dymu<br \/>\n\u2022 Szeroki zakres narz\u0119dzi: od m\u0142ota wyburzeniowego przez palnik i&nbsp;ga\u015bnic\u0119 po bro\u0144 paln\u0105 i&nbsp;wybuchow\u0105<br \/>\n\u2022 Liczne kampanie z&nbsp;ponad 40 misjami o&nbsp;rosn\u0105cej trudno\u015bci<br \/>\n\u2022 Tryb Sandbox umo\u017cliwiaj\u0105cy tworzenie, poznawanie i&nbsp;niszczenie zr\u00f3\u017cnicowanego otoczenia<br \/>\n\u2022 Mody stworzone przez spo\u0142eczno\u015b\u0107<\/p>","protected":false},"excerpt":{"rendered":"<p>&#8221;Wersja TEARDOWN: ULTIMATE EDITION zawiera: Gr\u0119 TEARDOWN TEARDOWN: PRZEPUSTK\u0118 SEZONOW\u0104 ROBOTA QUILEZ R0113R \u2013 transformuj\u0105cy si\u0119 pojazd z&nbsp;niszczycielskimi systemami broni i&nbsp;hakiem, kt\u00f3ry mo\u017cna przywo\u0142a\u0107.&#8221; &#8222;Wersja TEARDOWN: PRZEPUSTKA SEZONOWA zawiera: DLC KAMPERY CZASU \u2013 zestaw kampanii rozszerzaj\u0105cej rozgrywk\u0119 umiejscowionej na Dzikim Zachodzie. Dost\u0119pny od momentu premiery gry. DLC FOLKRACE \u2013 kampani\u0119 rozszerzaj\u0105c\u0105 rozgrywk\u0119, kt\u00f3ra wprowadza nowe [&hellip;]<\/p>\n","protected":false},"featured_media":712674,"comment_status":"closed","ping_status":"closed","template":"","meta":{"ub_ctt_via":""},"product_cat":[88,221,78,222],"product_tag":[218],"class_list":["post-712187","product","type-product","status-publish","has-post-thumbnail","hentry","product_cat-action","product_cat-indie","product_cat-simulation","product_cat-strategy","product_tag-games","platform-steam-works"],"_links":{"self":[{"href":"https:\/\/neuvee.com\/pl\/wp-json\/wp\/v2\/product\/712187","targetHints":{"allow":["GET"]}}],"collection":[{"href":"https:\/\/neuvee.com\/pl\/wp-json\/wp\/v2\/product"}],"about":[{"href":"https:\/\/neuvee.com\/pl\/wp-json\/wp\/v2\/types\/product"}],"replies":[{"embeddable":true,"href":"https:\/\/neuvee.com\/pl\/wp-json\/wp\/v2\/comments?post=712187"}],"wp:featuredmedia":[{"embeddable":true,"href":"https:\/\/neuvee.com\/pl\/wp-json\/wp\/v2\/media\/712674"}],"wp:attachment":[{"href":"https:\/\/neuvee.com\/pl\/wp-json\/wp\/v2\/media?parent=712187"}],"wp:term":[{"taxonomy":"product_cat","embeddable":true,"href":"https:\/\/neuvee.com\/pl\/wp-json\/wp\/v2\/product_cat?post=712187"},{"taxonomy":"product_tag","embeddable":true,"href":"https:\/\/neuvee.com\/pl\/wp-json\/wp\/v2\/product_tag?post=712187"}],"curies":[{"name":"wp","href":"https:\/\/api.w.org\/{rel}","templated":true}]}}