{"id":712178,"date":"2024-04-05T15:51:55","date_gmt":"2024-04-05T15:51:55","guid":{"rendered":"https:\/\/neuvee.com\/?post_type=product&#038;p=712178"},"modified":"2025-05-19T13:46:39","modified_gmt":"2025-05-19T13:46:39","slug":"stubbs-the-zombie-i-love-stubbs-edition","status":"publish","type":"product","link":"https:\/\/neuvee.com\/pl\/product\/stubbs-the-zombie-i-love-stubbs-edition\/","title":{"rendered":"STUBBS THE ZOMBIE: I LOVE STUBBS EDITION"},"content":{"rendered":"<p>Nazywam si\u0119 Edward Stubblefield. Mo\u017cliwe, \u017ce znasz mnie z&nbsp;gry Stubbs the Zombie.<\/p>\n<p>Marzy\u0142em tylko o&nbsp;tym, \u017ceby przyklepa\u0107 jak\u0105\u015b wielk\u0105 transakcj\u0119, sko\u0144czy\u0107 z&nbsp;komiwoja\u017cerk\u0105 i&nbsp;ustatkowa\u0107 si\u0119 z&nbsp;dziewczyn\u0105 moich marze\u0144. \u017bycie potrafi jednak&nbsp;dokopa\u0107, wyrwa\u0107 ci serce i, co gorsza, zniszczy\u0107 ci idealnie skrojony garnitur, na kt\u00f3ry wyda\u0142e\u015b ostatnie pieni\u0105dze. Okazuje si\u0119, \u017ce w \u017cyciu po \u017cyciu wszystko jest jedn\u0105 wielk\u0105 premi\u0105.<\/p>\n<p>A skoro ju\u017c mowa o&nbsp;premiach, mam tu co\u015b, co mo\u017ce ci\u0119 zainteresowa\u0107, a&nbsp;mianowicie edycj\u0119 I Love Stubbs gry Stubbs the Zombie in Rebel Without a&nbsp;Pulse. To tutaj to poduszkowiec Hovercar w wersji deluxe, serio.<\/p>\n<p>Mo\u017cesz zakosztowa\u0107 \u017cycia komiwoja\u017cera w cenie, kt\u00f3ra jest absolutnie nie do pobicia! Nie zwlekaj, a&nbsp;dostaniesz te\u017c \u015bcie\u017ck\u0119 d\u017awi\u0119kow\u0105 Stubbs the Zombie i&nbsp;album Fartbook. Nie pozw\u00f3l, \u017ceby taka okazja przesz\u0142a ci ko\u0142o nosa. Ju\u017c dzi\u015b kup gr\u0119 Stubbs the Zombie in Rebel Without a&nbsp;Pulse w wersji I Love Stubbs Edition i&nbsp;nie zapomnij powiedzie\u0107 sprzedawcy, kto ci\u0119 przys\u0142a\u0142!<\/p>\n<p>\u015acie\u017cka d\u017awi\u0119kowa<br \/>\n\u017badne did\u017cejskie hity nie mog\u0105 si\u0119 r\u00f3wna\u0107 z&nbsp;oficjaln\u0105 \u015bcie\u017ck\u0105 d\u017awi\u0119kow\u0105 Stubbs the Zombie! Dzi\u0119ki wsp\u00f3\u0142czesnym wersjom ulubionych klasyk\u00f3w rozkr\u0119cisz ka\u017cd\u0105 imprez\u0119.<\/p>\n<p>Lista utwor\u00f3w<br \/>\n1. \u201eLollipop\u201d Ben Kweller2. \u201eMy Boyfriend&#8217;s Back\u201d The Raveonettes<br \/>\n3. \u201eEarth Angel\u201d Death Cab for Cutie<br \/>\n4. \u201eShakin&#8217; All Over\u201d Rose Hill Drive<br \/>\n5. \u201eStrangers in the Night\u201d Cake<br \/>\n6. \u201eThere Goes My Baby\u201d The Walkmen<br \/>\n7. \u201eEveryday\u201d Rogue Wave<br \/>\n8. \u201eAll I Have to Do Is Dream\u201d The Dandy Warhols<br \/>\n9. \u201eMr. Sandman\u201d Oranger<br \/>\n10. \u201eIf I Only Had a&nbsp;Brain\u201d The Flaming Lips<br \/>\n11. \u201eTears on My Pillow\u201d Clem Snide<br \/>\n12. \u201eLonesome Town\u201d Milton Mapes<br \/>\n13. \u201eThe Living Dead\u201d Phantom Planet<\/p>\n<p>Album Fartbook<br \/>\nIdealny prezent dla koneser\u00f3w sztuki \u2014 wypierdowy album Fartbook, kt\u00f3ry przygotowa\u0142 Stubbs the Zombie, a&nbsp;wyda\u0142o studio Aspyr Media.<br \/>\nRozkoszuj si\u0119 w pe\u0142ni zdigitalizowan\u0105 ksi\u0105\u017ck\u0105 przysz\u0142o\u015bci: zero papieru, zero ba\u0142aganu! Nie musisz ustawia\u0107 na stoliku wie\u017c z&nbsp;ksi\u0105\u017cek w twardej i&nbsp;mi\u0119kkiej oprawie. Zamiast tego skorzystaj z&nbsp;najnowocze\u015bniejszych technologii czytelniczych dost\u0119pnych w postaci albumu Stubbs the Zombie Fartbook.<\/p>\n<p><\/p>","protected":false},"excerpt":{"rendered":"<p>Nazywam si\u0119 Edward Stubblefield. Mo\u017cliwe, \u017ce znasz mnie z&nbsp;gry Stubbs the Zombie. Marzy\u0142em tylko o&nbsp;tym, \u017ceby przyklepa\u0107 jak\u0105\u015b wielk\u0105 transakcj\u0119, sko\u0144czy\u0107 z&nbsp;komiwoja\u017cerk\u0105 i&nbsp;ustatkowa\u0107 si\u0119 z&nbsp;dziewczyn\u0105 moich marze\u0144. \u017bycie potrafi jednak&nbsp;dokopa\u0107, wyrwa\u0107 ci serce i, co gorsza, zniszczy\u0107 ci idealnie skrojony garnitur, na kt\u00f3ry wyda\u0142e\u015b ostatnie pieni\u0105dze. Okazuje si\u0119, \u017ce w \u017cyciu po \u017cyciu wszystko jest [&hellip;]<\/p>\n","protected":false},"featured_media":712640,"comment_status":"closed","ping_status":"closed","template":"","meta":{"ub_ctt_via":""},"product_cat":[88],"product_tag":[218],"class_list":["post-712178","product","type-product","status-publish","has-post-thumbnail","hentry","product_cat-action","product_tag-games","platform-steam-works"],"_links":{"self":[{"href":"https:\/\/neuvee.com\/pl\/wp-json\/wp\/v2\/product\/712178","targetHints":{"allow":["GET"]}}],"collection":[{"href":"https:\/\/neuvee.com\/pl\/wp-json\/wp\/v2\/product"}],"about":[{"href":"https:\/\/neuvee.com\/pl\/wp-json\/wp\/v2\/types\/product"}],"replies":[{"embeddable":true,"href":"https:\/\/neuvee.com\/pl\/wp-json\/wp\/v2\/comments?post=712178"}],"wp:featuredmedia":[{"embeddable":true,"href":"https:\/\/neuvee.com\/pl\/wp-json\/wp\/v2\/media\/712640"}],"wp:attachment":[{"href":"https:\/\/neuvee.com\/pl\/wp-json\/wp\/v2\/media?parent=712178"}],"wp:term":[{"taxonomy":"product_cat","embeddable":true,"href":"https:\/\/neuvee.com\/pl\/wp-json\/wp\/v2\/product_cat?post=712178"},{"taxonomy":"product_tag","embeddable":true,"href":"https:\/\/neuvee.com\/pl\/wp-json\/wp\/v2\/product_tag?post=712178"}],"curies":[{"name":"wp","href":"https:\/\/api.w.org\/{rel}","templated":true}]}}