{"id":712176,"date":"2024-04-05T15:51:36","date_gmt":"2024-04-05T15:51:36","guid":{"rendered":"https:\/\/neuvee.com\/?post_type=product&#038;p=712176"},"modified":"2025-05-19T13:30:10","modified_gmt":"2025-05-19T13:30:10","slug":"stubbs-the-zombie","status":"publish","type":"product","link":"https:\/\/neuvee.com\/pl\/product\/stubbs-the-zombie\/","title":{"rendered":"STUBBS THE ZOMBIE"},"content":{"rendered":"<p>Zosta\u0144 zombie. Siej spustoszenie i&nbsp;po\u017ceraj m\u00f3zgi.<\/p>\n<p>Jest rok 1959. Miasto Punchbowl w stanie Pensylwania jest wzorem post\u0119pu i&nbsp;\u017cyciowego idea\u0142u. Poka\u017c \u017cyj\u0105cym, \u017ce prawo i&nbsp;porz\u0105dek s\u0105 niczym dla zdeterminowanego umarlaka. Maggie, tw\u00f3j ch\u0142opak wr\u00f3ci\u0142 i&nbsp;Punchbowl czekaj\u0105 k\u0142opoty!<\/p>\n<p>&#8211; Zjadaj m\u00f3zgi: wcinaj \u017cywych i&nbsp;uzupe\u0142niaj sw\u00f3j cielesny arsena\u0142 o&nbsp;zombie-flegm\u0119, flakowe granaty i&nbsp;pora\u017caj\u0105ce wzd\u0119cia<br \/>\n&#8211; Przejmuj kontrol\u0119 nad ludno\u015bci\u0105 Punchbowl: przytwierd\u017a swoj\u0105 odci\u0119t\u0105 r\u0119k\u0119 do g\u0142owy wokalisty rewelers\u00f3w i&nbsp;siej spustoszenie<br \/>\n&#8211; Skrzyknij hord\u0119 zombie: przemie\u0144 wrog\u00f3w w nieumar\u0142ych sojusznik\u00f3w i&nbsp;poprowad\u017a ich do wsp\u00f3lnego ataku na \u017cywych<br \/>\n&#8211; Powal cywilizacj\u0119 na kolana: poka\u017c mieszka\u0144com retrofuturystycznego Punchbowl, \u017ce nie mog\u0105 uciec przed przesz\u0142o\u015bci\u0105<br \/>\n&#8211; Relaks ze Stubbsem: zapro\u015b znajomego do gry, aby do\u0142\u0105czy\u0142 do wariackiej zabawy jako Grubbs w klasycznym kanapowym trybie wsp\u00f3\u0142pracy (znajomy do nabycia osobno)<br \/>\n<\/p>","protected":false},"excerpt":{"rendered":"<p>Zosta\u0144 zombie. Siej spustoszenie i&nbsp;po\u017ceraj m\u00f3zgi. Jest rok 1959. Miasto Punchbowl w stanie Pensylwania jest wzorem post\u0119pu i&nbsp;\u017cyciowego idea\u0142u. Poka\u017c \u017cyj\u0105cym, \u017ce prawo i&nbsp;porz\u0105dek s\u0105 niczym dla zdeterminowanego umarlaka. Maggie, tw\u00f3j ch\u0142opak wr\u00f3ci\u0142 i&nbsp;Punchbowl czekaj\u0105 k\u0142opoty! &#8211; Zjadaj m\u00f3zgi: wcinaj \u017cywych i&nbsp;uzupe\u0142niaj sw\u00f3j cielesny arsena\u0142 o&nbsp;zombie-flegm\u0119, flakowe granaty i&nbsp;pora\u017caj\u0105ce wzd\u0119cia &#8211; Przejmuj kontrol\u0119 nad ludno\u015bci\u0105 [&hellip;]<\/p>\n","protected":false},"featured_media":712596,"comment_status":"closed","ping_status":"closed","template":"","meta":{"ub_ctt_via":""},"product_cat":[88],"product_tag":[218],"class_list":["post-712176","product","type-product","status-publish","has-post-thumbnail","hentry","product_cat-action","product_tag-games","platform-steam-works"],"_links":{"self":[{"href":"https:\/\/neuvee.com\/pl\/wp-json\/wp\/v2\/product\/712176","targetHints":{"allow":["GET"]}}],"collection":[{"href":"https:\/\/neuvee.com\/pl\/wp-json\/wp\/v2\/product"}],"about":[{"href":"https:\/\/neuvee.com\/pl\/wp-json\/wp\/v2\/types\/product"}],"replies":[{"embeddable":true,"href":"https:\/\/neuvee.com\/pl\/wp-json\/wp\/v2\/comments?post=712176"}],"wp:featuredmedia":[{"embeddable":true,"href":"https:\/\/neuvee.com\/pl\/wp-json\/wp\/v2\/media\/712596"}],"wp:attachment":[{"href":"https:\/\/neuvee.com\/pl\/wp-json\/wp\/v2\/media?parent=712176"}],"wp:term":[{"taxonomy":"product_cat","embeddable":true,"href":"https:\/\/neuvee.com\/pl\/wp-json\/wp\/v2\/product_cat?post=712176"},{"taxonomy":"product_tag","embeddable":true,"href":"https:\/\/neuvee.com\/pl\/wp-json\/wp\/v2\/product_tag?post=712176"}],"curies":[{"name":"wp","href":"https:\/\/api.w.org\/{rel}","templated":true}]}}