{"id":712173,"date":"2024-04-05T15:50:46","date_gmt":"2024-04-05T15:50:46","guid":{"rendered":"https:\/\/neuvee.com\/?post_type=product&#038;p=712173"},"modified":"2025-05-19T14:35:57","modified_gmt":"2025-05-19T14:35:57","slug":"star-wars-battlefront-classic-collection-4","status":"publish","type":"product","link":"https:\/\/neuvee.com\/pl\/product\/star-wars-battlefront-classic-collection-4\/","title":{"rendered":"STAR WARS\u2122: BATTLEFRONT CLASSIC COLLECTION"},"content":{"rendered":"<p>We\u017a udzia\u0142 w ikonicznych bitwach z&nbsp;galaktyki STAR WARS\u2122<br \/>\nSi\u0119gnij po t\u0119 kompletn\u0105 kolekcj\u0119 i&nbsp;graj w klasyczne gry z&nbsp;serii STAR WARS Battlefront (online lub&nbsp;offline).<br \/>\nZawarto\u015b\u0107 Classic Collection:<br \/>\nSTAR WARS Battlefront (Classic)<br \/>\n&#8211; Zawiera map\u0119 dodatkow\u0105: Jabba&#8217;s Palace<br \/>\nSTAR WARS Battlefront II<br \/>\n&#8211; Zawiera mapy dodatkowe: Bespin: Cloud City, Rhen Var: Harbor, Rhen Var: Citadel, a&nbsp;tak\u017ce Yavin 4: Arena<br \/>\n&#8211; Zawiera bohater\u00f3w dodatkowych: Asajj Ventress oraz&nbsp;Kit Fisto<br \/>\n**Kluczowe cechy**<br \/>\nPrzemierzaj galaktyk\u0119 w trybach kampanii i&nbsp;podboju galaktycznego<br \/>\nPodb\u00f3j galaktyczny: opracuj strategi\u0119, zwerbuj wojska i&nbsp;wprowad\u017a w \u017cycie sw\u00f3j taktyczny plan podboju galaktyki.<br \/>\nKampania STAR WARS\u2122 Battlefront: we\u017a udzia\u0142 w kultowych bitwach z&nbsp;cz\u0119\u015bci I-VI \u201eGwiezdnych wojen\u201d<br \/>\nKampania STAR WARS\u2122 Battlefront II: do\u0142\u0105cz do szturmowc\u00f3w z&nbsp;elitarnego oddzia\u0142u 501st Legion of Stormtroopers Dartha Vadera<br \/>\nRozleg\u0142e lokalizacje z&nbsp;obs\u0142ug\u0105 online dla maksymalnie 64 graczy<br \/>\n&#8211; Walcz na l\u0105dzie: do\u0142\u0105cz do jednostek Wookiee Warriors, Jet Troopers i&nbsp;Droidekas w bitwach dla wielu graczy<br \/>\n&#8211; Usi\u0105d\u017a ze sterami kultowych pojazd\u00f3w: Speeder Bikes, AT-STs, AT-RTs i&nbsp;inne czekaj\u0105 bitwach ofensywnych i&nbsp;defensywnych<br \/>\n&#8211; Pilotuj legendarne statki kosmiczne: TIE fighters, X-wings i&nbsp;inne zmierz\u0105 si\u0119 w przestworzach i&nbsp;kosmosie<br \/>\nRozbudowany tryb Hero Assault<br \/>\nTryb Hero Assault dost\u0119pny jest na wszystkich mapach l\u0105dowych (Death Star, Kashyyyk, Kamino i&nbsp;Naboo) po raz pierwszy w historii<br \/>\n &#8211; Walcz bohaterami: Mace Windu, Yoda, Luke Skywalker i&nbsp;inni!<br \/>\n &#8211; Staw czo\u0142a \u0142otrom: Darth Maul, General Grievous, Darth Vader i&nbsp;inni!<\/p>\n<p><\/p>","protected":false},"excerpt":{"rendered":"<p>We\u017a udzia\u0142 w ikonicznych bitwach z&nbsp;galaktyki STAR WARS\u2122 Si\u0119gnij po t\u0119 kompletn\u0105 kolekcj\u0119 i&nbsp;graj w klasyczne gry z&nbsp;serii STAR WARS Battlefront (online lub&nbsp;offline). Zawarto\u015b\u0107 Classic Collection: STAR WARS Battlefront (Classic) &#8211; Zawiera map\u0119 dodatkow\u0105: Jabba&#8217;s Palace STAR WARS Battlefront II &#8211; Zawiera mapy dodatkowe: Bespin: Cloud City, Rhen Var: Harbor, Rhen Var: Citadel, a&nbsp;tak\u017ce Yavin [&hellip;]<\/p>\n","protected":false},"featured_media":712550,"comment_status":"closed","ping_status":"closed","template":"","meta":{"ub_ctt_via":""},"product_cat":[88],"product_tag":[218],"class_list":["post-712173","product","type-product","status-publish","has-post-thumbnail","hentry","product_cat-action","product_tag-games","platform-steam-works"],"_links":{"self":[{"href":"https:\/\/neuvee.com\/pl\/wp-json\/wp\/v2\/product\/712173","targetHints":{"allow":["GET"]}}],"collection":[{"href":"https:\/\/neuvee.com\/pl\/wp-json\/wp\/v2\/product"}],"about":[{"href":"https:\/\/neuvee.com\/pl\/wp-json\/wp\/v2\/types\/product"}],"replies":[{"embeddable":true,"href":"https:\/\/neuvee.com\/pl\/wp-json\/wp\/v2\/comments?post=712173"}],"wp:featuredmedia":[{"embeddable":true,"href":"https:\/\/neuvee.com\/pl\/wp-json\/wp\/v2\/media\/712550"}],"wp:attachment":[{"href":"https:\/\/neuvee.com\/pl\/wp-json\/wp\/v2\/media?parent=712173"}],"wp:term":[{"taxonomy":"product_cat","embeddable":true,"href":"https:\/\/neuvee.com\/pl\/wp-json\/wp\/v2\/product_cat?post=712173"},{"taxonomy":"product_tag","embeddable":true,"href":"https:\/\/neuvee.com\/pl\/wp-json\/wp\/v2\/product_tag?post=712173"}],"curies":[{"name":"wp","href":"https:\/\/api.w.org\/{rel}","templated":true}]}}