{"id":711971,"date":"2024-04-05T15:39:24","date_gmt":"2024-04-05T15:39:24","guid":{"rendered":"https:\/\/neuvee.com\/?post_type=product&#038;p=711971"},"modified":"2025-05-19T14:32:06","modified_gmt":"2025-05-19T14:32:06","slug":"sid-meiers-civilization-vi-gathering-storm-mac-4","status":"publish","type":"product","link":"https:\/\/neuvee.com\/pl\/product\/sid-meiers-civilization-vi-gathering-storm-mac-4\/","title":{"rendered":"SID MEIER\u2019S CIVILIZATION\u00ae VI: GATHERING STORM [MAC]"},"content":{"rendered":"<p>W drugim rozszerzeniu Civilization VI, Gathering Storm, otaczaj\u0105cy ci\u0119 \u015bwiat jest \u017cywy jak nigdy dot\u0105d. <\/p>\n<p>Wska\u017c swojemu ludowi \u015bcie\u017ck\u0119 wiod\u0105c\u0105 ku zwyci\u0119stwu, tworz\u0105c nowe zaawansowane technologie i&nbsp;projekty in\u017cynieryjne oraz&nbsp;prowadz\u0105c negocjacje w krytycznych sprawach z&nbsp;mi\u0119dzynarodow\u0105 spo\u0142eczno\u015bci\u0105 na forum Kongresu \u015awiatowego. <\/p>\n<p>Twoje decyzje wp\u0142yn\u0105 na globalny ekosystem i&nbsp;mog\u0105 zmieni\u0107 przysz\u0142o\u015b\u0107 ca\u0142ej planety. Katastrofy naturalne takie jak powodzie, burze i&nbsp;erupcje wulkan\u00f3w spl\u0105druj\u0105 b\u0105d\u017a&nbsp;zniszcz\u0105 twoje ulepszenia i&nbsp;dzielnice, ale mog\u0105 te\u017c od\u015bwie\u017cy\u0107 i&nbsp;wzbogaci\u0107 dotkni\u0119te nimi obszary.<\/p>\n<p>Poza nowymi mechanizmami rozgrywki, Civilization VI: Gathering Storm wprowadza r\u00f3wnie\u017c osiem nowych cywilizacji oraz&nbsp;dziewi\u0119ciu nowych przyw\u00f3dc\u00f3w. Rozszerzenie umo\u017cliwia wzniesienie siedmiu nowych cud\u00f3w \u015bwiata oraz&nbsp;stworzenie wielu nowych jednostek, dzielnic, budowli i&nbsp;ulepsze\u0144. <\/p>\n<p>*Aby uruchomi\u0107 t\u0119 zawarto\u015b\u0107, wymagana jest podstawowa wersja gry Sid Meier&#8217;s Civilization\u00ae VI.<\/p>\n<p>*WP\u0141YW \u015aRODOWISKA: *<br \/>\nWulkany, burze (burze \u015bnie\u017cne, burze piaskowe, tornada i&nbsp;huragany), zmiana klimatu, powodzie oraz&nbsp;susze.<\/p>\n<p>*ZASOBY ENERGETYCZNE I EKSPLOATACYJNE: *<br \/>\nW Gathering Storm zasoby strategiczne odgrywaj\u0105 dodatkow\u0105 rol\u0119 \u2013 s\u0105 wykorzystywane w elektrowniach w celu wytwarzania energii zasilaj\u0105cej miasta. Pocz\u0105tkowo najbardziej zaawansowane budowle b\u0119d\u0105 zasilane energi\u0105 pozyskiwan\u0105 ze spalania w\u0119gla i&nbsp;ropy naftowej, lecz&nbsp;wraz z&nbsp;rozwojem rozgrywki i&nbsp;odblokowaniem technologii bli\u017cszym naszym czasom uzyskasz te\u017c dost\u0119p do energii ze \u017ar\u00f3de\u0142 odnawialnych. Decyzje zwi\u0105zane ze sposobem wykorzystywania zasob\u00f3w b\u0119d\u0105 mia\u0142y bezpo\u015bredni wp\u0142yw na zmiany globalnej temperatury i&nbsp;mog\u0105 spowodowa\u0107 topnienie pokrywy lodowej oraz&nbsp;wzrost poziomu m\u00f3rz. <\/p>\n<p>*PROJEKTY IN\u017bYNIERYJNE: *<br \/>\nWykorzystuj ulepszenia takie jak kana\u0142y, zapory, tunele i&nbsp;linie kolejowe, aby przezwyci\u0119\u017ca\u0107 niekorzystne uwarunkowania terenu. Zak\u0142adaj\u0105c miasta, nie zapominaj o&nbsp;ryzyku powodziowym zwi\u0105zanym z&nbsp;przybrze\u017cnymi r\u00f3wninami, ale pami\u0119taj te\u017c, \u017ce technologie dost\u0119pne na p\u00f3\u017aniejszym etapie rozgrywki, np. zapory przeciwpowodziowe, mog\u0105 zabezpieczy\u0107 takie pola. <\/p>\n<p>*KONGRES \u015aWIATOWY: *<br \/>\nSpraw, by pozostali przyw\u00f3dcy \u015bwiata us\u0142yszeli tw\u00f3j g\u0142os. Zdobywaj wzgl\u0119dy dyplomatyczne poprzez dzia\u0142ania takie jak zawieranie sojuszy, wp\u0142ywanie na miasta-pa\u0144stwa czy uczestniczenie w Igrzyskach \u015awiatowych. Zgromadzone wzgl\u0119dy dyplomatyczne pozwol\u0105 ci wym\u00f3c na innych przyw\u00f3dcach obietnice, g\u0142osowa\u0107 na rezolucje, zwo\u0142ywa\u0107 sesj\u0119 specjaln\u0105 Kongresu \u015awiatowego, by zwr\u00f3ci\u0107 uwag\u0119 \u015bwiata na kryzysy wymagaj\u0105ce interwencji, oraz&nbsp;zwi\u0119ksza\u0107 wag\u0119 swojego g\u0142osu, a&nbsp;wszystko to w celu osi\u0105gni\u0119cia nowego zwyci\u0119stwa dyplomatycznego. <\/p>\n<p>*TECHNOLOGIE I IDEE XXI WIEKU: *<br \/>\nDrzewa technologii i&nbsp;idei rozbudowano o&nbsp;now\u0105 epok\u0119. Staw czo\u0142a nowym wp\u0142ywom \u015brodowiska, korzystaj\u0105c z&nbsp;hipotetycznych idei, takich jak relokacja populacji do kolonii morskich, czy rozwijaj\u0105c technologie umo\u017cliwiaj\u0105ce sekwestracj\u0119 wyemitowanego dwutlenku w\u0119gla. <\/p>\n<p>*NOWI PRZYW\u00d3DCY I CYWILIZACJE: *<br \/>\nRozszerzenie wprowadza dziewi\u0119ciu nowych przyw\u00f3dc\u00f3w oraz&nbsp;osiem nowych cywilizacji. Wi\u0105\u017c\u0105 si\u0119 z&nbsp;nimi unikalne premie i&nbsp;mechanizmy rozgrywki, a&nbsp;tak\u017ce dziewi\u0119\u0107 unikalnych jednostek, cztery unikalne budowle, trzy unikalne ulepszenia, dwie unikalne dzielnice i&nbsp;jeden unikalny gubernator. <\/p>\n<p>*NOWE SCENARIUSZE: *<br \/>\n&#8211; Czarna \u015bmier\u0107:<br \/>\n\t\tCzarna \u015bmier\u0107 szala\u0142a w Europie i&nbsp;Azji Zachodniej w po\u0142owie XIV w., pozbawiaj\u0105c \u017cycia wi\u0119ksz\u0105 liczb\u0119 os\u00f3b ni\u017c jakiekolwiek inne wydarzenie w historii \u015bwiata. Pandemia zabi\u0142a miliony, zrujnowa\u0142a gospodark\u0119 wielu kraj\u00f3w, obali\u0142a dynastie i&nbsp;odmieni\u0142a zachodni \u015bwiat. Twoim zadaniem jest przeprowadzenie swojej cywilizacji przez epidemi\u0119: utrzymaj przy \u017cyciu obywateli, zadbaj o&nbsp;gospodark\u0119 i&nbsp;nie pozw\u00f3l upa\u015b\u0107 wierze mimo przyt\u0142aczaj\u0105cej grozy i&nbsp;desperacji. <\/p>\n<p>&#8211; Wojenna machina:<br \/>\n\t\tNa pocz\u0105tku I wojny \u015bwiatowej armia Cesarstwa Niemieckiego mia\u0142a \u015bmia\u0142y plan zak\u0142adaj\u0105cy inwazj\u0119 na neutraln\u0105 Belgi\u0119, a&nbsp;nast\u0119pnie b\u0142yskawiczny atak na centrum Francji, by uprzedzi\u0107 mobilizacj\u0119 francuskiej obrony. W razie powodzenia tej strategii niemieckie si\u0142y zaj\u0119\u0142yby Pary\u017c w przeci\u0105gu miesi\u0105ca i&nbsp;ostatecznie rozbi\u0142y francuski op\u00f3r. W odpowiedzi francuskie dow\u00f3dztwo przygotowa\u0142o Plan XVII \u2013 zmasowany atak maj\u0105cy na celu powstrzymanie niemieckiej ofensywy. Po wypowiedzeniu wojny obie armie ruszy\u0142y do boju i&nbsp;rozpocz\u0119\u0142y jedn\u0105 z&nbsp;najbardziej niewiarygodnych i&nbsp;szokuj\u0105cych kampanii wojskowych w historii \u015bwiata. W tym scenariuszu dla wielu os\u00f3b gracze staj\u0105 po przeciwnych stronach tego konfliktu. Dowodz\u0105c Niemcami, twoim zadaniem jest zdobycie Pary\u017ca. Dowodz\u0105c Francj\u0105, musisz zapobiec przej\u0119ciu tego miasta. Zegar tyka, a&nbsp;wr\u00f3g naciera. Do ataku!<\/p>\n<p>*WI\u0118CEJ NOWEJ ZAWARTO\u015aCI: *<br \/>\nDodano siedem nowych cud\u00f3w \u015bwiata, siedem cud\u00f3w natury, 18 nowych jednostek, 15 nowych ulepsze\u0144, 9 nowych budowli, 5 nowych dzielnic, 2 nowe zestawy miast, 9 nowych technologii i&nbsp;10 nowych idei.<\/p>\n<p>*ULEPSZONE MECHANIZMY ROZGRYWKI: *<br \/>\nRozbudowano o&nbsp;nowe opcje system szpiegowski, zaktualizowano zwyci\u0119stwo naukowe i&nbsp;kulturowe, dodano nowe historyczne momenty oraz&nbsp;wprowadzono usprawnienia pozosta\u0142ych system\u00f3w gry.<\/p>","protected":false},"excerpt":{"rendered":"<p>W drugim rozszerzeniu Civilization VI, Gathering Storm, otaczaj\u0105cy ci\u0119 \u015bwiat jest \u017cywy jak nigdy dot\u0105d. Wska\u017c swojemu ludowi \u015bcie\u017ck\u0119 wiod\u0105c\u0105 ku zwyci\u0119stwu, tworz\u0105c nowe zaawansowane technologie i&nbsp;projekty in\u017cynieryjne oraz&nbsp;prowadz\u0105c negocjacje w krytycznych sprawach z&nbsp;mi\u0119dzynarodow\u0105 spo\u0142eczno\u015bci\u0105 na forum Kongresu \u015awiatowego. Twoje decyzje wp\u0142yn\u0105 na globalny ekosystem i&nbsp;mog\u0105 zmieni\u0107 przysz\u0142o\u015b\u0107 ca\u0142ej planety. Katastrofy naturalne takie jak powodzie, [&hellip;]<\/p>\n","protected":false},"featured_media":712148,"comment_status":"closed","ping_status":"closed","template":"","meta":{"ub_ctt_via":""},"product_cat":[222],"product_tag":[218],"class_list":["post-711971","product","type-product","status-publish","has-post-thumbnail","hentry","product_cat-strategy","product_tag-games","platform-steam-works-mac"],"_links":{"self":[{"href":"https:\/\/neuvee.com\/pl\/wp-json\/wp\/v2\/product\/711971","targetHints":{"allow":["GET"]}}],"collection":[{"href":"https:\/\/neuvee.com\/pl\/wp-json\/wp\/v2\/product"}],"about":[{"href":"https:\/\/neuvee.com\/pl\/wp-json\/wp\/v2\/types\/product"}],"replies":[{"embeddable":true,"href":"https:\/\/neuvee.com\/pl\/wp-json\/wp\/v2\/comments?post=711971"}],"wp:featuredmedia":[{"embeddable":true,"href":"https:\/\/neuvee.com\/pl\/wp-json\/wp\/v2\/media\/712148"}],"wp:attachment":[{"href":"https:\/\/neuvee.com\/pl\/wp-json\/wp\/v2\/media?parent=711971"}],"wp:term":[{"taxonomy":"product_cat","embeddable":true,"href":"https:\/\/neuvee.com\/pl\/wp-json\/wp\/v2\/product_cat?post=711971"},{"taxonomy":"product_tag","embeddable":true,"href":"https:\/\/neuvee.com\/pl\/wp-json\/wp\/v2\/product_tag?post=711971"}],"curies":[{"name":"wp","href":"https:\/\/api.w.org\/{rel}","templated":true}]}}