{"id":711969,"date":"2024-04-05T15:42:08","date_gmt":"2024-04-05T15:42:08","guid":{"rendered":"https:\/\/neuvee.com\/?post_type=product&#038;p=711969"},"modified":"2025-05-19T13:39:04","modified_gmt":"2025-05-19T13:39:04","slug":"sons-of-valhalla-3","status":"publish","type":"product","link":"https:\/\/neuvee.com\/pl\/product\/sons-of-valhalla-3\/","title":{"rendered":"SONS OF VALHALLA"},"content":{"rendered":"<p>Sons of Valhalla \u0142\u0105czy sidescrollerow\u0105 walk\u0119 z&nbsp;elementami strategii i&nbsp;budowania bazy w \u015bwiecie epoki wiking\u00f3w przedstawionym przy pomocy pi\u0119knej pixelartowej grafiki. Grasz jako Thorald Olavson, wojownik tropi\u0105cy jarla, kt\u00f3ry spali\u0142 jego dom, porwa\u0142 jego ukochan\u0105 i&nbsp;uciek\u0142 do odleg\u0142ej Anglii.<\/p>\n<p>Jednak aby zwyci\u0119\u017cy\u0107 na tych nieznanych ziemiach, potrzebujesz pomocy innych. Zbierz armi\u0119 i&nbsp;zbuduj fortec\u0119, z&nbsp;kt\u00f3rej mo\u017cesz kierowa\u0107 poszukiwaniami i&nbsp;podbojami. Zbuduj i&nbsp;wzmocnij twierdz\u0119, aby generowa\u0142a zasoby, jednocze\u015bnie dowodz\u0105c wojownikami w walce z&nbsp;wrogiem i&nbsp;prowadz\u0105c obl\u0119\u017cenia jego osad. <\/p>\n<p>Strategiczne budowanie bazy<br \/>\nBudowanie bazy jest kluczem do powodzenia Twojej misji. Rozbudowuj swoje miasta i&nbsp;aktywnie zarz\u0105dzaj gospodark\u0105 lub&nbsp;napadaj okoliczne osady, aby zabra\u0107, co potrzebujesz. Ro\u015bnij w si\u0142\u0119, aby stawi\u0107 czo\u0142a pot\u0119dze wroga. Podbijaj wioski, zbieraj zasoby i&nbsp;werbuj wojownik\u00f3w gotowych walczy\u0107 w Twojej sprawie.<br \/>\n\u2022 Wznie\u015b i&nbsp;ulepsz szereg budynk\u00f3w, kt\u00f3re generuj\u0105 zasoby, umo\u017cliwiaj\u0105 ich przechowywanie lub&nbsp;zapewniaj\u0105 Twoim wojownikom zaawansowane szkolenie lub&nbsp;zdolno\u015bci. Zamie\u0144 kwitn\u0105ce wioski w pot\u0119\u017cne twierdze produkuj\u0105ce uzbrojone po z\u0119by wojska i&nbsp;pot\u0119\u017cne maszyny obl\u0119\u017cnicze.<\/p>\n<p>\u2022 Fortyfikuj wioski przed atakami \u2013 wr\u00f3g nie pozostanie bezczynny w obliczu Twojej inwazji. Podbite przez Ciebie graniczne miasta stan\u0105 si\u0119 miejscem walk o&nbsp;terytorium. Je\u015bli nie b\u0119dziesz ich broni\u0107, wr\u00f3g mo\u017ce \u0142atwo je odbi\u0107.<\/p>\n<p>\u2022 Napadaj pobliskie osady, kt\u00f3rych nie jeste\u015b jeszcze w stanie podbi\u0107 i&nbsp;utrzyma\u0107. Bierz wszelkie \u0142upy, jakie mo\u017cesz zabra\u0107, i&nbsp;przerzed\u017a szeregi wroga. Poczekaj, a\u017c uro\u015bniesz w si\u0142\u0119, i&nbsp;zajmij ziemi\u0119 os\u0142abionego przeciwnika.<br \/>\nTaktyczna walka<br \/>\nGdy zbudujesz ju\u017c twierdz\u0119 i&nbsp;zbierzesz wojownik\u00f3w, czas rusza\u0107 na podb\u00f3j. Poprowad\u017a swoich ludzi w taktycznej walce, wydaj\u0105c rozkazy oraz&nbsp;u\u017cywaj\u0105c specjalnych zdolno\u015bci i&nbsp;formacji. Tylko pami\u0119taj: prawdziwy wojownik dowodzi na froncie, wi\u0119c&nbsp;b\u0105d\u017a&nbsp;got\u00f3w walczy\u0107 razem ze swoimi lud\u017ami.<br \/>\n\u2022 Rekrutuj rozmaite jednostki do walki w Twojej sprawie \u2013 od zwyk\u0142ych szermierzy i&nbsp;\u0142ucznik\u00f3w po lepiej uzbrojonych i&nbsp;opancerzonych wojownik\u00f3w. Kluczem do sukcesu w bitwie jest wykorzystanie odpowiednich dla danej sytuacji jednostek.<\/p>\n<p>\u2022 Wydawaj rozkazy, aby dostosowa\u0107 si\u0119 do ka\u017cdej sytuacji. Ka\u017c wojownikom pod\u0105\u017ca\u0107 za Tob\u0105 lub&nbsp;atakowa\u0107 wroga, og\u0142o\u015b odwr\u00f3t, gdy bitwa nie idzie po Twojej my\u015bli, lub&nbsp;utw\u00f3rz mur z&nbsp;tarcz i&nbsp;staw czo\u0142a przeciwnikowi, jak na wiking\u00f3w przysta\u0142o.<\/p>\n<p>\u2022 Prze\u0142am si\u0119 przez mur z&nbsp;tarcz wroga i&nbsp;poszatkuj go w\u0142asnym or\u0119\u017cem lub&nbsp;zosta\u0144 mistrzem \u0142uku i&nbsp;w\u0142\u00f3czni, aby rozgromi\u0107 wrogie wojska z&nbsp;daleka. Walcz u boku swoich ludzi, kryj ich podczas odwrotu i&nbsp;prowad\u017a ataki. Gdy Twoi wojownicy odpoczywaj\u0105 po ci\u0119\u017ckiej bitwie, mo\u017cesz samemu wyruszy\u0107 w teren, aby poszuka\u0107 skarb\u00f3w i&nbsp;atakowa\u0107 wrog\u00f3w.<br \/>\nObl\u0119\u017cenia<br \/>\nPotrzebujesz maszyn obl\u0119\u017cniczych do niszczenia pot\u0119\u017cnych fortec budowanych przez wroga i&nbsp;obrony w\u0142asnych. U\u017cywaj katapult i&nbsp;taran\u00f3w, aby przebi\u0107 si\u0119 przez bramy i&nbsp;mury, i&nbsp;niszcz wrogie trebusze zasypuj\u0105ce Twoje wojska pociskami.<br \/>\nR\u0119cznie zaprojektowany \u015bwiat epoki wiking\u00f3w<br \/>\nSons of Valhalla to dzie\u0142o dw\u00f3ch braci z&nbsp;zami\u0142owaniem do pixelartowej grafiki i&nbsp;epoki wiking\u00f3w. Mamy nadziej\u0119, \u017ce pomi\u0119dzy podbojami i&nbsp;walk\u0105 docenisz detale takie jak wygl\u0105d budynk\u00f3w, kaczki p\u0142ywaj\u0105ce w wodzie i&nbsp;efekty towarzysz\u0105ce zmianie pory dnia oraz&nbsp;burzom.<\/p>\n<p><\/p>","protected":false},"excerpt":{"rendered":"<p>Sons of Valhalla \u0142\u0105czy sidescrollerow\u0105 walk\u0119 z&nbsp;elementami strategii i&nbsp;budowania bazy w \u015bwiecie epoki wiking\u00f3w przedstawionym przy pomocy pi\u0119knej pixelartowej grafiki. Grasz jako Thorald Olavson, wojownik tropi\u0105cy jarla, kt\u00f3ry spali\u0142 jego dom, porwa\u0142 jego ukochan\u0105 i&nbsp;uciek\u0142 do odleg\u0142ej Anglii. Jednak aby zwyci\u0119\u017cy\u0107 na tych nieznanych ziemiach, potrzebujesz pomocy innych. Zbierz armi\u0119 i&nbsp;zbuduj fortec\u0119, z&nbsp;kt\u00f3rej mo\u017cesz kierowa\u0107 [&hellip;]<\/p>\n","protected":false},"featured_media":712267,"comment_status":"closed","ping_status":"closed","template":"","meta":{"ub_ctt_via":""},"product_cat":[88,89,78,222],"product_tag":[218],"class_list":["post-711969","product","type-product","status-publish","has-post-thumbnail","hentry","product_cat-action","product_cat-rpg","product_cat-simulation","product_cat-strategy","product_tag-games","platform-steam-works"],"_links":{"self":[{"href":"https:\/\/neuvee.com\/pl\/wp-json\/wp\/v2\/product\/711969","targetHints":{"allow":["GET"]}}],"collection":[{"href":"https:\/\/neuvee.com\/pl\/wp-json\/wp\/v2\/product"}],"about":[{"href":"https:\/\/neuvee.com\/pl\/wp-json\/wp\/v2\/types\/product"}],"replies":[{"embeddable":true,"href":"https:\/\/neuvee.com\/pl\/wp-json\/wp\/v2\/comments?post=711969"}],"wp:featuredmedia":[{"embeddable":true,"href":"https:\/\/neuvee.com\/pl\/wp-json\/wp\/v2\/media\/712267"}],"wp:attachment":[{"href":"https:\/\/neuvee.com\/pl\/wp-json\/wp\/v2\/media?parent=711969"}],"wp:term":[{"taxonomy":"product_cat","embeddable":true,"href":"https:\/\/neuvee.com\/pl\/wp-json\/wp\/v2\/product_cat?post=711969"},{"taxonomy":"product_tag","embeddable":true,"href":"https:\/\/neuvee.com\/pl\/wp-json\/wp\/v2\/product_tag?post=711969"}],"curies":[{"name":"wp","href":"https:\/\/api.w.org\/{rel}","templated":true}]}}