{"id":711963,"date":"2024-04-05T15:33:35","date_gmt":"2024-04-05T15:33:35","guid":{"rendered":"https:\/\/neuvee.com\/?post_type=product&#038;p=711963"},"modified":"2025-05-19T13:33:55","modified_gmt":"2025-05-19T13:33:55","slug":"sid-meiers-civilization-vi-platinum-edition-mac-4","status":"publish","type":"product","link":"https:\/\/neuvee.com\/pl\/product\/sid-meiers-civilization-vi-platinum-edition-mac-4\/","title":{"rendered":"SID MEIER\u2019S CIVILIZATION\u00ae VI PLATINUM EDITION [MAC]"},"content":{"rendered":"<p>ZAWIERA GR\u0118 + 6 PAKIET\u00d3W DLC + 2 ROZSZERZENIA<\/p>\n<p>Civilization to seria turowych gier strategicznych, kt\u00f3rej ojcem jest legendarny projektant Sid Meier. Twoje zadanie polega na zbudowaniu imperium zdolnego przetrwa\u0107 pr\u00f3b\u0119 czasu. Odkrywaj nowe l\u0105dy, tw\u00f3rz nowe technologie, podbijaj swoich wrog\u00f3w i&nbsp;staw czo\u0142a najwi\u0119kszym przyw\u00f3dcom w historii, by stworzy\u0107 najwspanialsz\u0105 cywilizacj\u0119, jak\u0105 widzia\u0142 \u015bwiat.<\/p>\n<p>Civilization VI oferuje nowe sposoby interakcji ze \u015bwiatem \u2013 miasta fizycznie rozbudowuj\u0105 si\u0119 teraz na mapie, aktywne badania technologii i&nbsp;kultury odblokowuj\u0105 nowy potencja\u0142, a&nbsp;rywalizuj\u0105cy liderzy d\u0105\u017c\u0105 do realizacji swoich cel\u00f3w, w zale\u017cno\u015bci od ich historycznych cech. Ka\u017cdy lider ma pi\u0119\u0107 sposob\u00f3w, na kt\u00f3re mo\u017ce osi\u0105gn\u0105\u0107 ostateczne zwyci\u0119stwo w grze. <\/p>\n<p>Sid Meier\u2019s Civilization VI: Platinum Edition to idealna propozycja dla graczy na PC, kt\u00f3rzy jeszcze nie poznali wci\u0105gaj\u0105cej rozgrywki, czyni\u0105cej z&nbsp;Civilization jedn\u0105 z&nbsp;najwspanialszych serii wszech czas\u00f3w. Pakiet ten zawiera Sid Meier\u2019s Civilization VI, sze\u015b\u0107 pakiet\u00f3w DLC, a&nbsp;tak\u017ce dodatki Rise and Fall oraz&nbsp;Gathering Storm.<\/p>\n<p>Zawarto\u015b\u0107 Platinum Edition:<br \/>\nSid Meier\u2019s Civilization VI<br \/>\nCivilization VI \u2013 Pakiet wiking\u00f3w<br \/>\nCivilization VI \u2013 Civilization VI \u2013 Pakiet Polski<br \/>\nCivilization VI \u2013 Pakiet Australii<br \/>\nCivilization VI \u2013 Pakiet Persji i&nbsp;Macedonii<br \/>\nCivilization VI \u2013 Pakiet Nubii<br \/>\nCivilization VI \u2013 Pakiet Khmeru i&nbsp;Indonezji<br \/>\nCivilization VI: dodatek Rise and Fall<br \/>\nCivilization VI: dodatek Gathering Storm<\/p>\n<p>NAJWI\u0118KSI PRZYW\u00d3DCY \u015aWIATA: Wciel si\u0119 w jednego z&nbsp;45 przyw\u00f3dc\u00f3w r\u00f3\u017cnych cywilizacji z&nbsp;ca\u0142ego \u015bwiata i&nbsp;r\u00f3\u017cnych okres\u00f3w historycznych. Stw\u00f3rz imperium pe\u0142ne dochodowych szlak\u00f3w handlowych jako Kleopatra z&nbsp;Egiptu, napnij wojskowe musku\u0142y swoich legion\u00f3w jako Trajan z&nbsp;Rzymu albo&nbsp;popisz si\u0119 pot\u0119g\u0105 kulturaln\u0105 jako Hojo Tokimune z&nbsp;Japonii. Ka\u017cdym przyw\u00f3dc\u0105 mo\u017cesz gra\u0107 tak, jak zechcesz, a&nbsp;ka\u017cdy posiada unikatowe umiej\u0119tno\u015bci, jednostki i&nbsp;infrastruktur\u0119. Ostatecznym celem jest zawsze zwyci\u0119stwo.<\/p>\n<p>BEZKRESNE IMPERIA: Dzi\u0119ki nowej mapie mo\u017cesz podziwia\u0107 cuda swojego imperium w nieznany wcze\u015bniej spos\u00f3b. Ka\u017cde miasto rozprzestrzenia si\u0119 na wiele p\u00f3l, wi\u0119c&nbsp;mo\u017cna kierowa\u0107 ich rozwojem tak, by w pe\u0142ni wykorzysta\u0107 otaczaj\u0105cy je teren.<\/p>\n<p>AKTYWNE BADANIA: Odblokowuj wzmocnienia przyspieszaj\u0105ce historyczny rozw\u00f3j twojej cywilizacji. \u017beby dodatkowo wspiera\u0107 ten proces, u\u017cywaj jednostek do czynnej eksploracji, przebudowy otoczenia i&nbsp;odkrywania nowych kultur. <\/p>\n<p>DYNAMICZNA DYPLOMACJA: Natura interakcji z&nbsp;innymi cywilizacjami zmienia si\u0119 w trakcie gry: od pierwszych, cz\u0119sto splamionych krwi\u0105 kontakt\u00f3w a\u017c po sojusze i&nbsp;negocjacje w p\u00f3\u017aniejszych etapach. <\/p>\n<p>WIEKI: Wraz z&nbsp;rozwojem twojej cywilizacji i&nbsp;osi\u0105gni\u0119ciem kamieni milowych zwanych historycznymi momentami, przesuwasz si\u0119 coraz dalej ku ciemnemu wiekowi lub&nbsp;z\u0142otej erze. Ka\u017cdy z&nbsp;nich dostarcza konkretnych wyzwa\u0144 lub&nbsp;premii, w zale\u017cno\u015bci od twojego zachowania w grze. Odrod\u017a si\u0119 z&nbsp;ciemnego wieku, a&nbsp;twoja kolejna z\u0142ota era b\u0119dzie jeszcze pot\u0119\u017cniejsza \u2013 b\u0119dzie er\u0105 heroiczn\u0105.<\/p>\n<p>LOJALNO\u015a\u0106: Miasta maj\u0105 teraz indywidualny poziom lojalno\u015bci odpowiadaj\u0105cy twojemu dowodzeniu \u2013 je\u015bli spadnie on zbyt nisko, ucierpi\u0105 plony, pojawi\u0105 si\u0119 rewolucje i&nbsp;mo\u017cliwo\u015b\u0107 utraty miasta na rzecz innej cywilizacji. Miasto b\u0119dzie te\u017c mog\u0142o wybi\u0107 si\u0119 na niepodleg\u0142o\u015b\u0107. Strata jednej cywilizacji mo\u017ce by\u0107 zyskiem innej \u2013 inspiruj\u0105c lojalno\u015b\u0107 wobec miast na mapie mo\u017cesz rozszerzy\u0107 swoje terytorium. <\/p>\n<p>GUBERNATORZY: Werbuj, wysy\u0142aj i&nbsp;ulepszaj pot\u0119\u017cne postacie o&nbsp;niepowtarzalnych premiach specjalizacji i&nbsp;drzewach promocji, aby personalizowa\u0107 swoje miasta i&nbsp;wzmacnia\u0107 lojalno\u015b\u0107.<\/p>\n<p>PO\u0141\u0104CZONE RODZAJE WOJSK: Rozbudowano system \u201ejednej jednostki na pole\u201d, co pozwala na \u0142\u0105czenie jednostek wsparcia z&nbsp;innymi oddzia\u0142ami, jak na przyk\u0142ad wzmacnianie piechoty si\u0142ami przeciwpancernymi, czy te\u017c ochron\u0119 osadnik\u00f3w przez grupy wojownik\u00f3w. Mo\u017cna te\u017c \u0142\u0105czy\u0107 podobne jednostki, tworz\u0105c odpowiednio pot\u0119\u017cniejsze \u201ekorpusy.<\/p>\n<p>INTERWENCJE KRYZYSOWE: Gdy cywilizacja stanie si\u0119 zbyt pot\u0119\u017cna, inne cywilizacje mog\u0105 do\u0142\u0105czy\u0107 do paktu przeciwko niej oraz&nbsp;zdoby\u0107 nagrody lub&nbsp;kary, gdy kryzys si\u0119 sko\u0144czy.<\/p>\n<p>O\u015a CZASU: Przejrzyj histori\u0119 swojej cywilizacji w ka\u017cdej chwili, dzi\u0119ki nowej opcji osi czasu \u2013 to graficzna podr\u00f3\u017c poprzez historyczne momenty, kt\u00f3re wydarzy\u0142y si\u0119 na twojej \u015bcie\u017cce ku zwyci\u0119stwu. <\/p>\n<p>WP\u0141YW \u015aRODOWISKA: Wulkany, burze (burze \u015bnie\u017cne, burze piaskowe, tornada i&nbsp;huragany), zmiana klimatu, powodzie oraz&nbsp;susze tchn\u0105 w \u015bwiat \u017cycie, jakiego w tej serii jeszcze nie widziano. Decyzje o&nbsp;wyborze miejsc, w kt\u00f3rych za\u0142o\u017cysz swoje miasta, s\u0105 wa\u017cniejsze ni\u017c kiedykolwiek dot\u0105d, bo&nbsp;z&nbsp;du\u017cym ryzykiem wi\u0105\u017c\u0105 si\u0119 du\u017ce korzy\u015bci. <\/p>\n<p>ZASOBY ENERGETYCZNE I EKSPLOATACYJNE: Zasoby strategiczne odgrywaj\u0105 dodatkow\u0105 rol\u0119 \u2013 s\u0105 wykorzystywane w elektrowniach w celu wytwarzania energii zasilaj\u0105cej miasta. Pocz\u0105tkowo najbardziej zaawansowane budowle b\u0119d\u0105 zasilane energi\u0105 pozyskiwan\u0105 ze spalania w\u0119gla i&nbsp;ropy naftowej, lecz&nbsp;wraz z&nbsp;rozwojem rozgrywki i&nbsp;odblokowaniem technologii bli\u017cszym naszym czasom uzyskasz te\u017c dost\u0119p do energii ze \u017ar\u00f3de\u0142 odnawialnych. Decyzje zwi\u0105zane ze sposobem wykorzystywania zasob\u00f3w b\u0119d\u0105 mia\u0142y bezpo\u015bredni wp\u0142yw na zmiany globalnej temperatury i&nbsp;mog\u0105 spowodowa\u0107 topnienie pokrywy lodowej oraz&nbsp;wzrost poziomu m\u00f3rz. <\/p>\n<p>PROJEKTY IN\u017bYNIERYJNE: Wykorzystuj ulepszenia, takie jak kana\u0142y, zapory, tunele i&nbsp;linie kolejowe, aby przezwyci\u0119\u017ca\u0107 niekorzystne uwarunkowania terenu. Zak\u0142adaj\u0105c miasta, nie zapominaj o&nbsp;ryzyku powodziowym zwi\u0105zanym z&nbsp;przybrze\u017cnymi r\u00f3wninami, ale pami\u0119taj te\u017c, \u017ce technologie dost\u0119pne na p\u00f3\u017aniejszym etapie rozgrywki, np. zapory przeciwpowodziowe, mog\u0105 zabezpieczy\u0107 takie pola.<\/p>\n<p>KONGRES \u015aWIATOWY: Spraw, by pozostali przyw\u00f3dcy \u015bwiata us\u0142yszeli tw\u00f3j g\u0142os. Zdobywaj wzgl\u0119dy dyplomatyczne poprzez takie dzia\u0142ania, jak zawieranie sojuszy, wp\u0142ywanie na miasta-pa\u0144stwa czy uczestniczenie w Igrzyskach \u015awiatowych. Zgromadzone wzgl\u0119dy dyplomatyczne pozwol\u0105 ci wym\u00f3c na innych przyw\u00f3dcach obietnice, g\u0142osowa\u0107 na rezolucje, zwo\u0142ywa\u0107 sesj\u0119 specjaln\u0105 Kongresu \u015awiatowego, by zwr\u00f3ci\u0107 uwag\u0119 \u015bwiata na kryzysy wymagaj\u0105ce interwencji, oraz&nbsp;zwi\u0119ksza\u0107 wag\u0119 swojego g\u0142osu, a&nbsp;wszystko to w celu osi\u0105gni\u0119cia nowego zwyci\u0119stwa dyplomatycznego. <\/p>\n<p>TECHNOLOGIE I IDEE XXI WIEKU: Drzewa technologii i&nbsp;idei rozbudowano o&nbsp;now\u0105 epok\u0119. Staw czo\u0142a nowym wp\u0142ywom \u015brodowiska, korzystaj\u0105c z&nbsp;hipotetycznych idei, takich jak relokacja populacji do kolonii morskich, czy rozwijaj\u0105c technologie umo\u017cliwiaj\u0105ce sekwestracj\u0119 wyemitowanego dwutlenku w\u0119gla.<\/p>\n<p>ULEPSZONA GRA WIELOOSOBOWA: Opr\u00f3cz korzystania z&nbsp;tradycyjnych tryb\u00f3w gry wieloosobowej mo\u017cna b\u0119dzie wsp\u00f3\u0142pracowa\u0107 i&nbsp;wsp\u00f3\u0142zawodniczy\u0107 ze znajomymi w licznych scenariuszach zaprojektowanych tak, by da\u0142o si\u0119 je uko\u0144czy\u0107 w trakcie jednej sesji gry.<\/p>","protected":false},"excerpt":{"rendered":"<p>ZAWIERA GR\u0118 + 6 PAKIET\u00d3W DLC + 2 ROZSZERZENIA Civilization to seria turowych gier strategicznych, kt\u00f3rej ojcem jest legendarny projektant Sid Meier. Twoje zadanie polega na zbudowaniu imperium zdolnego przetrwa\u0107 pr\u00f3b\u0119 czasu. Odkrywaj nowe l\u0105dy, tw\u00f3rz nowe technologie, podbijaj swoich wrog\u00f3w i&nbsp;staw czo\u0142a najwi\u0119kszym przyw\u00f3dcom w historii, by stworzy\u0107 najwspanialsz\u0105 cywilizacj\u0119, jak\u0105 widzia\u0142 \u015bwiat. Civilization [&hellip;]<\/p>\n","protected":false},"featured_media":712312,"comment_status":"closed","ping_status":"closed","template":"","meta":{"ub_ctt_via":""},"product_cat":[222],"product_tag":[218],"class_list":["post-711963","product","type-product","status-publish","has-post-thumbnail","hentry","product_cat-strategy","product_tag-games","platform-steam-works-mac"],"_links":{"self":[{"href":"https:\/\/neuvee.com\/pl\/wp-json\/wp\/v2\/product\/711963","targetHints":{"allow":["GET"]}}],"collection":[{"href":"https:\/\/neuvee.com\/pl\/wp-json\/wp\/v2\/product"}],"about":[{"href":"https:\/\/neuvee.com\/pl\/wp-json\/wp\/v2\/types\/product"}],"replies":[{"embeddable":true,"href":"https:\/\/neuvee.com\/pl\/wp-json\/wp\/v2\/comments?post=711963"}],"wp:featuredmedia":[{"embeddable":true,"href":"https:\/\/neuvee.com\/pl\/wp-json\/wp\/v2\/media\/712312"}],"wp:attachment":[{"href":"https:\/\/neuvee.com\/pl\/wp-json\/wp\/v2\/media?parent=711963"}],"wp:term":[{"taxonomy":"product_cat","embeddable":true,"href":"https:\/\/neuvee.com\/pl\/wp-json\/wp\/v2\/product_cat?post=711963"},{"taxonomy":"product_tag","embeddable":true,"href":"https:\/\/neuvee.com\/pl\/wp-json\/wp\/v2\/product_tag?post=711963"}],"curies":[{"name":"wp","href":"https:\/\/api.w.org\/{rel}","templated":true}]}}