{"id":711960,"date":"2024-04-05T15:32:05","date_gmt":"2024-04-05T15:32:05","guid":{"rendered":"https:\/\/neuvee.com\/?post_type=product&#038;p=711960"},"modified":"2025-05-19T14:36:00","modified_gmt":"2025-05-19T14:36:00","slug":"civilization-vi-maya-gran-colombia-pack-mac","status":"publish","type":"product","link":"https:\/\/neuvee.com\/pl\/product\/civilization-vi-maya-gran-colombia-pack-mac\/","title":{"rendered":"CIVILIZATION VI &#8211; MAYA &#038; GRAN COLOMBIA PACK [MAC]"},"content":{"rendered":"<p>*Aby uruchomi\u0107 t\u0119 zawarto\u015b\u0107, wymagana jest podstawowa wersja gry Sid Meier&#8217;s Civilization\u00ae VI.<\/p>\n<p>Ten nowy pakiet zawarto\u015bci wprowadza Pani\u0105 Sz\u00f3ste Niebo jako przyw\u00f3dczyni\u0119 Maj\u00f3w oraz&nbsp;Sim\u00f3na Bol\u00edvara jako przyw\u00f3dc\u0119 Wielkiej Kolumbii. Majowie ju\u017c na wczesnym etapie gry potrafi\u0105 wznosi\u0107 wspaniale prosperuj\u0105ce centra miast wspierane przez farmy i&nbsp;plantacje oraz&nbsp;chronione przez ich unikalne jednostki hul&#8217;ch\u00f3w. Wielka Kolumbia skupia si\u0119 na tworzeniu szybkich armii wspieranych przez pot\u0119\u017cnych komendant\u00f3w generalnych Sim\u00f3na Bol\u00edvara.<\/p>\n<p>*Pakiet zawiera cywilizacj\u0119 Maj\u00f3w z&nbsp;jej przyw\u00f3dczyni\u0105, Pani\u0105 Sz\u00f3ste Niebo, unikaln\u0105 jednostk\u0105 hul&#8217;ch\u00f3w i&nbsp;unikaln\u0105 dzielnic\u0105: obserwatorium.*<br \/>\n&#8211; Unikalna umiej\u0119tno\u015b\u0107 cywilizacji: \u201eMayab\u201d zapewnia Majom premi\u0119 do obszar\u00f3w mieszkalnych i&nbsp;produkcji dzi\u0119ki farmom oraz&nbsp;premi\u0119 do udogodnie\u0144 dzi\u0119ki zasobom luksusowym s\u0105siaduj\u0105cym z&nbsp;centrami miast. Majowie nie zyskuj\u0105 premii do obszar\u00f3w mieszkalnych za osiedlanie si\u0119 w s\u0105siedztwie wybrze\u017ca lub&nbsp;wody pitnej.<br \/>\n&#8211; Unikalna umiej\u0119tno\u015b\u0107 przyw\u00f3dczyni: Panie Sz\u00f3ste Niebo dysponuje umiej\u0119tno\u015bci\u0105 \u201eIx Mutal Ajaw\u201d zapewniaj\u0105c\u0105 Majom premie do przychod\u00f3w w miastach znajduj\u0105cych si\u0119 w promieniu sze\u015bciu p\u00f3l od stolicy oraz&nbsp;premi\u0119 bojow\u0105 dla jednostek znajduj\u0105cych si\u0119 w promieniu sze\u015bciu p\u00f3l od stolicy.<br \/>\n&#8211; Unikalna jednostka: hul&#8217;che \u2013 zast\u0119puj\u0105 \u0142ucznik\u00f3w, od kt\u00f3rych s\u0105 silniejsi, oraz&nbsp;zyskuj\u0105 premi\u0119 do si\u0142y bojowej podczas atakowania rannych jednostek.<br \/>\n&#8211; Unikalna dzielnica: obserwatorium \u2013 zast\u0119puje kampus i&nbsp;zapewnia ma\u0142\u0105 premi\u0119 za s\u0105siedztwo farm oraz&nbsp;du\u017c\u0105 premi\u0119 za s\u0105siedztwo plantacji.<\/p>\n<p>*Pakiet zawiera r\u00f3wnie\u017c cywilizacj\u0119 Wielkiej Kolumbii z&nbsp;Sim\u00f3nem Bol\u00edvarem, unikalnymi jednostkami llanero i&nbsp;komendant\u00f3w generalnych oraz&nbsp;unikalnym ulepszeniem: hacjend\u0105.*<br \/>\n&#8211; Unikalna umiej\u0119tno\u015b\u0107 cywilizacji: dzi\u0119ki umiej\u0119tno\u015bci \u201eEj\u00e9rcito Patriota\u201d wszystkie jednostki Wielkiej Kolumbii zyskuj\u0105 premi\u0119 do ruchu, a&nbsp;ich awansowanie nie powoduje zako\u0144czenia tury.<br \/>\n&#8211; Unikalna umiej\u0119tno\u015b\u0107 przyw\u00f3dcy: Sim\u00f3n Bol\u00edvar dysponuje umiej\u0119tno\u015bci\u0105 \u201eCampa\u00f1a Admirable\u201d zapewniaj\u0105c\u0105 jednostk\u0119 komendanta generalnego przy przechodzeniu do nowej epoki.<br \/>\n&#8211; Unikalna jednostka: Wielka Kolumbia dysponuje dwiema unikalnymi jednostkami:<br \/>\n\t\t*Komendant generalny to wielki genera\u0142 z&nbsp;unikalnymi umiej\u0119tno\u015bciami, w tym efektem pasywnym i&nbsp;efektem zako\u0144czenia kariery.<br \/>\n\t\t*Llanero zast\u0119puj\u0105 kawaleri\u0119. S\u0105 ta\u0144si w utrzymaniu, zyskuj\u0105 premi\u0119 bojow\u0105 za ka\u017cd\u0105 s\u0105siaduj\u0105c\u0105 jednostk\u0119 llanero i&nbsp;odzyskuj\u0105 pe\u0142ni\u0119 zdrowia, gdy znajd\u0105 si\u0119 w zasi\u0119gu aktywowanego komendanta generalnego.<br \/>\n&#8211; Unikalne ulepszenie: hacjenda zapewnia premi\u0119 do produkcji, z\u0142ota i&nbsp;obszar\u00f3w mieszkalnych, a&nbsp;tak\u017ce premi\u0119 do \u017cywno\u015bci za ka\u017cd\u0105 s\u0105siaduj\u0105c\u0105 plantacj\u0119. Plantacje i&nbsp;hacjendy otrzymuj\u0105 premi\u0119 do produkcji za s\u0105siaduj\u0105ce hacjendy.<\/p>\n<p>*Nowy tryb apokalipsy (wymaga zainstalowania rozszerzenia Gathering Storm)*<br \/>\n&#8211; Dodaje nowe katastrofy (po\u017car lasu i&nbsp;deszcz meteoryt\u00f3w) we wszystkich rozgrywkach.<br \/>\n&#8211; Opcjonalny, wyspecjalizowany tryb gry z&nbsp;wyj\u0105tkowymi zmianami zasad:<br \/>\n&#8211; Nowe katastrofy: uderzenie komety i&nbsp;rozb\u0142ysk s\u0142oneczny.<br \/>\n&#8211; Pot\u0119\u017cniejsze wersje istniej\u0105cych katastrof.<br \/>\n&#8211; Nowa jednostka wojskowa: wieszcz \u2013 jednostka wsparcia umiej\u0105ca wywo\u0142ywa\u0107 na polecenie gracza katastrofy naturalne.<br \/>\n&#8211; Nowa punktowana rywalizacja: sk\u0142adanie w ofierze jednostek w wulkanach. Wymaga wykorzystania na przyjaznych jednostkach znajduj\u0105cych si\u0119 w pobli\u017cu wulkanu unikalnego dzia\u0142ania wieszczy.<br \/>\n&#8211; Gdy zmiany klimatu osi\u0105gn\u0105 maksymalny poziom, \u015bwiat wchodzi w faz\u0119 apokalipsy.<\/p>\n<p>*Nowe zasoby:*<br \/>\n&#8211; Mi\u00f3d \u2013 zas\u00f3b luksusowy.<br \/>\n&#8211; Kukurydza \u2013 zas\u00f3b dodatkowy.<\/p>\n<p>*Nowe cuda natury:*<br \/>\n&#8211; Tr\u00f3jk\u0105t Bermudzki. Jednostki morskie przep\u0142ywaj\u0105ce przez Tr\u00f3jk\u0105t Bermudzki zyskuje premi\u0119 do ruchu i&nbsp;s\u0105 przenoszone na inne pole oceanu.<br \/>\n&#8211; Paititi. Szlaki handlowe prowadz\u0105ce do kontroluj\u0105cego ten cud miasta zyskuj\u0105 premi\u0119  z\u0142ota. Du\u017ca premia za s\u0105siedztwo dla dzielnicy biznesowej i&nbsp;dzielnicy kulturalnej.<br \/>\n&#8211; Fontanna m\u0142odo\u015bci. Zapewnia jednostkom, kt\u00f3re przejd\u0105 przez pole tego cudu, premi\u0119 do leczenia.<\/p>\n<p>*Nowe miasta-pa\u0144stwa:*<br \/>\n&#8211; Caguana. Miasto-pa\u0144stwo kulturowe. Premia dla suzerena: dost\u0119p do ulepszenia o&nbsp;nazwie batey zapewniaj\u0105cego kultur\u0119, kt\u00f3rej ilo\u015b\u0107 zale\u017cy od jego po\u0142o\u017cenia.<br \/>\n&#8211; Singapur. Miasto-pa\u0144stwo przemys\u0142owe. Premia dla suzerena: premia do produkcji za ka\u017cdy zagraniczny szlak handlowy.<br \/>\n&#8211; Lahaur. Miasto-pa\u0144stwo militarne. Premia dla suzerena: dost\u0119p do kupowanej za wiar\u0119 jednostki bojowej nihang\u00f3w dysponuj\u0105cej unikalnym drzewem awans\u00f3w.<br \/>\n&#8211; Watykan. Miasto-pa\u0144stwo religijne. Premia dla suzerena: aktywowanie wielkiego cz\u0142owieka generuje nacisk religijny.<br \/>\n&#8211; Taruga. Miasto-pa\u0144stwo naukowe. Premia dla suzerena: premia do nauki za ka\u017cdy zas\u00f3b strategiczny w miastach.<br \/>\n&#8211; Hunza. Miasto-pa\u0144stwo handlowe: premia do z\u0142ota za d\u0142ugo\u015b\u0107 szlaku handlowego.<\/p>\n<p><\/p>","protected":false},"excerpt":{"rendered":"<p>*Aby uruchomi\u0107 t\u0119 zawarto\u015b\u0107, wymagana jest podstawowa wersja gry Sid Meier&#8217;s Civilization\u00ae VI. Ten nowy pakiet zawarto\u015bci wprowadza Pani\u0105 Sz\u00f3ste Niebo jako przyw\u00f3dczyni\u0119 Maj\u00f3w oraz&nbsp;Sim\u00f3na Bol\u00edvara jako przyw\u00f3dc\u0119 Wielkiej Kolumbii. Majowie ju\u017c na wczesnym etapie gry potrafi\u0105 wznosi\u0107 wspaniale prosperuj\u0105ce centra miast wspierane przez farmy i&nbsp;plantacje oraz&nbsp;chronione przez ich unikalne jednostki hul&#8217;ch\u00f3w. Wielka Kolumbia skupia [&hellip;]<\/p>\n","protected":false},"featured_media":712286,"comment_status":"closed","ping_status":"closed","template":"","meta":{"ub_ctt_via":""},"product_cat":[222],"product_tag":[218],"class_list":["post-711960","product","type-product","status-publish","has-post-thumbnail","hentry","product_cat-strategy","product_tag-games","platform-steam-works-mac"],"_links":{"self":[{"href":"https:\/\/neuvee.com\/pl\/wp-json\/wp\/v2\/product\/711960","targetHints":{"allow":["GET"]}}],"collection":[{"href":"https:\/\/neuvee.com\/pl\/wp-json\/wp\/v2\/product"}],"about":[{"href":"https:\/\/neuvee.com\/pl\/wp-json\/wp\/v2\/types\/product"}],"replies":[{"embeddable":true,"href":"https:\/\/neuvee.com\/pl\/wp-json\/wp\/v2\/comments?post=711960"}],"wp:featuredmedia":[{"embeddable":true,"href":"https:\/\/neuvee.com\/pl\/wp-json\/wp\/v2\/media\/712286"}],"wp:attachment":[{"href":"https:\/\/neuvee.com\/pl\/wp-json\/wp\/v2\/media?parent=711960"}],"wp:term":[{"taxonomy":"product_cat","embeddable":true,"href":"https:\/\/neuvee.com\/pl\/wp-json\/wp\/v2\/product_cat?post=711960"},{"taxonomy":"product_tag","embeddable":true,"href":"https:\/\/neuvee.com\/pl\/wp-json\/wp\/v2\/product_tag?post=711960"}],"curies":[{"name":"wp","href":"https:\/\/api.w.org\/{rel}","templated":true}]}}