{"id":711375,"date":"2024-04-05T13:19:50","date_gmt":"2024-04-05T13:19:50","guid":{"rendered":"https:\/\/neuvee.com\/?post_type=product&#038;p=711375"},"modified":"2025-05-19T13:39:38","modified_gmt":"2025-05-19T13:39:38","slug":"ship-graveyard-simulator-submarines-dlc","status":"publish","type":"product","link":"https:\/\/neuvee.com\/pl\/product\/ship-graveyard-simulator-submarines-dlc\/","title":{"rendered":"SHIP GRAVEYARD SIMULATOR &#8211; SUBMARINES DLC"},"content":{"rendered":"<p>DLC Submarines to nowy, ekscytuj\u0105cy dodatek do gry, kt\u00f3r\u0105 znamy i&nbsp;kochamy. Czy zdemontowa\u0142e\u015b ju\u017c wszystkie statki na piaszczystej pla\u017cy? W takim razie nadszed\u0142 czas, aby sprawdzi\u0107 swoje umiej\u0119tno\u015bci na \u0142odziach podwodnych!<\/p>\n<p>Zamawiaj okr\u0119ty podwodne, kt\u00f3re b\u0119dziesz m\u00f3g\u0142 niszczy\u0107 narz\u0119dziami w\u0142adanymi twoimi zr\u0119cznymi r\u0119kami. Zbierz wi\u0119cej zasob\u00f3w, aby jeszcze bardziej ulepszy\u0107 swoj\u0105 siedzib\u0119 i&nbsp;nowy sklep. Do tego DLC dodano r\u00f3wnie\u017c nowe dekoracje, dzi\u0119ki czemu mo\u017cesz stworzy\u0107 nowe, niesamowite miejsce do dzia\u0142ania. Ponadto b\u0119dziesz m\u00f3g\u0142 zwi\u0119kszy\u0107 pojemno\u015b\u0107 swojego ekwipunku. Nie przegap okazji do pracy w podwodnych fortecach wojskowych i&nbsp;rozpocznij swoj\u0105 przygod\u0119 ju\u017c teraz!<\/p>\n<p>DLC ZAWIERA:<\/p>\n<p>&#8211; 4 \u0142odzie podwodne do eksploracji i&nbsp;demonta\u017cu, w tym wiele nowych przedmiot\u00f3w do zniszczenia.<\/p>\n<p>&#8211; Nowy budynek, w kt\u00f3rym mo\u017cna zam\u00f3wi\u0107 \u0142odzie podwodne.<\/p>\n<p>&#8211; Nowy sklep z&nbsp;ulepszeniami pojemno\u015bci odtwarzacza i&nbsp;samochodu.<\/p>\n<p>&#8211; Ulepszenia domu, w tym dekoracje i&nbsp;wiele ulepsze\u0144 graczy, kt\u00f3re mo\u017cna kupi\u0107 w \u015brodku.<\/p>\n<p>I wiele innych fajnych funkcji!<\/p>\n<p><\/p>","protected":false},"excerpt":{"rendered":"<p>DLC Submarines to nowy, ekscytuj\u0105cy dodatek do gry, kt\u00f3r\u0105 znamy i&nbsp;kochamy. Czy zdemontowa\u0142e\u015b ju\u017c wszystkie statki na piaszczystej pla\u017cy? W takim razie nadszed\u0142 czas, aby sprawdzi\u0107 swoje umiej\u0119tno\u015bci na \u0142odziach podwodnych! Zamawiaj okr\u0119ty podwodne, kt\u00f3re b\u0119dziesz m\u00f3g\u0142 niszczy\u0107 narz\u0119dziami w\u0142adanymi twoimi zr\u0119cznymi r\u0119kami. Zbierz wi\u0119cej zasob\u00f3w, aby jeszcze bardziej ulepszy\u0107 swoj\u0105 siedzib\u0119 i&nbsp;nowy sklep. Do [&hellip;]<\/p>\n","protected":false},"featured_media":711886,"comment_status":"closed","ping_status":"closed","template":"","meta":{"ub_ctt_via":""},"product_cat":[88,127,223,221,78,222],"product_tag":[218],"class_list":["post-711375","product","type-product","status-publish","has-post-thumbnail","hentry","product_cat-action","product_cat-adventure","product_cat-casual","product_cat-indie","product_cat-simulation","product_cat-strategy","product_tag-games","platform-steam-works"],"_links":{"self":[{"href":"https:\/\/neuvee.com\/pl\/wp-json\/wp\/v2\/product\/711375","targetHints":{"allow":["GET"]}}],"collection":[{"href":"https:\/\/neuvee.com\/pl\/wp-json\/wp\/v2\/product"}],"about":[{"href":"https:\/\/neuvee.com\/pl\/wp-json\/wp\/v2\/types\/product"}],"replies":[{"embeddable":true,"href":"https:\/\/neuvee.com\/pl\/wp-json\/wp\/v2\/comments?post=711375"}],"wp:featuredmedia":[{"embeddable":true,"href":"https:\/\/neuvee.com\/pl\/wp-json\/wp\/v2\/media\/711886"}],"wp:attachment":[{"href":"https:\/\/neuvee.com\/pl\/wp-json\/wp\/v2\/media?parent=711375"}],"wp:term":[{"taxonomy":"product_cat","embeddable":true,"href":"https:\/\/neuvee.com\/pl\/wp-json\/wp\/v2\/product_cat?post=711375"},{"taxonomy":"product_tag","embeddable":true,"href":"https:\/\/neuvee.com\/pl\/wp-json\/wp\/v2\/product_tag?post=711375"}],"curies":[{"name":"wp","href":"https:\/\/api.w.org\/{rel}","templated":true}]}}