{"id":711374,"date":"2024-04-05T13:19:31","date_gmt":"2024-04-05T13:19:31","guid":{"rendered":"https:\/\/neuvee.com\/?post_type=product&#038;p=711374"},"modified":"2025-05-19T13:32:57","modified_gmt":"2025-05-19T13:32:57","slug":"ship-graveyard-simulator","status":"publish","type":"product","link":"https:\/\/neuvee.com\/pl\/product\/ship-graveyard-simulator\/","title":{"rendered":"SHIP GRAVEYARD SIMULATOR"},"content":{"rendered":"<p>Odwied\u017a najwi\u0119ksze cmentarzysko statk\u00f3w na \u015bwiecie. Kilkana\u015bcie kilometr\u00f3w pla\u017cy wype\u0142nionej wrakami. Setki okr\u0119t\u00f3w rozbitych na wybrze\u017cu. Tysi\u0105ce ton stali. Wybierz najcenniejszy dla Ciebie statek i&nbsp;rozpocznij przygod\u0119. Wciel si\u0119 w jednego z&nbsp;robotnik\u00f3w podczas najniebezpieczniejszej pracy \u015bwiata. Wycinaj, uderzaj, spawaj! Rozmontuj wybrane fragmenty statku, a&nbsp;uzyskane cz\u0119\u015bci sprzedawaj i&nbsp;upgraduj sw\u00f3j sprz\u0119t. <\/p>\n<p>Eksploruj wszystkie pok\u0142ady statku w poszukiwaniu warto\u015bciowych element\u00f3w. Skorzystaj z&nbsp;mo\u017cliwo\u015bci zwiedzania tajemniczych przestrzeni skrywanych wewn\u0105trz tych niesamowitych kolos\u00f3w.<\/p>\n<p>Praca robotnika demontuj\u0105cego statki to jedna z&nbsp;najbardziej niebezpiecznych na \u015bwiecie. Rozbi\u00f3rka przy pomocy tylko podstawowych narz\u0119dzi. Kontakt z&nbsp;toksycznymi substancjami.<\/p>\n<p>Zdobyte elementy mo\u017cesz sprzeda\u0107 lub&nbsp;wymieni\u0107 na inne.<\/p>\n<p>B\u0105d\u017a uwa\u017cny, w ka\u017cdym momencie mo\u017cesz ulec powa\u017cnemu wypadkowi a&nbsp;nawet zgin\u0105\u0107.<\/p>\n<p><\/p>","protected":false},"excerpt":{"rendered":"<p>Odwied\u017a najwi\u0119ksze cmentarzysko statk\u00f3w na \u015bwiecie. Kilkana\u015bcie kilometr\u00f3w pla\u017cy wype\u0142nionej wrakami. Setki okr\u0119t\u00f3w rozbitych na wybrze\u017cu. Tysi\u0105ce ton stali. Wybierz najcenniejszy dla Ciebie statek i&nbsp;rozpocznij przygod\u0119. Wciel si\u0119 w jednego z&nbsp;robotnik\u00f3w podczas najniebezpieczniejszej pracy \u015bwiata. Wycinaj, uderzaj, spawaj! Rozmontuj wybrane fragmenty statku, a&nbsp;uzyskane cz\u0119\u015bci sprzedawaj i&nbsp;upgraduj sw\u00f3j sprz\u0119t. Eksploruj wszystkie pok\u0142ady statku w poszukiwaniu warto\u015bciowych [&hellip;]<\/p>\n","protected":false},"featured_media":711801,"comment_status":"closed","ping_status":"closed","template":"","meta":{"ub_ctt_via":""},"product_cat":[88,127,223,221,78,222],"product_tag":[218],"class_list":["post-711374","product","type-product","status-publish","has-post-thumbnail","hentry","product_cat-action","product_cat-adventure","product_cat-casual","product_cat-indie","product_cat-simulation","product_cat-strategy","product_tag-games","platform-steam-works"],"_links":{"self":[{"href":"https:\/\/neuvee.com\/pl\/wp-json\/wp\/v2\/product\/711374","targetHints":{"allow":["GET"]}}],"collection":[{"href":"https:\/\/neuvee.com\/pl\/wp-json\/wp\/v2\/product"}],"about":[{"href":"https:\/\/neuvee.com\/pl\/wp-json\/wp\/v2\/types\/product"}],"replies":[{"embeddable":true,"href":"https:\/\/neuvee.com\/pl\/wp-json\/wp\/v2\/comments?post=711374"}],"wp:featuredmedia":[{"embeddable":true,"href":"https:\/\/neuvee.com\/pl\/wp-json\/wp\/v2\/media\/711801"}],"wp:attachment":[{"href":"https:\/\/neuvee.com\/pl\/wp-json\/wp\/v2\/media?parent=711374"}],"wp:term":[{"taxonomy":"product_cat","embeddable":true,"href":"https:\/\/neuvee.com\/pl\/wp-json\/wp\/v2\/product_cat?post=711374"},{"taxonomy":"product_tag","embeddable":true,"href":"https:\/\/neuvee.com\/pl\/wp-json\/wp\/v2\/product_tag?post=711374"}],"curies":[{"name":"wp","href":"https:\/\/api.w.org\/{rel}","templated":true}]}}