{"id":711371,"date":"2024-04-05T13:18:16","date_gmt":"2024-04-05T13:18:16","guid":{"rendered":"https:\/\/neuvee.com\/?post_type=product&#038;p=711371"},"modified":"2025-05-19T14:03:47","modified_gmt":"2025-05-19T14:03:47","slug":"shadow-of-the-tomb-raider-definitive-edition-3","status":"publish","type":"product","link":"https:\/\/neuvee.com\/pl\/product\/shadow-of-the-tomb-raider-definitive-edition-3\/","title":{"rendered":"SHADOW OF THE TOMB RAIDER DEFINITIVE EDITION"},"content":{"rendered":"<p>W Shadow of the Tomb Raider Definitive Edition poznasz ostatni rozdzia\u0142 opowie\u015bci o&nbsp;korzeniach Lary, podczas kt\u00f3rego staje si\u0119 ona prawdziw\u0105 odkrywczyni\u0105 grobowc\u00f3w. Pakiet zawiera podstawow\u0105 wersj\u0119 gry, siedem grobowc\u00f3w wyzwa\u0144 DLC, a&nbsp;tak\u017ce ca\u0142\u0105 bro\u0144, stroje i&nbsp;umiej\u0119tno\u015bci do pobrania. Shadow of the Tomb Raider Definitive Edition to najlepszy spos\u00f3b na poznanie moment\u00f3w zwrotnych w \u017cyciu Lary.<\/p>\n<p>Przetrwaj i&nbsp;rozwijaj si\u0119 w najgro\u017aniejszym miejscu na ziemi: Zapanuj nad bezlitosn\u0105 d\u017cungl\u0105, \u017ceby prze\u017cy\u0107. Zwiedzaj podwodne okolice pe\u0142ne szczelin i&nbsp;rozbudowanych tuneli.<\/p>\n<p>Osi\u0105gnij jedno\u015b\u0107 z&nbsp;d\u017cungl\u0105: W obliczu przewa\u017caj\u0105cych si\u0142 wroga Lara musi wykorzysta\u0107 otoczenie. Atakuj znienacka i&nbsp;znikaj jak jaguar, kamufluj\u0105c si\u0119 b\u0142otem i&nbsp;wywo\u0142uj\u0105c przestrach w\u015br\u00f3d wrog\u00f3w.<\/p>\n<p>Odkrywaj mroczne grobowce: S\u0105 straszne jak nigdy dot\u0105d, dotarcie do nich wymaga zaawansowanych technik wspinaczki, a&nbsp;w \u015brodku czekaj\u0105 zab\u00f3jcze zagadki.<\/p>\n<p>Odkrywaj \u017cyw\u0105 histori\u0119: Znajd\u017a ukryte miasto i&nbsp;zwiedzaj najwi\u0119ksz\u0105 lokacj\u0119 centraln\u0105 w jakiejkolwiek grze z&nbsp;serii Tomb Raider.<\/p>","protected":false},"excerpt":{"rendered":"<p>W Shadow of the Tomb Raider Definitive Edition poznasz ostatni rozdzia\u0142 opowie\u015bci o&nbsp;korzeniach Lary, podczas kt\u00f3rego staje si\u0119 ona prawdziw\u0105 odkrywczyni\u0105 grobowc\u00f3w. Pakiet zawiera podstawow\u0105 wersj\u0119 gry, siedem grobowc\u00f3w wyzwa\u0144 DLC, a&nbsp;tak\u017ce ca\u0142\u0105 bro\u0144, stroje i&nbsp;umiej\u0119tno\u015bci do pobrania. Shadow of the Tomb Raider Definitive Edition to najlepszy spos\u00f3b na poznanie moment\u00f3w zwrotnych w \u017cyciu Lary. [&hellip;]<\/p>\n","protected":false},"featured_media":711832,"comment_status":"closed","ping_status":"closed","template":"","meta":{"ub_ctt_via":""},"product_cat":[88,127],"product_tag":[218],"class_list":["post-711371","product","type-product","status-publish","has-post-thumbnail","hentry","product_cat-action","product_cat-adventure","product_tag-games","platform-steam-works"],"_links":{"self":[{"href":"https:\/\/neuvee.com\/pl\/wp-json\/wp\/v2\/product\/711371","targetHints":{"allow":["GET"]}}],"collection":[{"href":"https:\/\/neuvee.com\/pl\/wp-json\/wp\/v2\/product"}],"about":[{"href":"https:\/\/neuvee.com\/pl\/wp-json\/wp\/v2\/types\/product"}],"replies":[{"embeddable":true,"href":"https:\/\/neuvee.com\/pl\/wp-json\/wp\/v2\/comments?post=711371"}],"wp:featuredmedia":[{"embeddable":true,"href":"https:\/\/neuvee.com\/pl\/wp-json\/wp\/v2\/media\/711832"}],"wp:attachment":[{"href":"https:\/\/neuvee.com\/pl\/wp-json\/wp\/v2\/media?parent=711371"}],"wp:term":[{"taxonomy":"product_cat","embeddable":true,"href":"https:\/\/neuvee.com\/pl\/wp-json\/wp\/v2\/product_cat?post=711371"},{"taxonomy":"product_tag","embeddable":true,"href":"https:\/\/neuvee.com\/pl\/wp-json\/wp\/v2\/product_tag?post=711371"}],"curies":[{"name":"wp","href":"https:\/\/api.w.org\/{rel}","templated":true}]}}