{"id":710970,"date":"2024-04-05T13:09:55","date_gmt":"2024-04-05T13:09:55","guid":{"rendered":"https:\/\/neuvee.com\/?post_type=product&#038;p=710970"},"modified":"2025-05-19T14:09:58","modified_gmt":"2025-05-19T14:09:58","slug":"scrapnaut","status":"publish","type":"product","link":"https:\/\/neuvee.com\/pl\/product\/scrapnaut\/","title":{"rendered":"SCRAPNAUT"},"content":{"rendered":"<p>System farm i&nbsp;gotowania!<br \/>\nStw\u00f3rz swoj\u0105 w\u0142asn\u0105 farm\u0119 i&nbsp;uprawiaj warzywa i&nbsp;owoce. Wykorzystaj sw\u00f3j garnek by odkry\u0107 nowe i&nbsp;niesamowite portawy<br \/>\nOdkrywaj i&nbsp;zbieraj zasoby!<br \/>\nZbieraj niezb\u0119dne zasoby do budowy domu, naprawiaj zepsute przedmioty i&nbsp;wykonuj zadania.<br \/>\nZbuduj swoj\u0105 baz\u0119!<br \/>\nBuduj i&nbsp;ulepszaj swoj\u0105 baz\u0119! Produkuj i&nbsp;gromad\u017a zapasy energii. B\u0105d\u017a gotowy na wrogie ataki. Ka\u017cdy obszar pozwala Ci na budow\u0119 r\u00f3\u017cnych unikalnych przedmiot\u00f3w.<br \/>\nWalcz albo&nbsp;uciekaj!<br \/>\nTw\u00f3rz i&nbsp;ulepszaj sw\u00f3j sprz\u0119t. Pot\u0119\u017cna bro\u0144 i&nbsp;zbroja i&nbsp;pancerz pomog\u0119 Ci przetrwa\u0107, ale gdy przeciwnik oka\u017ce si\u0119 silniejszy od Ciebie &#8211; lepiej uciekaj!<\/p>\n<p><\/p>","protected":false},"excerpt":{"rendered":"<p>System farm i&nbsp;gotowania! Stw\u00f3rz swoj\u0105 w\u0142asn\u0105 farm\u0119 i&nbsp;uprawiaj warzywa i&nbsp;owoce. Wykorzystaj sw\u00f3j garnek by odkry\u0107 nowe i&nbsp;niesamowite portawy Odkrywaj i&nbsp;zbieraj zasoby! Zbieraj niezb\u0119dne zasoby do budowy domu, naprawiaj zepsute przedmioty i&nbsp;wykonuj zadania. Zbuduj swoj\u0105 baz\u0119! Buduj i&nbsp;ulepszaj swoj\u0105 baz\u0119! Produkuj i&nbsp;gromad\u017a zapasy energii. B\u0105d\u017a gotowy na wrogie ataki. Ka\u017cdy obszar pozwala Ci na budow\u0119 r\u00f3\u017cnych [&hellip;]<\/p>\n","protected":false},"featured_media":711691,"comment_status":"closed","ping_status":"closed","template":"","meta":{"ub_ctt_via":""},"product_cat":[221],"product_tag":[218],"class_list":["post-710970","product","type-product","status-publish","has-post-thumbnail","hentry","product_cat-indie","product_tag-games","platform-steam-works"],"_links":{"self":[{"href":"https:\/\/neuvee.com\/pl\/wp-json\/wp\/v2\/product\/710970","targetHints":{"allow":["GET"]}}],"collection":[{"href":"https:\/\/neuvee.com\/pl\/wp-json\/wp\/v2\/product"}],"about":[{"href":"https:\/\/neuvee.com\/pl\/wp-json\/wp\/v2\/types\/product"}],"replies":[{"embeddable":true,"href":"https:\/\/neuvee.com\/pl\/wp-json\/wp\/v2\/comments?post=710970"}],"wp:featuredmedia":[{"embeddable":true,"href":"https:\/\/neuvee.com\/pl\/wp-json\/wp\/v2\/media\/711691"}],"wp:attachment":[{"href":"https:\/\/neuvee.com\/pl\/wp-json\/wp\/v2\/media?parent=710970"}],"wp:term":[{"taxonomy":"product_cat","embeddable":true,"href":"https:\/\/neuvee.com\/pl\/wp-json\/wp\/v2\/product_cat?post=710970"},{"taxonomy":"product_tag","embeddable":true,"href":"https:\/\/neuvee.com\/pl\/wp-json\/wp\/v2\/product_tag?post=710970"}],"curies":[{"name":"wp","href":"https:\/\/api.w.org\/{rel}","templated":true}]}}