{"id":710948,"date":"2024-04-05T13:00:15","date_gmt":"2024-04-05T13:00:15","guid":{"rendered":"https:\/\/neuvee.com\/?post_type=product&#038;p=710948"},"modified":"2025-05-19T14:37:50","modified_gmt":"2025-05-19T14:37:50","slug":"rise-of-the-tomb-raider-20-year-celebration-3","status":"publish","type":"product","link":"https:\/\/neuvee.com\/pl\/product\/rise-of-the-tomb-raider-20-year-celebration-3\/","title":{"rendered":"RISE OF THE TOMB RAIDER: 20 YEAR CELEBRATION"},"content":{"rendered":"<p>Wersja Rise of the Tomb Raider: 20 rocznica zawiera podstawow\u0105 gr\u0119 oraz&nbsp;Subskrypcj\u0119 serii obejmuj\u0105c\u0105 zupe\u0142nie now\u0105 zawarto\u015b\u0107. Odkryj zakamarki posiad\u0142o\u015bci rodziny Croft i&nbsp;w nowym dodatku fabularnym \u201eWi\u0119zy krwi\u201d, a&nbsp;potem obro\u0144 j\u0105 przed inwazj\u0105 zombie w \u201eKoszmarze Lary\u201d. Przetrwaj ekstremalne warunki ze znajomym w nowym kooperacyjnym trybie wytrzyma\u0142o\u015bci online i&nbsp;zmierz si\u0119 z&nbsp;nowym poziomem trudno\u015bci \u2013 \u201eSupertwardziel\u201d. Dodatkowo otrzymasz nowy str\u00f3j i&nbsp;bro\u0144 inspirowane gr\u0105 Tomb Raider III oraz&nbsp;pi\u0119\u0107 klasycznych sk\u00f3rek Lary. Dotychczasowa zawarto\u015b\u0107 dodatkowa obejmuje dodatek Baba Yaga: \u015awi\u0105tynia wied\u017amy, w kt\u00f3rym odkryjesz nowy grobowiec kryj\u0105cy w sobie staro\u017cytne z\u0142o, oraz&nbsp;dodatek Przebudzenie zimnej ciemno\u015bci, w kt\u00f3rym zmierzysz si\u0119 z&nbsp;falami zainfekowanych drapie\u017cnik\u00f3w.<\/p>\n<p>G\u0142\u00f3wne cechy:<br \/>\n\u2022 Wyprawa Lary \u2013 Lara odkrywa staro\u017cytn\u0105 tajemnic\u0119, przez kt\u00f3r\u0105 trafia na celownik bezwzgl\u0119dnej organizacji, zwanej Tr\u00f3jc\u0105. Rozpoczyna si\u0119 wy\u015bcig z&nbsp;czasem, a&nbsp;trop prowadzi do legendy o&nbsp;zaginionym mie\u015bcie Kite\u017c. Lara wie, \u017ce musi dotrze\u0107 do miasta i&nbsp;jego sekret\u00f3w zanim zrobi to Tr\u00f3jca, wyrusza wi\u0119c&nbsp;na Syberi\u0119, na swoj\u0105 pierwsz\u0105 ekspedycj\u0119.<br \/>\n\u2022 Kobieta kontra dzika przyroda &#8211; W &#8222;&#8221;Rise of the Tomb Raider&#8221;&#8221; Lara walczy nie tylko z&nbsp;wrogami z&nbsp;ca\u0142ego \u015bwiata, ale te\u017c z&nbsp;sam\u0105 natur\u0105. Poluj na zwierz\u0119ta, wytwarzaj nowe rodzaje broni i&nbsp;zbieraj rzadkie zasoby w t\u0119tni\u0105cych \u017cyciem ekosystemach. Odwiedzisz przepi\u0119kne, ale wrogie, niestabilne tektonicznie okolice, pe\u0142ne zdradliwych warunk\u00f3w pogodowych, kt\u00f3re pchn\u0105 Lar\u0119 na skraj wyczerpania.<br \/>\n\u2022 Walka partyzancka &#8211; Wykorzystaj otoczenie i&nbsp;zyskaj przewag\u0119, wspinaj si\u0119 na drzewa i&nbsp;nurkuj pod wod\u0119, aby unikn\u0105\u0107 lub&nbsp;powali\u0107 wrog\u00f3w, dopasuj wyposa\u017cenie, bro\u0144 i&nbsp;amunicj\u0119 Lary, aby gra\u0107 we w\u0142asnym stylu. Mo\u017cesz dzia\u0142a\u0107 po cichu, atakowa\u0107 frontalnie, wytwarza\u0107 \u0142adunki wybuchowe i&nbsp;sia\u0107 chaos albo&nbsp;skorzysta\u0107 z&nbsp;kultowego \u0142uku i&nbsp;czekana Lary.<br \/>\n\u2022 Powr\u00f3t do badania grobowc\u00f3w &#8211; Grobowce powracaj\u0105 i&nbsp;s\u0105 wi\u0119ksze ni\u017c kiedykolwiek. W &#8222;&#8221;Rise of the Tomb Raider&#8221;&#8221; odkryjesz pot\u0119\u017cne, zapieraj\u0105ce dech w piersiach staro\u017cytne miejsca poch\u00f3wku, usiane zab\u00f3jczymi pu\u0142apkami. Lara zmierzy si\u0119 te\u017c z&nbsp;niesamowitymi \u0142amig\u0142\u00f3wkami, b\u0119dzie odcyfrowywa\u0142a staro\u017cytne teksty i&nbsp;otwiera\u0142a ukryte krypty &#8211; czeka na ni\u0105 ca\u0142y \u015bwiat, pe\u0142en tajemnic do odkrycia.<\/p>","protected":false},"excerpt":{"rendered":"<p>Wersja Rise of the Tomb Raider: 20 rocznica zawiera podstawow\u0105 gr\u0119 oraz&nbsp;Subskrypcj\u0119 serii obejmuj\u0105c\u0105 zupe\u0142nie now\u0105 zawarto\u015b\u0107. Odkryj zakamarki posiad\u0142o\u015bci rodziny Croft i&nbsp;w nowym dodatku fabularnym \u201eWi\u0119zy krwi\u201d, a&nbsp;potem obro\u0144 j\u0105 przed inwazj\u0105 zombie w \u201eKoszmarze Lary\u201d. Przetrwaj ekstremalne warunki ze znajomym w nowym kooperacyjnym trybie wytrzyma\u0142o\u015bci online i&nbsp;zmierz si\u0119 z&nbsp;nowym poziomem trudno\u015bci \u2013 \u201eSupertwardziel\u201d. [&hellip;]<\/p>\n","protected":false},"featured_media":711722,"comment_status":"closed","ping_status":"closed","template":"","meta":{"ub_ctt_via":""},"product_cat":[88,127],"product_tag":[218],"class_list":["post-710948","product","type-product","status-publish","has-post-thumbnail","hentry","product_cat-action","product_cat-adventure","product_tag-games","platform-steam-works"],"_links":{"self":[{"href":"https:\/\/neuvee.com\/pl\/wp-json\/wp\/v2\/product\/710948","targetHints":{"allow":["GET"]}}],"collection":[{"href":"https:\/\/neuvee.com\/pl\/wp-json\/wp\/v2\/product"}],"about":[{"href":"https:\/\/neuvee.com\/pl\/wp-json\/wp\/v2\/types\/product"}],"replies":[{"embeddable":true,"href":"https:\/\/neuvee.com\/pl\/wp-json\/wp\/v2\/comments?post=710948"}],"wp:featuredmedia":[{"embeddable":true,"href":"https:\/\/neuvee.com\/pl\/wp-json\/wp\/v2\/media\/711722"}],"wp:attachment":[{"href":"https:\/\/neuvee.com\/pl\/wp-json\/wp\/v2\/media?parent=710948"}],"wp:term":[{"taxonomy":"product_cat","embeddable":true,"href":"https:\/\/neuvee.com\/pl\/wp-json\/wp\/v2\/product_cat?post=710948"},{"taxonomy":"product_tag","embeddable":true,"href":"https:\/\/neuvee.com\/pl\/wp-json\/wp\/v2\/product_tag?post=710948"}],"curies":[{"name":"wp","href":"https:\/\/api.w.org\/{rel}","templated":true}]}}