{"id":710943,"date":"2024-04-05T12:59:11","date_gmt":"2024-04-05T12:59:11","guid":{"rendered":"https:\/\/neuvee.com\/?post_type=product&#038;p=710943"},"modified":"2025-05-19T13:36:47","modified_gmt":"2025-05-19T13:36:47","slug":"revival-recolonization","status":"publish","type":"product","link":"https:\/\/neuvee.com\/pl\/product\/revival-recolonization\/","title":{"rendered":"REVIVAL: RECOLONIZATION"},"content":{"rendered":"<p>Osadzona na postapokaliptycznej Ziemi gra Revival to strategia typu 4x, w kt\u00f3rej \u015bwiat i&nbsp;jego zasady mog\u0105 ulec zmianie w kluczowych momentach. Rozgrywka jest przez to bogata i&nbsp;mo\u017cna j\u0105 powtarza\u0107 wiele razy. Odkrywaj zmienion\u0105 planet\u0119, negocjuj albo&nbsp;podbijaj nowe terytoria, przynie\u015b \u015bwiat\u0142o cywilizacji do zap\u00f3\u017anionych ludzkich kolonii, aby przygotowa\u0107 ludzko\u015b\u0107 na wojn\u0119 z&nbsp;despotyczn\u0105 istot\u0105.<\/p>\n<p>Niespotykany poziom swobody rozgrywki.<\/p>\n<p> Powiedz &#8222;&#8221;&#8221;&#8221;tak&#8221;&#8221;&#8221;&#8221; trwa\u0142ej grywalno\u015bci. Powiedz &#8222;&#8221;&#8221;&#8221;nie&#8221;&#8221;&#8221;&#8221; przewidywalno\u015bci i&nbsp;nudzie na koniec gry!<\/p>\n<p> Revival tworzy ogromne mo\u017cliwo\u015bci, kt\u00f3re mo\u017cesz wykorzystywa\u0107. Nag\u0142e zmiany pogody, inwazje zombich, zakazy u\u017cywania okre\u015blonych broni &#8211; czeka Ci\u0119 ogromna niespodzianka.<\/p>\n<p> Dostosuj si\u0119 do nowych warunk\u00f3w dzi\u0119ki szczeg\u00f3\u0142owemu systemowi dekret\u00f3w, kt\u00f3ry pozwoli Ci terraformowa\u0107 planet\u0119 i&nbsp;dostosowywa\u0107 zasady gry w okre\u015blonych regionach na mapie. Chro\u0144 swoj\u0105 osad\u0119 przed zmianami, stawiaj\u0105c specjalne tarcze lub&nbsp;przyjmuj\u0105c b\u0142ogos\u0142awie\u0144stwa od totemicznego drzewa swojego plemienia.<\/p>\n<p> Rozwijaj si\u0119 z&nbsp;up\u0142ywem wiek\u00f3w<\/p>\n<p> Ludzie, kt\u00f3rzy ocaleli z&nbsp;okropnej katastrofy, kt\u00f3ra niemal zniszczy\u0142a ludzko\u015b\u0107, posiadaj\u0105 niepowtarzalne cechy i&nbsp;premie, kt\u00f3re wp\u0142yn\u0105 na Tw\u00f3j styl gry. Wybierz w\u0142a\u015bciwe plemi\u0119, kt\u00f3rym si\u0119 zaopiekujesz. Pom\u00f3\u017c swoim wyznawcom rozwin\u0105\u0107 si\u0119 przez cztery r\u00f3\u017cne epoki a\u017c do miast przysz\u0142o\u015bci i&nbsp;prze\u0142omowej technologii.<\/p>\n<p> Prowad\u017a taktyczne bitwy<\/p>\n<p> Dow\u00f3d\u017a armi\u0105 dostosowan\u0105 do Twojego stylu gry. Wyposa\u017c oddzia\u0142y w r\u00f3\u017cne komponenty, kt\u00f3re mo\u017cesz produkowa\u0107. Zmieniaj swoj\u0105 taktyk\u0119 podczas intensywnych turowych bitew. Zmieniaj i&nbsp;\u0142\u0105cz r\u00f3\u017cne elementy oraz&nbsp;inteligentnie wykorzystuj os\u0142ony, kt\u00f3re da si\u0119 zniszczy\u0107, aby pokona\u0107 swoich wrog\u00f3w.<\/p>\n<p>Odkryj Ziemi\u0119 po niszczycielskim kataklizmie<\/p>\n<p> Revival dzieje si\u0119 na naszej w\u0142asnej planecie z&nbsp;dramatycznie zmienionym krajobrazem i&nbsp;klimatem. Odkrywaj artefakty sprzed kataklizmu oraz&nbsp;nieprzewidywalne anomalie. Walcz z&nbsp;dzikimi zwierz\u0119tami, kt\u00f3re dostosowa\u0142y si\u0119, aby przetrwa\u0107 w tych warunkach. Pokonaj straszliwe maszyny, kt\u00f3re w\u0119druj\u0105 po ziemi.<\/p>\n<p><\/p>","protected":false},"excerpt":{"rendered":"<p>Osadzona na postapokaliptycznej Ziemi gra Revival to strategia typu 4x, w kt\u00f3rej \u015bwiat i&nbsp;jego zasady mog\u0105 ulec zmianie w kluczowych momentach. Rozgrywka jest przez to bogata i&nbsp;mo\u017cna j\u0105 powtarza\u0107 wiele razy. Odkrywaj zmienion\u0105 planet\u0119, negocjuj albo&nbsp;podbijaj nowe terytoria, przynie\u015b \u015bwiat\u0142o cywilizacji do zap\u00f3\u017anionych ludzkich kolonii, aby przygotowa\u0107 ludzko\u015b\u0107 na wojn\u0119 z&nbsp;despotyczn\u0105 istot\u0105. Niespotykany poziom swobody [&hellip;]<\/p>\n","protected":false},"featured_media":711502,"comment_status":"closed","ping_status":"closed","template":"","meta":{"ub_ctt_via":""},"product_cat":[229,222],"product_tag":[218],"class_list":["post-710943","product","type-product","status-publish","has-post-thumbnail","hentry","product_cat-early-access","product_cat-strategy","product_tag-games","platform-steam-works"],"_links":{"self":[{"href":"https:\/\/neuvee.com\/pl\/wp-json\/wp\/v2\/product\/710943","targetHints":{"allow":["GET"]}}],"collection":[{"href":"https:\/\/neuvee.com\/pl\/wp-json\/wp\/v2\/product"}],"about":[{"href":"https:\/\/neuvee.com\/pl\/wp-json\/wp\/v2\/types\/product"}],"replies":[{"embeddable":true,"href":"https:\/\/neuvee.com\/pl\/wp-json\/wp\/v2\/comments?post=710943"}],"wp:featuredmedia":[{"embeddable":true,"href":"https:\/\/neuvee.com\/pl\/wp-json\/wp\/v2\/media\/711502"}],"wp:attachment":[{"href":"https:\/\/neuvee.com\/pl\/wp-json\/wp\/v2\/media?parent=710943"}],"wp:term":[{"taxonomy":"product_cat","embeddable":true,"href":"https:\/\/neuvee.com\/pl\/wp-json\/wp\/v2\/product_cat?post=710943"},{"taxonomy":"product_tag","embeddable":true,"href":"https:\/\/neuvee.com\/pl\/wp-json\/wp\/v2\/product_tag?post=710943"}],"curies":[{"name":"wp","href":"https:\/\/api.w.org\/{rel}","templated":true}]}}