{"id":710927,"date":"2024-04-05T12:39:51","date_gmt":"2024-04-05T12:39:51","guid":{"rendered":"https:\/\/neuvee.com\/?post_type=product&#038;p=710927"},"modified":"2025-05-19T13:22:32","modified_gmt":"2025-05-19T13:22:32","slug":"redout-2-epic","status":"publish","type":"product","link":"https:\/\/neuvee.com\/pl\/product\/redout-2-epic\/","title":{"rendered":"REDOUT 2 (EPIC)"},"content":{"rendered":"<p>Najszybsza gra wy\u015bcigowa we wszech\u015bwiecie.<\/p>\n<p>Redout 2 nawi\u0105zuje do klasycznych wy\u015bcigowych gier arcade i&nbsp;jest drug\u0105 cz\u0119\u015bci\u0105 docenionej przez krytyk\u00f3w gry Redout, w kt\u00f3rej najpopularniejszym sportem we wszech\u015bwiecie jest \u015bciganie si\u0119 poprzez dystopijne pustkowia na wp\u00f3\u0142 opuszczonej Ziemi.<\/p>\n<p>Osi\u0105gaj niesamowite pr\u0119dko\u015bci w zapieraj\u0105cych dech w piersi futurystycznych wy\u015bcigach podczas kampanii dla jednego gracza lub&nbsp;rozgrywki wieloosobowej. Rozbudowane systemy sterowania, dog\u0142\u0119bna personalizacja statk\u00f3w i&nbsp;fenomenalna \u015bcie\u017cka d\u017awi\u0119kowa sprawiaj\u0105, \u017ce Redout 2 to niepowtarzalna gra wy\u015bcigowa przecz\u0105ca grawitacji.<\/p>\n<p>*NAJWA\u017bNIEJSZE CECHY*<br \/>\nPr\u0119dko\u015b\u0107 i&nbsp;kontrola \u2013 w grze nawi\u0105zuj\u0105cej do tradycyjnych wy\u015bcig\u00f3w antygrawitacyjnych, takich jak Wipeout i&nbsp;F-Zero, mo\u017cesz si\u0119 \u015bciga\u0107 z&nbsp;niesamowit\u0105 pr\u0119dko\u015bci\u0105. Wykorzystaj r\u00f3\u017cnorodne intuicyjne systemy sterowania, dzi\u0119ki kt\u00f3rym Redout 2 zar\u00f3wno pozwala szybko wej\u015b\u0107 do gry, jak i&nbsp;nagradza umiej\u0119tno\u015bci opanowane do maksymalnych poziom\u00f3w.<\/p>\n<p>Rozbudowany tryb kariery \u2013 we\u017a udzia\u0142 w setkach wydarze\u0144 na 36 unikatowych torach, po kt\u00f3rych mo\u017cna \u015bciga\u0107 si\u0119 tak\u017ce\u2026 w odwrotnym kierunku! W trybach Arena, Time Attack, Last Man Standing i&nbsp;wymagaj\u0105cych wy\u015bcigach z&nbsp;bossami wyprzed\u017a przeciwnik\u00f3w i&nbsp;zdominuj lini\u0119 mety.<\/p>\n<p>Pe\u0142na rywalizacji gra wieloosobowa \u2013 \u015bcigaj si\u0119 z&nbsp;innymi w 12-osobowych rozgrywkach online. Wci\u0105gnij si\u0119 w nowe wyzwania z&nbsp;regularnie dodawan\u0105 zawarto\u015bci\u0105, w ramach sezon\u00f3w zawieraj\u0105cych wyj\u0105tkowe nagrody kosmetyczne.<\/p>\n<p>Szczeg\u00f3\u0142owa personalizacja \u2013 wybieraj spo\u015br\u00f3d 12 charakterystycznych nadwozi i&nbsp;w pe\u0142ni spersonalizuj sw\u00f3j statek przy pomocy zr\u00f3\u017cnicowanych nap\u0119d\u00f3w, stabilizator\u00f3w, ster\u00f3w, ch\u0142odnic, klap, magnes\u00f3w, skrzyde\u0142, spojler\u00f3w, silnik\u00f3w rakietowych, barw i&nbsp;innych element\u00f3w! Uchwy\u0107 i&nbsp;udost\u0119pnij najlepsze momenty wy\u015bcig\u00f3w w trybie fotograficznym.<\/p>\n<p>Fenomenalna \u015bcie\u017cka d\u017awi\u0119kowa \u2013 obejmuje utwory gwiazd muzyki elektronicznej, np. legendarnego Giorgio Morodera, a&nbsp;tak\u017ce dzie\u0142a uznanych tw\u00f3rc\u00f3w takich jak Zardonic i&nbsp;Dance with the Dead. Nasze algorytmy muzyczne w czasie rzeczywistym mieszaj\u0105 utwory w oparciu o&nbsp;dane z&nbsp;gry, tworz\u0105c dynamiczny podk\u0142ad d\u017awi\u0119kowy.<\/p>\n<p><\/p>","protected":false},"excerpt":{"rendered":"<p>Najszybsza gra wy\u015bcigowa we wszech\u015bwiecie. Redout 2 nawi\u0105zuje do klasycznych wy\u015bcigowych gier arcade i&nbsp;jest drug\u0105 cz\u0119\u015bci\u0105 docenionej przez krytyk\u00f3w gry Redout, w kt\u00f3rej najpopularniejszym sportem we wszech\u015bwiecie jest \u015bciganie si\u0119 poprzez dystopijne pustkowia na wp\u00f3\u0142 opuszczonej Ziemi. Osi\u0105gaj niesamowite pr\u0119dko\u015bci w zapieraj\u0105cych dech w piersi futurystycznych wy\u015bcigach podczas kampanii dla jednego gracza lub&nbsp;rozgrywki wieloosobowej. Rozbudowane [&hellip;]<\/p>\n","protected":false},"featured_media":711601,"comment_status":"closed","ping_status":"closed","template":"","meta":{"ub_ctt_via":""},"product_cat":[228,232,88],"product_tag":[218],"class_list":["post-710927","product","type-product","status-publish","has-post-thumbnail","hentry","product_cat-racing-driving","product_cat-sports","product_cat-action","product_tag-games","platform-epic-keyless"],"_links":{"self":[{"href":"https:\/\/neuvee.com\/pl\/wp-json\/wp\/v2\/product\/710927","targetHints":{"allow":["GET"]}}],"collection":[{"href":"https:\/\/neuvee.com\/pl\/wp-json\/wp\/v2\/product"}],"about":[{"href":"https:\/\/neuvee.com\/pl\/wp-json\/wp\/v2\/types\/product"}],"replies":[{"embeddable":true,"href":"https:\/\/neuvee.com\/pl\/wp-json\/wp\/v2\/comments?post=710927"}],"wp:featuredmedia":[{"embeddable":true,"href":"https:\/\/neuvee.com\/pl\/wp-json\/wp\/v2\/media\/711601"}],"wp:attachment":[{"href":"https:\/\/neuvee.com\/pl\/wp-json\/wp\/v2\/media?parent=710927"}],"wp:term":[{"taxonomy":"product_cat","embeddable":true,"href":"https:\/\/neuvee.com\/pl\/wp-json\/wp\/v2\/product_cat?post=710927"},{"taxonomy":"product_tag","embeddable":true,"href":"https:\/\/neuvee.com\/pl\/wp-json\/wp\/v2\/product_tag?post=710927"}],"curies":[{"name":"wp","href":"https:\/\/api.w.org\/{rel}","templated":true}]}}