{"id":710923,"date":"2024-04-05T12:39:16","date_gmt":"2024-04-05T12:39:16","guid":{"rendered":"https:\/\/neuvee.com\/?post_type=product&#038;p=710923"},"modified":"2025-05-19T14:38:46","modified_gmt":"2025-05-19T14:38:46","slug":"rail-route-soundtrack-and-music-player","status":"publish","type":"product","link":"https:\/\/neuvee.com\/pl\/product\/rail-route-soundtrack-and-music-player\/","title":{"rendered":"RAIL ROUTE &#8211; SOUNDTRACK AND MUSIC PLAYER"},"content":{"rendered":"<p>Ta \u015bcie\u017cka d\u017awi\u0119kowa jest dusz\u0105 Rail Route, gry wymagaj\u0105cej skupienia i&nbsp;strategii ze wzgl\u0119du na z\u0142o\u017con\u0105 mechanik\u0119. Napisana i&nbsp;zaaran\u017cowana zosta\u0142a tak, by zmaksymalizowa\u0107 ekspresj\u0119, u\u017cywaj\u0105c prostych instrument\u00f3w: przekazuje wra\u017cenie siedzenia w pierwszym rz\u0119dzie sali koncertowej i&nbsp;s\u0142ychania poruszaj\u0105cego emocjonalnego wyst\u0119pu.<\/p>\n<p>Kolekcja neoklasycznych utwor\u00f3w, kt\u00f3re wprowadz\u0105 s\u0142uchaczy w nastr\u00f3j skupienia, spokoju i&nbsp;r\u00f3wnowagi. Ka\u017cdy z&nbsp;nich zabierze ci\u0119 w podr\u00f3\u017c, kt\u00f3ra poprowadzi ci\u0119 przez zimne krainy, pola kwiat\u00f3w, pot\u0119\u017cne g\u00f3ry i&nbsp;z powrotem do domu. Czaruj\u0105ca harmonia i&nbsp;odwa\u017cne melodie grane na pianinie i&nbsp;instrumentach smyczkowych s\u0105 poruszaj\u0105ce i&nbsp;pe\u0142ne ekspresji.<\/p>\n<p><\/p>","protected":false},"excerpt":{"rendered":"<p>Ta \u015bcie\u017cka d\u017awi\u0119kowa jest dusz\u0105 Rail Route, gry wymagaj\u0105cej skupienia i&nbsp;strategii ze wzgl\u0119du na z\u0142o\u017con\u0105 mechanik\u0119. Napisana i&nbsp;zaaran\u017cowana zosta\u0142a tak, by zmaksymalizowa\u0107 ekspresj\u0119, u\u017cywaj\u0105c prostych instrument\u00f3w: przekazuje wra\u017cenie siedzenia w pierwszym rz\u0119dzie sali koncertowej i&nbsp;s\u0142ychania poruszaj\u0105cego emocjonalnego wyst\u0119pu. Kolekcja neoklasycznych utwor\u00f3w, kt\u00f3re wprowadz\u0105 s\u0142uchaczy w nastr\u00f3j skupienia, spokoju i&nbsp;r\u00f3wnowagi. Ka\u017cdy z&nbsp;nich zabierze ci\u0119 w podr\u00f3\u017c, [&hellip;]<\/p>\n","protected":false},"featured_media":711580,"comment_status":"closed","ping_status":"closed","template":"","meta":{"ub_ctt_via":""},"product_cat":[15],"product_tag":[218],"class_list":["post-710923","product","type-product","status-publish","has-post-thumbnail","hentry","product_cat-uncategorized","product_tag-games","platform-steam-works"],"_links":{"self":[{"href":"https:\/\/neuvee.com\/pl\/wp-json\/wp\/v2\/product\/710923","targetHints":{"allow":["GET"]}}],"collection":[{"href":"https:\/\/neuvee.com\/pl\/wp-json\/wp\/v2\/product"}],"about":[{"href":"https:\/\/neuvee.com\/pl\/wp-json\/wp\/v2\/types\/product"}],"replies":[{"embeddable":true,"href":"https:\/\/neuvee.com\/pl\/wp-json\/wp\/v2\/comments?post=710923"}],"wp:featuredmedia":[{"embeddable":true,"href":"https:\/\/neuvee.com\/pl\/wp-json\/wp\/v2\/media\/711580"}],"wp:attachment":[{"href":"https:\/\/neuvee.com\/pl\/wp-json\/wp\/v2\/media?parent=710923"}],"wp:term":[{"taxonomy":"product_cat","embeddable":true,"href":"https:\/\/neuvee.com\/pl\/wp-json\/wp\/v2\/product_cat?post=710923"},{"taxonomy":"product_tag","embeddable":true,"href":"https:\/\/neuvee.com\/pl\/wp-json\/wp\/v2\/product_tag?post=710923"}],"curies":[{"name":"wp","href":"https:\/\/api.w.org\/{rel}","templated":true}]}}