{"id":710630,"date":"2024-04-05T12:34:19","date_gmt":"2024-04-05T12:34:19","guid":{"rendered":"https:\/\/neuvee.com\/?post_type=product&#038;p=710630"},"modified":"2025-05-19T13:26:37","modified_gmt":"2025-05-19T13:26:37","slug":"police-shootout","status":"publish","type":"product","link":"https:\/\/neuvee.com\/pl\/product\/police-shootout\/","title":{"rendered":"POLICE SHOOTOUT"},"content":{"rendered":"<p>Police Shootout to turowa gra FPS. Rozpocznij karier\u0119 policjanta, rozwi\u0105zuj sprawy, zdobywaj do\u015bwiadczenie i&nbsp;rozpocznij swoj\u0105 przygod\u0119 w San Adrino ju\u017c teraz!<\/p>\n<p>WITAMY W SAN ADRINO <\/p>\n<p>Nazywasz si\u0119 Scott Price i&nbsp;w\u0142a\u015bnie zacz\u0105\u0142e\u015b swoj\u0105 pierwsz\u0105 zmian\u0119 jako funkcjonariusz policji w ma\u0142ym mie\u015bcie San Adrino. Przenios\u0142e\u015b si\u0119 tutaj z&nbsp;wi\u0119kszego miasta, gdzie uliczne walki gang\u00f3w to przykra codzienno\u015b\u0107. <\/p>\n<p>POZW\u00d3L, \u017bE ZAPYTAM&#8230; <\/p>\n<p>Dlaczego policjant, kt\u00f3ry dobrze radzi\u0142 sobie w wielkim mie\u015bcie, nagle zapragn\u0105\u0142 zaryzykowa\u0107 i&nbsp;spr\u00f3bowa\u0107 swoich si\u0142 w miejscu takim jak to? Czego tutaj szukasz? Jaki jest tw\u00f3j pow\u00f3d?<br \/>\nA mo\u017ce raczej&#8230; Jaki jest tw\u00f3j sekret? <\/p>\n<p>\u201dDWA S\u0141OWA\u201d O GRZE <\/p>\n<p>Rozpocznij swoj\u0105 przygod\u0119 z&nbsp;\u201cPolice: Shootout\u201d i&nbsp;poznaj nie tylko g\u0142\u00f3wnego bohatera gry, ale tak\u017ce wszystkich tych, kt\u00f3rzy s\u0105 istotni dla jego historii. Jako dobry policjant, b\u0119dziesz musia\u0142 odpowiada\u0107 na nawet najtrudniejsze wezwania. <\/p>\n<p>Napad na sklep, a&nbsp;mo\u017ce sytuacja z&nbsp;zak\u0142adnikiem? Musisz by\u0107 przygotowany na wszystko! Ale pami\u0119taj &#8211; tylko od ciebie zale\u017cy w jaki spos\u00f3b podejdziesz do ka\u017cdej z&nbsp;sytuacji. <\/p>\n<p>JAKIM TYPEM POLICJANTA B\u0118DZIESZ? <\/p>\n<p>Gra proponuje kilka r\u00f3\u017cnych mo\u017cliwo\u015bci \u201cjak zrobi\u0107 to dobrze\u201d &#8211; czasami konieczne b\u0119dzie u\u017cycie broni palnej, a&nbsp;czasami najlepsz\u0105 metod\u0105 na rozbrojenie wroga b\u0119dzie u\u017cycie w\u0142a\u015bciwego argumentu. <\/p>\n<p>Ka\u017cda z&nbsp;sytuacji, w kt\u00f3rej we\u017amiesz udzia\u0142 przybli\u017cy ci\u0119 do znalezienia tego czego szukasz&#8230; <\/p>\n<p>I oczywi\u015bcie tak\u017ce do bycia lepszym policjantem! W\u0142a\u015bciwe podej\u015bcie do konkretnego wezwania pomo\u017ce w rozwoju twojego do\u015bwiadczenia, a&nbsp;czym ono wy\u017csze, tym wi\u0119cej korzy\u015bci z&nbsp;tego dla ciebie. Twoje umiej\u0119tno\u015bci b\u0119d\u0105 ros\u0142y i&nbsp;rozwija\u0142y si\u0119, tak jak ty o&nbsp;tym zdecydujesz. To stworzy dla ciebie nowe mo\u017cliwo\u015bci &#8211; aby szybciej i&nbsp;bardziej efektywnie rozwi\u0105zywa\u0107 kolejne problemy na drodze twojej policyjnej kariery. <\/p>\n<p>BIERZMY SI\u0118 DO PRACY! <\/p>\n<p>Nie tra\u0107my wi\u0119cej czasu, pierwsze wezwanie ju\u017c na ciebie czeka! Po prostu zagraj w gr\u0119 i&nbsp;przekonaj si\u0119 sam!<\/p>\n<p><\/p>","protected":false},"excerpt":{"rendered":"<p>Police Shootout to turowa gra FPS. Rozpocznij karier\u0119 policjanta, rozwi\u0105zuj sprawy, zdobywaj do\u015bwiadczenie i&nbsp;rozpocznij swoj\u0105 przygod\u0119 w San Adrino ju\u017c teraz! WITAMY W SAN ADRINO Nazywasz si\u0119 Scott Price i&nbsp;w\u0142a\u015bnie zacz\u0105\u0142e\u015b swoj\u0105 pierwsz\u0105 zmian\u0119 jako funkcjonariusz policji w ma\u0142ym mie\u015bcie San Adrino. Przenios\u0142e\u015b si\u0119 tutaj z&nbsp;wi\u0119kszego miasta, gdzie uliczne walki gang\u00f3w to przykra codzienno\u015b\u0107. POZW\u00d3L, [&hellip;]<\/p>\n","protected":false},"featured_media":711320,"comment_status":"closed","ping_status":"closed","template":"","meta":{"ub_ctt_via":""},"product_cat":[88,127,221,78],"product_tag":[218],"class_list":["post-710630","product","type-product","status-publish","has-post-thumbnail","hentry","product_cat-action","product_cat-adventure","product_cat-indie","product_cat-simulation","product_tag-games","platform-steam-works"],"_links":{"self":[{"href":"https:\/\/neuvee.com\/pl\/wp-json\/wp\/v2\/product\/710630","targetHints":{"allow":["GET"]}}],"collection":[{"href":"https:\/\/neuvee.com\/pl\/wp-json\/wp\/v2\/product"}],"about":[{"href":"https:\/\/neuvee.com\/pl\/wp-json\/wp\/v2\/types\/product"}],"replies":[{"embeddable":true,"href":"https:\/\/neuvee.com\/pl\/wp-json\/wp\/v2\/comments?post=710630"}],"wp:featuredmedia":[{"embeddable":true,"href":"https:\/\/neuvee.com\/pl\/wp-json\/wp\/v2\/media\/711320"}],"wp:attachment":[{"href":"https:\/\/neuvee.com\/pl\/wp-json\/wp\/v2\/media?parent=710630"}],"wp:term":[{"taxonomy":"product_cat","embeddable":true,"href":"https:\/\/neuvee.com\/pl\/wp-json\/wp\/v2\/product_cat?post=710630"},{"taxonomy":"product_tag","embeddable":true,"href":"https:\/\/neuvee.com\/pl\/wp-json\/wp\/v2\/product_tag?post=710630"}],"curies":[{"name":"wp","href":"https:\/\/api.w.org\/{rel}","templated":true}]}}