{"id":710271,"date":"2024-04-05T12:24:54","date_gmt":"2024-04-05T12:24:54","guid":{"rendered":"https:\/\/neuvee.com\/?post_type=product&#038;p=710271"},"modified":"2025-05-19T14:11:36","modified_gmt":"2025-05-19T14:11:36","slug":"planet-coaster-ghostbusters-2","status":"publish","type":"product","link":"https:\/\/neuvee.com\/pl\/product\/planet-coaster-ghostbusters-2\/","title":{"rendered":"PLANET COASTER &#8211; GHOSTBUSTERS\u2122"},"content":{"rendered":"<p>Czy w Twoim parku rozrywki dochodzi do zjawisk paranormalnych? Czy na kolejkach g\u00f3rskich widujesz zjawy? Nie wiesz, jak uchroni\u0107 go\u015bci przed duchami? My wiemy \u2014 pomog\u0105 Ci pogromcy duch\u00f3w! Dzi\u0119ki wskaz\u00f3wkom dra Raymonda \u201eRaya\u201d Stantza i&nbsp;pogromc\u00f3w duch\u00f3w uwolnisz swoje atrakcje od istot nie z&nbsp;tego \u015bwiata, aby rado\u015b\u0107 i&nbsp;ekscytacja ponownie zago\u015bci\u0142y w Twoich parkach rozrywki. <\/p>\n<p>Planet Coaster z&nbsp;dum\u0105 przedstawia sw\u00f3j najambitniejszy dodatek \u2014 Planet Coaster: Pogromcy duch\u00f3w. W tym pakiecie dost\u0119pny jest zupe\u0142nie nowy fabularyzowany scenariusz. Znakomici aktorzy, Dan Aykroyd i&nbsp;William Atherton, u\u017cycz\u0105 w nim swego g\u0142osu kultowym bohaterom: wsp\u00f3\u0142za\u0142o\u017cycielowi pogromc\u00f3w duch\u00f3w \u2014 Raymondowi Stantzowi i&nbsp;agentowi specjalnemu Walterowi Peckowi \u2014 w kt\u00f3rych wcielili si\u0119 w klasycznym filmie z&nbsp;1984\u00a0r.<\/p>\n<p>*Planet Coaster: Pogromcy duch\u00f3w czyli&nbsp;najambitniejszy z&nbsp;dotychczasowych dodatk\u00f3w do gry Planet Coaster zawiera:*<br \/>\n&#8211; W pe\u0142ni dubbingowan\u0105, fabularn\u0105 kampani\u0119, w kt\u00f3rej us\u0142yszycie Dana Aykroyda i&nbsp;Williama Athertona.<br \/>\n&#8211; Znane z&nbsp;filmu \u201ePogromcy duch\u00f3w\u201d postacie, takie jak Raymond Stantz, Slimer, Stay Puft Marshmallow Man i&nbsp;kilka niespodzianek!<br \/>\n&#8211; Now\u0105 interaktywn\u0105 atrakcj\u0119: The Ghostbusters Experience.<br \/>\n&#8211; Przyjmij wezwanie i&nbsp;wypraw kilka duch\u00f3w z&nbsp;powrotem na tamten \u015bwiat! Niepowtarzalna kryta atrakcja z&nbsp;nowym interaktywnym elementem. Zwalczaj duchy, zdobywaj punkty i&nbsp;zajmij wysokie miejsce w tabeli w trakcie rozgrywki polegaj\u0105cej na przeja\u017cd\u017cce samochodem ECTO-1 po nawiedzonej lokacji.<br \/>\n&#8211; Now\u0105, inspirowan\u0105 postaci\u0105 Slimera kolejk\u0119 g\u00f3rsk\u0105 RollerGhoster dla dzieci.<br \/>\n\t\t*Do\u0142\u0105cz do Slimera na tej niezwykle rozrywkowej atrakcji przeznaczonej dla dzieci. Przewodnikiem go\u015bci w poci\u0105gu RollerGhoster sun\u0105cym po kr\u0119tej trasie jest ulubieniec fan\u00f3w \u2014 duch Slimer.<br \/>\n&#8211; Autentyczne elementy scenografii i&nbsp;d\u017awi\u0119ki prosto z&nbsp;oryginalnego filmu z&nbsp;1984\u00a0r., w tym kwater\u0119 g\u0142\u00f3wn\u0105 pogromc\u00f3w duch\u00f3w, budynek b\u0119d\u0105cy portalem do \u015bwiata duch\u00f3w, samoch\u00f3d ECTO-1 oraz&nbsp;klasyczny motyw przewodni filmu autorstwa Raya Parkera Juniora.<\/p>\n<p>*Kolekcja porywaj\u0105cej muzyki *<br \/>\n&#8211; Spraw, \u017ce go\u015bcie Twojego parku uwierz\u0105 w \u017cycie pozagrobowe dzi\u0119ki zupe\u0142nie nowym utworom, kt\u00f3re sprawdz\u0105 si\u0119 jako upiornie dobry podk\u0142ad d\u017awi\u0119kowy w nowych atrakcjach z&nbsp;dodatku Planet Coaster: Pogromcy duch\u00f3w.<\/p>\n<p>*Znajdziesz w\u015br\u00f3d nich:*<br \/>\n&#8211; Ghostbusters \u2014 Ray Parker Jr.<br \/>\n&#8211; Ghostbusters (wersja instrumentalna) \u2014 Ray Parker Jr.<br \/>\n&#8211; Ghostbusters (kompozycja akustyczna)<br \/>\n&#8211; Ghostbusters (kompozycja na orkiestr\u0119)<br \/>\n&#8211; Spooky Library Scene Setter<br \/>\n&#8211; The Temple of Gozer<\/p>","protected":false},"excerpt":{"rendered":"<p>Czy w Twoim parku rozrywki dochodzi do zjawisk paranormalnych? Czy na kolejkach g\u00f3rskich widujesz zjawy? Nie wiesz, jak uchroni\u0107 go\u015bci przed duchami? My wiemy \u2014 pomog\u0105 Ci pogromcy duch\u00f3w! Dzi\u0119ki wskaz\u00f3wkom dra Raymonda \u201eRaya\u201d Stantza i&nbsp;pogromc\u00f3w duch\u00f3w uwolnisz swoje atrakcje od istot nie z&nbsp;tego \u015bwiata, aby rado\u015b\u0107 i&nbsp;ekscytacja ponownie zago\u015bci\u0142y w Twoich parkach rozrywki. Planet [&hellip;]<\/p>\n","protected":false},"featured_media":0,"comment_status":"closed","ping_status":"closed","template":"","meta":{"ub_ctt_via":""},"product_cat":[78,222],"product_tag":[218],"class_list":["post-710271","product","type-product","status-publish","hentry","product_cat-simulation","product_cat-strategy","product_tag-games","platform-steam-works-mac"],"_links":{"self":[{"href":"https:\/\/neuvee.com\/pl\/wp-json\/wp\/v2\/product\/710271","targetHints":{"allow":["GET"]}}],"collection":[{"href":"https:\/\/neuvee.com\/pl\/wp-json\/wp\/v2\/product"}],"about":[{"href":"https:\/\/neuvee.com\/pl\/wp-json\/wp\/v2\/types\/product"}],"replies":[{"embeddable":true,"href":"https:\/\/neuvee.com\/pl\/wp-json\/wp\/v2\/comments?post=710271"}],"wp:attachment":[{"href":"https:\/\/neuvee.com\/pl\/wp-json\/wp\/v2\/media?parent=710271"}],"wp:term":[{"taxonomy":"product_cat","embeddable":true,"href":"https:\/\/neuvee.com\/pl\/wp-json\/wp\/v2\/product_cat?post=710271"},{"taxonomy":"product_tag","embeddable":true,"href":"https:\/\/neuvee.com\/pl\/wp-json\/wp\/v2\/product_tag?post=710271"}],"curies":[{"name":"wp","href":"https:\/\/api.w.org\/{rel}","templated":true}]}}