{"id":710263,"date":"2024-04-05T12:23:55","date_gmt":"2024-04-05T12:23:55","guid":{"rendered":"https:\/\/neuvee.com\/?post_type=product&#038;p=710263"},"modified":"2025-05-19T13:37:23","modified_gmt":"2025-05-19T13:37:23","slug":"planet-coaster-classic-rides-collection-2","status":"publish","type":"product","link":"https:\/\/neuvee.com\/pl\/product\/planet-coaster-classic-rides-collection-2\/","title":{"rendered":"PLANET COASTER &#8211; CLASSIC RIDES COLLECTION"},"content":{"rendered":"<p>Aby nada\u0107 Twojemu parkowi odrobin\u0119 nostalgicznego klimatu i&nbsp;klasy, wprowadzili\u015bmy do gry Planet Coaster Kolekcj\u0119 Klasycznych Atrakcji inspirowanych najbardziej znanymi atrakcjami z&nbsp;weso\u0142ych miasteczek i&nbsp;park\u00f3w rozrywki z&nbsp;ca\u0142ego \u015bwiata. W tej kolekcji znajdziesz dziewi\u0119\u0107 nowych atrakcji i&nbsp;kolejek g\u00f3rskich oraz&nbsp;jeden dodatkowy wariant atrakcji, w tym kolejk\u0119 Macchina Classica w stylu vintage, wodn\u0105 kolejk\u0119 Armada oraz&nbsp;pe\u0142n\u0105 wdzi\u0119ku kolejk\u0119 Sky Temple, a&nbsp;tak\u017ce jeszcze wi\u0119cej atrakcji i&nbsp;rollercoaster\u00f3w, dzi\u0119ki kt\u00f3rym wybudujesz sw\u00f3j wymarzony park rozrywki.<\/p>\n<p>Dzi\u0119ki dziewi\u0119ciu nowym atrakcjom i&nbsp;jednej wersji zmodyfikowanej masz do dyspozycji jeszcze wi\u0119cej sposob\u00f3w, aby zadba\u0107 o&nbsp;rozrywk\u0119 go\u015bci w Twoim parku! Oto one:<\/p>\n<p>*Karuzele*<br \/>\n&#8211; Sky Temple. Niepowtarzalna przeja\u017cd\u017cka platform\u0105 obserwacyjn\u0105 zaprojektowan\u0105 z&nbsp;wykorzystaniem element\u00f3w tradycyjnej architektury z&nbsp;okresu dynastii Qin. Karuzela, wok\u00f3\u0142 kt\u00f3rej z&nbsp;gracj\u0105 kr\u0105\u017c\u0105 kabiny, mo\u017ce by\u0107 umieszczona na 3 spektakularnych wysoko\u015bciach.<br \/>\n&#8211; Rising Raptor. Karuzela Rising Raptor jest jedn\u0105 z&nbsp;najwi\u0119kszych i&nbsp;najbardziej z\u0142o\u017conych atrakcji, kt\u00f3re pojawi\u0105 si\u0119 w grze. Mo\u017cna w niej wykorzysta\u0107 ca\u0142kowicie nowy system regulacji wysoko\u015bci, dzi\u0119ki kt\u00f3remu gracze stworz\u0105 zar\u00f3wno atrakcj\u0119, kt\u00f3ra przypadnie do gustu go\u015bciom chc\u0105cym po prostu podziwia\u0107 niesamowite widoki, jak i&nbsp;atrakcj\u0119 dla z\u0142aknionych adrenaliny wyjadaczy park\u00f3w rozrywki pragn\u0105cych prze\u017cy\u0107 prawdziwe emocje. Ta karuzela mo\u017ce mie\u0107 wysoko\u015b\u0107 od 22 metr\u00f3w do imponuj\u0105cych 58 metr\u00f3w.<br \/>\n&#8211; Golden Eagle. W tej karuzeli podobnie jak w jej siostrzanej atrakcji Rising Raptor zastosowano podwieszane kabiny, ale w tym przypadku s\u0105 one skierowane na zewn\u0105trz karuzeli, co sprawia, \u017ce przejazd jest bardziej ekscytuj\u0105cy. Przy budowie tej karuzeli mo\u017cna r\u00f3wnie\u017c wykorzysta\u0107 nowy system regulowanej wysoko\u015bci.<br \/>\n&#8211; Free Flyer. Niezwykle popularna i&nbsp;bardzo elegancka atrakcja w stylu vintage znana z&nbsp;wielu park\u00f3w rozrywki na ca\u0142ym \u015bwiecie. Dzia\u0142a w dw\u00f3ch trybach o&nbsp;r\u00f3\u017cnym poziomie intensywno\u015bci \u2014 jeden z&nbsp;nich to \u0142agodne bujanie, a&nbsp;drugi to intensywny ruch obrotowy.<br \/>\n&#8211; Swift Drifters. Ta karuzela sk\u0142ada si\u0119 16 swobodnie jad\u0105cych wagonik\u00f3w, kt\u00f3re s\u0105 ci\u0105gni\u0119te po owalnej trasie za pomoc\u0105 du\u017cego \u0142a\u0144cucha. Na skutek dzia\u0142ania si\u0142y do\u015brodkowej wagoniki s\u0105 wypychane na zewn\u0105trz na wierzcho\u0142kach zakr\u0119t\u00f3w, wij\u0105c si\u0119 wzd\u0142u\u017c trasy pod wp\u0142ywem w\u0142asnego p\u0119du. Si\u0142a wbija go\u015bci w fotele i&nbsp;sprawia, \u017ce przeja\u017cd\u017cka t\u0105 karuzel\u0105 jest niezapomnianym do\u015bwiadczeniem.<\/p>\n<p>*Kolejki g\u00f3rskie*<br \/>\n&#8211; Interdimensional. Ka\u017cdy przejazd t\u0105 obrotow\u0105 kolejk\u0105 g\u00f3rsk\u0105 b\u0119dzie niepowtarzalnym do\u015bwiadczeniem dla Twoich go\u015bci. W przypadku tej trasy mo\u017cesz skorzysta\u0107 z&nbsp;unikalnej mo\u017cliwo\u015bci blokowania lub&nbsp;odblokowywania swobodnego obrotu w dowolnym jej punkcie oraz&nbsp;zastosowa\u0107 odcinek, na kt\u00f3rym wagoniki b\u0119d\u0105 si\u0119 obraca\u0142y w wybranym przez Ciebie kierunku.<br \/>\n&#8211; Infinite. W pojedynczym podwieszanym wagoniku tej atrakcji mo\u017ce zasi\u0105\u015b\u0107 maksymalnie o\u015bmiu go\u015bci, a&nbsp;w ka\u017cdym poci\u0105gu mog\u0105 znale\u017a\u0107 si\u0119 dwa wagoniki. W przypadku tej atrakcji gracz ma do dyspozycji wiele r\u00f3\u017cnych mo\u017cliwo\u015bci wyci\u0105gu i&nbsp;rozpocz\u0119cia przejazdu, w tym standardowy podjazd pod g\u00f3r\u0119, pionowa wie\u017ca z&nbsp;wyci\u0105giem \u0142a\u0144cuchowym, wie\u017ca z&nbsp;odcinkiem hamowania, wyci\u0105giem \u0142a\u0144cuchowym i&nbsp;spadkiem oraz&nbsp;uk\u0142ad nap\u0119dowy LSM.<\/p>\n<p>*Kolejki trasowe*<br \/>\n&#8211; Armada. Ten sp\u0142yw \u0142odziami o&nbsp;du\u017cej przepustowo\u015bci, w kt\u00f3rym zastosowano siedziska skierowane do przodu, zosta\u0142 zaprojektowany specjalnie z&nbsp;my\u015bl\u0105 o&nbsp;przeja\u017cd\u017ckach po krytych obiektach. W przypadku Armady masz do dyspozycji wyci\u0105gi \u0142a\u0144cuchowe i&nbsp;odcinki ze spadkiem, dzi\u0119ki kt\u00f3rym mo\u017cesz elastycznie kszta\u0142towa\u0107 tras\u0119 i&nbsp;dba\u0107 o&nbsp;poziom podekscytowania go\u015bci. Ta kolejka idealnie sprawdzi si\u0119, gdy zechcesz odtworzy\u0107 w parku swoje ulubione wodne atrakcje w krytych obiektach.<br \/>\n&#8211; Macchina Classica. Zapewnij swoim go\u015bciom dzie\u0144 pe\u0142en wra\u017ce\u0144 dzi\u0119ki tej pi\u0119knej kolejce w stylu vintage. W wagoniku zmieszcz\u0105 si\u0119 cztery osoby, a&nbsp;sama kolejka osi\u0105ga najwy\u017csz\u0105 pr\u0119dko\u015b\u0107 maksymaln\u0105 spo\u015br\u00f3d wszystkich kolejek trasowych w grze Planet Coaster.<\/p>\n<p>*Kolejki transportowe*<br \/>\n&#8211; Gondola. Gondola to nowa kolejka transportowa, dzi\u0119ki kt\u00f3rej go\u015bcie mog\u0105 wznie\u015b\u0107 si\u0119 ponad infrastruktur\u0119 Twojego parku, podr\u00f3\u017cuj\u0105c wewn\u0105trz nowoczesnych i&nbsp;smuk\u0142ych podwieszanych kabin. Z ka\u017cdej kabiny roztacza si\u0119 niesamowity widok, a&nbsp;w pojedynczym wagoniku mog\u0105 podr\u00f3\u017cowa\u0107 maksymalnie cztery osoby.<\/p>\n<p>*Kolekcja porywaj\u0105cej muzyki *<br \/>\n&#8211; Aby jeszcze bardziej rozbudowa\u0107 kolekcj\u0119 muzyki dost\u0119pnej w grze Planet Coaster, wraz z&nbsp;Kolekcj\u0105 Klasycznych Atrakcji dodali\u015bmy kolejne 7 utwor\u00f3w, kt\u00f3re b\u0119d\u0105 doskona\u0142ym uzupe\u0142nieniem Twoich nowych atrakcji.<\/p>","protected":false},"excerpt":{"rendered":"<p>Aby nada\u0107 Twojemu parkowi odrobin\u0119 nostalgicznego klimatu i&nbsp;klasy, wprowadzili\u015bmy do gry Planet Coaster Kolekcj\u0119 Klasycznych Atrakcji inspirowanych najbardziej znanymi atrakcjami z&nbsp;weso\u0142ych miasteczek i&nbsp;park\u00f3w rozrywki z&nbsp;ca\u0142ego \u015bwiata. W tej kolekcji znajdziesz dziewi\u0119\u0107 nowych atrakcji i&nbsp;kolejek g\u00f3rskich oraz&nbsp;jeden dodatkowy wariant atrakcji, w tym kolejk\u0119 Macchina Classica w stylu vintage, wodn\u0105 kolejk\u0119 Armada oraz&nbsp;pe\u0142n\u0105 wdzi\u0119ku kolejk\u0119 Sky Temple, [&hellip;]<\/p>\n","protected":false},"featured_media":0,"comment_status":"closed","ping_status":"closed","template":"","meta":{"ub_ctt_via":""},"product_cat":[78,222],"product_tag":[218],"class_list":["post-710263","product","type-product","status-publish","hentry","product_cat-simulation","product_cat-strategy","product_tag-games","platform-steam-works-mac"],"_links":{"self":[{"href":"https:\/\/neuvee.com\/pl\/wp-json\/wp\/v2\/product\/710263","targetHints":{"allow":["GET"]}}],"collection":[{"href":"https:\/\/neuvee.com\/pl\/wp-json\/wp\/v2\/product"}],"about":[{"href":"https:\/\/neuvee.com\/pl\/wp-json\/wp\/v2\/types\/product"}],"replies":[{"embeddable":true,"href":"https:\/\/neuvee.com\/pl\/wp-json\/wp\/v2\/comments?post=710263"}],"wp:attachment":[{"href":"https:\/\/neuvee.com\/pl\/wp-json\/wp\/v2\/media?parent=710263"}],"wp:term":[{"taxonomy":"product_cat","embeddable":true,"href":"https:\/\/neuvee.com\/pl\/wp-json\/wp\/v2\/product_cat?post=710263"},{"taxonomy":"product_tag","embeddable":true,"href":"https:\/\/neuvee.com\/pl\/wp-json\/wp\/v2\/product_tag?post=710263"}],"curies":[{"name":"wp","href":"https:\/\/api.w.org\/{rel}","templated":true}]}}