{"id":710247,"date":"2024-04-05T12:22:22","date_gmt":"2024-04-05T12:22:22","guid":{"rendered":"https:\/\/neuvee.com\/?post_type=product&#038;p=710247"},"modified":"2025-05-19T14:39:35","modified_gmt":"2025-05-19T14:39:35","slug":"planescape-torment-enhanced-edition","status":"publish","type":"product","link":"https:\/\/neuvee.com\/pl\/product\/planescape-torment-enhanced-edition\/","title":{"rendered":"PLANESCAPE: TORMENT: ENHANCED EDITION"},"content":{"rendered":"<p>Pierwsza edycja gry Planescape: Torment ukaza\u0142a si\u0119 w 1999 r. i&nbsp;od razu zebra\u0142a doskona\u0142e recenzje. Dzi\u0119ki nieszablonowej fabule, wyj\u0105tkowym postaciom i&nbsp;wspania\u0142ej \u015bcie\u017cce d\u017awi\u0119kowej zosta\u0142a okrzykni\u0119ta gr\u0105 cRPG roku przez wiele cenionych magazyn\u00f3w. Od tamtej pory na wypraw\u0119 z&nbsp;Bezimiennym po intryguj\u0105cym, niebezpiecznym mie\u015bcie Sigil i&nbsp;odleg\u0142ych planach egzystencji wybra\u0142o si\u0119 miliony fan\u00f3w Planescape: Torment na ca\u0142ym \u015bwiecie.<\/p>\n<p>Odkryj niezwykle bogat\u0105 fabu\u0142\u0119 i&nbsp;oryginalny setting, kt\u00f3ry znacznie odbiega od standardowych konwencji fantasy. Pokonuj dziwaczne obce istoty, wdawaj si\u0119 w obszerne dyskusje i&nbsp;poznawaj mroczny, niebezpieczny \u015bwiat Planescape podczas ponad 50-godzinnej przygody, kt\u00f3ra przesz\u0142a do klasyki gatunku RPG.<\/p>\n<p>Oto Planescape: Torment, jakiego jeszcze nie znasz.<\/p>\n<p>Fabu\u0142a<br \/>\n\u201eC\u00f3\u017c mo\u017ce zmieni\u0107 natur\u0119 cz\u0142owieka?\u201d Wcielasz si\u0119 w posta\u0107 Bezimiennego \u2013 zwalistego m\u0119\u017cczyzny, kt\u00f3rego cia\u0142o pokrywaj\u0105 blizny i&nbsp;tatua\u017ce zebrane podczas niezliczonych \u017cywot\u00f3w. Nie pami\u0119tasz, sk\u0105d si\u0119 wzi\u0119\u0142y, ale zwi\u0105zana z&nbsp;nimi przesz\u0142o\u015b\u0107 powraca, by ci\u0119 prze\u015bladowa\u0107. Zostajesz przebudzony przez Mortego \u2013 unosz\u0105c\u0105 si\u0119 w powietrzu czaszk\u0119, kt\u00f3ra wydaje si\u0119 zna\u0107 niekt\u00f3re z&nbsp;twoich sekret\u00f3w, i&nbsp;wyruszasz w podr\u00f3\u017c przez brudne ulice Sigil do Sfer Zewn\u0119trznych, w tym nawet do samych Piekie\u0142.<\/p>\n<p>W planarnej metropolii Sigil a\u017c si\u0119 roi od portali, dzi\u0119ki kt\u00f3rym mo\u017cna si\u0119 dosta\u0107 do najodleglejszych sfer egzystencji&#8230; pod warunkiem, \u017ce ma si\u0119 odpowiedni klucz. To z&nbsp;powodu portali Sigil zwyk\u0142o si\u0119 nazywa\u0107 \u201eMiastem Drzwi\u201d. To neutralny grunt, na kt\u00f3rym demony, devy i&nbsp;przedstawiciele innych ras z&nbsp;ca\u0142ego Wielo\u015bwiata zbieraj\u0105 si\u0119 pod czujnym okiem tajemniczej w\u0142adczyni zwanej Pani\u0105 B\u00f3lu. S\u0142owa maj\u0105 tu wi\u0119ksz\u0105 moc ni\u017c czyny, my\u015bli kszta\u0142tuj\u0105 rzeczywisto\u015b\u0107, a&nbsp;wiara odmienia oblicze \u015bwiat\u00f3w.<\/p>\n<p>Podczas wyprawy w poszukiwaniu odpowiedzi spotkasz towarzyszy r\u00f3wnie niezwyk\u0142ych, jak same sfery: cnotliwego sukkuba, kt\u00f3rego poca\u0142unek niesie \u015bmier\u0107, zagubiony sze\u015bcian z&nbsp;kusz\u0105, pancerz o\u017cywiony przez ducha \u017c\u0105daj\u0105cego SPRAWIEDLIWO\u015aCI i&nbsp;nie tylko. W towarzystwie tych oraz&nbsp;innych kompan\u00f3w przemierzysz egzotyczne \u015bwiaty, by dowiedzie\u0107 si\u0119, \u017ce nie da si\u0119 uciec przed przeznaczeniem i&nbsp;\u017ce niekt\u00f3rym wspomnieniom nie jest w stanie stawi\u0107 czo\u0142a nawet nie\u015bmiertelny.<\/p>\n<p>Cechy<br \/>\n\u2022 Ulepszona wizja Planescape: do prac nad gr\u0105 studio Beamdog zaprosi\u0142o Chrisa Avellone&#8217;a, g\u0142\u00f3wnego projektanta Planescape: Torment, by dzi\u0119ki nadzorowi nad nowymi elementami rozgrywki, poprawkami i&nbsp;ulepszeniami m\u00f3g\u0142 w pe\u0142ni zrealizowa\u0107 swoj\u0105 pierwotn\u0105 wizj\u0119.<br \/>\n\u2022 Wyjd\u017a na spotkanie sferom: Planescape to setting inny ni\u017c wszystkie \u2013 pe\u0142en egzotycznej magii, groteskowych przeciwnik\u00f3w i&nbsp;lokacji z&nbsp;ca\u0142ego Wielo\u015bwiata Dungeons &#038; Dragons.<br \/>\n\u2022 Rozmowy, kt\u00f3re zapadaj\u0105 w pami\u0119\u0107: podczas sferowej w\u0119dr\u00f3wki w towarzystwie zbitki niezwyk\u0142ych indywidu\u00f3w przyjdzie ci rozmawia\u0107 z&nbsp;o\u017cywionymi przedmiotami, filozofuj\u0105cymi nieumar\u0142ymi i&nbsp;zbiorow\u0105 \u015bwiadomo\u015bci\u0105 szczur\u00f3w.<br \/>\n\u2022 Wybierz w\u0142asn\u0105 \u015bcie\u017ck\u0119: stworzenie bohatera to dopiero pocz\u0105tek. Bezimienny mo\u017ce zmienia\u0107 klas\u0119 i&nbsp;charakter, a&nbsp;nawet zdobywa\u0107 nowe umiej\u0119tno\u015bci w oparciu o&nbsp;swoje wybory.<br \/>\n\u2022 Od\u015bwie\u017cona muzyka: wszystkie utwory ze \u015bcie\u017cki d\u017awi\u0119kowej do gry Planescape: Torment zosta\u0142y od\u015bwie\u017cone, by doda\u0107 przygodom w Sigil i&nbsp;reszcie Wielo\u015bwiata jeszcze wi\u0119cej g\u0142\u0119bi.<br \/>\n\u2022 Interfejs w jako\u015bci 4K: Sigil jeszcze nigdy nie wygl\u0105da\u0142o tak dobrze! Interfejs Planescape: Torment zosta\u0142 odtworzony w jako\u015bci HD i&nbsp;zaopatrzony w mn\u00f3stwo nowych, przydatnych funkcji.<br \/>\n\u2022 Planescape na miar\u0119 XXI wieku: wersja Enhanced Edition oferuje nowoczesne funkcje, takie jak pod\u015bwietlanie przyciskiem TAB, przybli\u017canie i&nbsp;oddalanie widoku obszaru, dziennik bitewny, szybkie podnoszenie przedmiot\u00f3w i&nbsp;nie tylko!<br \/>\n\u2022 Graj, jak chcesz: korzystaj z&nbsp;funkcji dodanych w Enhanced Edition lub&nbsp;wy\u0142\u0105czaj je, by do\u015bwiadczy\u0107 wszystkich urok\u00f3w oryginalnej wersji Planescape: Torment.<br \/>\n\u2022 Rzu\u0107 \u201eRozumienie j\u0119zyk\u00f3w\u201d: Gra Planescape: Torment: Enhanced Edition jest dost\u0119pna w j\u0119zykach: angielskim, francuskim, polskim, niemieckim i&nbsp;korea\u0144skim. Uwaga: korea\u0144ska wersja j\u0119zykowa jest wersj\u0105 kinow\u0105 \u2013 zawiera kwestie m\u00f3wione w j\u0119zyku angielskim.<\/p>","protected":false},"excerpt":{"rendered":"<p>Pierwsza edycja gry Planescape: Torment ukaza\u0142a si\u0119 w 1999 r. i&nbsp;od razu zebra\u0142a doskona\u0142e recenzje. Dzi\u0119ki nieszablonowej fabule, wyj\u0105tkowym postaciom i&nbsp;wspania\u0142ej \u015bcie\u017cce d\u017awi\u0119kowej zosta\u0142a okrzykni\u0119ta gr\u0105 cRPG roku przez wiele cenionych magazyn\u00f3w. Od tamtej pory na wypraw\u0119 z&nbsp;Bezimiennym po intryguj\u0105cym, niebezpiecznym mie\u015bcie Sigil i&nbsp;odleg\u0142ych planach egzystencji wybra\u0142o si\u0119 miliony fan\u00f3w Planescape: Torment na ca\u0142ym \u015bwiecie. [&hellip;]<\/p>\n","protected":false},"featured_media":711014,"comment_status":"closed","ping_status":"closed","template":"","meta":{"ub_ctt_via":""},"product_cat":[127,89],"product_tag":[218],"class_list":["post-710247","product","type-product","status-publish","has-post-thumbnail","hentry","product_cat-adventure","product_cat-rpg","product_tag-games","platform-steam-works"],"_links":{"self":[{"href":"https:\/\/neuvee.com\/pl\/wp-json\/wp\/v2\/product\/710247","targetHints":{"allow":["GET"]}}],"collection":[{"href":"https:\/\/neuvee.com\/pl\/wp-json\/wp\/v2\/product"}],"about":[{"href":"https:\/\/neuvee.com\/pl\/wp-json\/wp\/v2\/types\/product"}],"replies":[{"embeddable":true,"href":"https:\/\/neuvee.com\/pl\/wp-json\/wp\/v2\/comments?post=710247"}],"wp:featuredmedia":[{"embeddable":true,"href":"https:\/\/neuvee.com\/pl\/wp-json\/wp\/v2\/media\/711014"}],"wp:attachment":[{"href":"https:\/\/neuvee.com\/pl\/wp-json\/wp\/v2\/media?parent=710247"}],"wp:term":[{"taxonomy":"product_cat","embeddable":true,"href":"https:\/\/neuvee.com\/pl\/wp-json\/wp\/v2\/product_cat?post=710247"},{"taxonomy":"product_tag","embeddable":true,"href":"https:\/\/neuvee.com\/pl\/wp-json\/wp\/v2\/product_tag?post=710247"}],"curies":[{"name":"wp","href":"https:\/\/api.w.org\/{rel}","templated":true}]}}