{"id":710235,"date":"2024-04-05T12:20:53","date_gmt":"2024-04-05T12:20:53","guid":{"rendered":"https:\/\/neuvee.com\/?post_type=product&#038;p=710235"},"modified":"2025-05-19T13:47:12","modified_gmt":"2025-05-19T13:47:12","slug":"pets-hotel","status":"publish","type":"product","link":"https:\/\/neuvee.com\/pl\/product\/pets-hotel\/","title":{"rendered":"PETS HOTEL"},"content":{"rendered":"<p>Rozpocznij swoj\u0105 przygod\u0119 i&nbsp;otw\u00f3rz w\u0142asny Hotel dla Zwierz\u0105t!<\/p>\n<p>Zadbaj o&nbsp;r\u00f3\u017cne rodzaje zwierz\u0105t<\/p>\n<p>Wszyscy twoi mali go\u015bcie maj\u0105 r\u00f3\u017cne potrzeby. W\u0142a\u015bciciele zwierz\u0105t opowiedz\u0105 Ci o&nbsp;nich, Twoim zadaniem jest karmi\u0107 je zgodnie z&nbsp;ich wymaganiami. Nie zapomnij o&nbsp;piel\u0119gnacji i&nbsp;zabawie! Zadowolony klient to najlepsza strategia biznesowa!<\/p>\n<p>Zarz\u0105dzaj swoim hotelem dla zwierz\u0105t<\/p>\n<p>Jednym z&nbsp;najwi\u0119kszych wyzwa\u0144, jakie czekaj\u0105 na Ciebie w Pets Hotel, jest zaprojektowanie i&nbsp;prowadzenie miejsca, w kt\u00f3rym Twoi klienci b\u0119d\u0105 pewni, \u017ce zostawiaj\u0105 swoje ukochane zwierzaki w dobrych r\u0119kach. Twoja konkurencja nigdy nie \u015bpi!<\/p>\n<p>Baw si\u0119 ze swoimi go\u015b\u0107mi!<\/p>\n<p>Twoi go\u015bcie maj\u0105 swoje wymagania! Upewnij si\u0119, \u017ce masz wystarczaj\u0105co du\u017co codziennej rozrywki i&nbsp;\u0107wicze\u0144, aby by\u0142y silne, zdrowe i&nbsp;zrelaksowane. Zabieraj je na spacery, g\u0142aszcz, dawaj smako\u0142yki i&nbsp;baw si\u0119 pi\u0142kami. Spraw, aby wszystkie rodzaje zwierz\u0105t czu\u0142y si\u0119 w Twoim hotelu jak w domu.<\/p>\n<p>Zacznij od zera i&nbsp;zbuduj imperium hoteli dla zwierz\u0105t!<\/p>\n<p>W miar\u0119 post\u0119p\u00f3w w grze b\u0119dziesz m\u00f3g\u0142 rozwija\u0107 sw\u00f3j biznes i&nbsp;uczyni\u0107 go najlepszym hotelem dla zwierz\u0105t wszechczas\u00f3w! Wyobra\u017a sobie miejsce z&nbsp;mn\u00f3stwem pokoi, ka\u017cdy zaprojektowany i&nbsp;urz\u0105dzony dla innego rodzaju zwierz\u0105t, z&nbsp;ogromnymi placami zabaw otaczaj\u0105cymi Tw\u00f3j hotel! Naprawd\u0119 bajeczne miejsce, kt\u00f3re mo\u017cesz stworzy\u0107 sam.<\/p>\n<p><\/p>","protected":false},"excerpt":{"rendered":"<p>Rozpocznij swoj\u0105 przygod\u0119 i&nbsp;otw\u00f3rz w\u0142asny Hotel dla Zwierz\u0105t! Zadbaj o&nbsp;r\u00f3\u017cne rodzaje zwierz\u0105t Wszyscy twoi mali go\u015bcie maj\u0105 r\u00f3\u017cne potrzeby. W\u0142a\u015bciciele zwierz\u0105t opowiedz\u0105 Ci o&nbsp;nich, Twoim zadaniem jest karmi\u0107 je zgodnie z&nbsp;ich wymaganiami. Nie zapomnij o&nbsp;piel\u0119gnacji i&nbsp;zabawie! Zadowolony klient to najlepsza strategia biznesowa! Zarz\u0105dzaj swoim hotelem dla zwierz\u0105t Jednym z&nbsp;najwi\u0119kszych wyzwa\u0144, jakie czekaj\u0105 na Ciebie w [&hellip;]<\/p>\n","protected":false},"featured_media":711053,"comment_status":"closed","ping_status":"closed","template":"","meta":{"ub_ctt_via":""},"product_cat":[221,78],"product_tag":[218],"class_list":["post-710235","product","type-product","status-publish","has-post-thumbnail","hentry","product_cat-indie","product_cat-simulation","product_tag-games","platform-steam-works"],"_links":{"self":[{"href":"https:\/\/neuvee.com\/pl\/wp-json\/wp\/v2\/product\/710235","targetHints":{"allow":["GET"]}}],"collection":[{"href":"https:\/\/neuvee.com\/pl\/wp-json\/wp\/v2\/product"}],"about":[{"href":"https:\/\/neuvee.com\/pl\/wp-json\/wp\/v2\/types\/product"}],"replies":[{"embeddable":true,"href":"https:\/\/neuvee.com\/pl\/wp-json\/wp\/v2\/comments?post=710235"}],"wp:featuredmedia":[{"embeddable":true,"href":"https:\/\/neuvee.com\/pl\/wp-json\/wp\/v2\/media\/711053"}],"wp:attachment":[{"href":"https:\/\/neuvee.com\/pl\/wp-json\/wp\/v2\/media?parent=710235"}],"wp:term":[{"taxonomy":"product_cat","embeddable":true,"href":"https:\/\/neuvee.com\/pl\/wp-json\/wp\/v2\/product_cat?post=710235"},{"taxonomy":"product_tag","embeddable":true,"href":"https:\/\/neuvee.com\/pl\/wp-json\/wp\/v2\/product_tag?post=710235"}],"curies":[{"name":"wp","href":"https:\/\/api.w.org\/{rel}","templated":true}]}}