{"id":710199,"date":"2024-04-05T12:13:13","date_gmt":"2024-04-05T12:13:13","guid":{"rendered":"https:\/\/neuvee.com\/?post_type=product&#038;p=710199"},"modified":"2025-05-19T14:26:50","modified_gmt":"2025-05-19T14:26:50","slug":"organs-please","status":"publish","type":"product","link":"https:\/\/neuvee.com\/pl\/product\/organs-please\/","title":{"rendered":"ORGANS PLEASE"},"content":{"rendered":"<p>Populacja Ziemi znalaz\u0142a si\u0119 na skraju globalnego kryzysu zasob\u00f3w. Czy zdo\u0142asz na czas zbudowa\u0107 prom kosmiczny i&nbsp;da\u0107 ludzko\u015bci jeszcze jedn\u0105 szans\u0119? Pospiesz si\u0119, masz tylko 30 dni!<\/p>\n<p>Sprawdzaj osoby, kt\u00f3re chc\u0105 uciec z&nbsp;planety i&nbsp;wyznacz im zadania \u2013 mog\u0105 zosta\u0107 przetworzone na jedzenie w puszkach, spalone lub&nbsp;zatrudnione jako pracownicy o\u015brodka. Wady i&nbsp;zalety ka\u017cdego rozwi\u0105zania s\u0105 dyskusyjne.<\/p>\n<p>Zarz\u0105dzaj o\u015brodkiem, buduj nowe obiekty i&nbsp;ulepszaj centrum badawcze. Dysponujesz ograniczonymi zasobami, a&nbsp;wi\u0119c upewnij si\u0119, \u017ce ca\u0142o\u015b\u0107 si\u0119 nie rozleci, zanim prom wystartuje.<\/p>\n<p>Zatrudniaj pracownik\u00f3w o&nbsp;niepowtarzalnych dziwactwach, obawach i&nbsp;uprzedzeniach. Awansuj tych, kt\u00f3rzy ci\u0119\u017cko pracuj\u0105 i&nbsp;rozpieszczaj ich licznymi atrakcjami. A co do leniuch\u00f3w&#8230; zostaj\u0105 oni wys\u0142ani do specjalnego pomieszczenia w najciemniejszym k\u0105cie o\u015brodka.<\/p>\n<p>Realizuj zlecenia od rywalizuj\u0105cych organizacji i&nbsp;koniecznie wyr\u00f3b tygodniowy plan, aby zarz\u0105d by\u0142 zadowolony. Pami\u0119taj \u2013 \u017cyjemy tak d\u0142ugo, jak d\u0142ugo jeste\u015bmy u\u017cyteczni.<\/p>\n<p><\/p>","protected":false},"excerpt":{"rendered":"<p>Populacja Ziemi znalaz\u0142a si\u0119 na skraju globalnego kryzysu zasob\u00f3w. Czy zdo\u0142asz na czas zbudowa\u0107 prom kosmiczny i&nbsp;da\u0107 ludzko\u015bci jeszcze jedn\u0105 szans\u0119? Pospiesz si\u0119, masz tylko 30 dni! Sprawdzaj osoby, kt\u00f3re chc\u0105 uciec z&nbsp;planety i&nbsp;wyznacz im zadania \u2013 mog\u0105 zosta\u0107 przetworzone na jedzenie w puszkach, spalone lub&nbsp;zatrudnione jako pracownicy o\u015brodka. Wady i&nbsp;zalety ka\u017cdego rozwi\u0105zania s\u0105 dyskusyjne. [&hellip;]<\/p>\n","protected":false},"featured_media":710241,"comment_status":"closed","ping_status":"closed","template":"","meta":{"ub_ctt_via":""},"product_cat":[221,89,78,222],"product_tag":[218],"class_list":["post-710199","product","type-product","status-publish","has-post-thumbnail","hentry","product_cat-indie","product_cat-rpg","product_cat-simulation","product_cat-strategy","product_tag-games","platform-steam-works"],"_links":{"self":[{"href":"https:\/\/neuvee.com\/pl\/wp-json\/wp\/v2\/product\/710199","targetHints":{"allow":["GET"]}}],"collection":[{"href":"https:\/\/neuvee.com\/pl\/wp-json\/wp\/v2\/product"}],"about":[{"href":"https:\/\/neuvee.com\/pl\/wp-json\/wp\/v2\/types\/product"}],"replies":[{"embeddable":true,"href":"https:\/\/neuvee.com\/pl\/wp-json\/wp\/v2\/comments?post=710199"}],"wp:featuredmedia":[{"embeddable":true,"href":"https:\/\/neuvee.com\/pl\/wp-json\/wp\/v2\/media\/710241"}],"wp:attachment":[{"href":"https:\/\/neuvee.com\/pl\/wp-json\/wp\/v2\/media?parent=710199"}],"wp:term":[{"taxonomy":"product_cat","embeddable":true,"href":"https:\/\/neuvee.com\/pl\/wp-json\/wp\/v2\/product_cat?post=710199"},{"taxonomy":"product_tag","embeddable":true,"href":"https:\/\/neuvee.com\/pl\/wp-json\/wp\/v2\/product_tag?post=710199"}],"curies":[{"name":"wp","href":"https:\/\/api.w.org\/{rel}","templated":true}]}}