{"id":710197,"date":"2024-04-05T12:12:38","date_gmt":"2024-04-05T12:12:38","guid":{"rendered":"https:\/\/neuvee.com\/?post_type=product&#038;p=710197"},"modified":"2025-05-19T13:40:32","modified_gmt":"2025-05-19T13:40:32","slug":"open-roads-6","status":"publish","type":"product","link":"https:\/\/neuvee.com\/pl\/product\/open-roads-6\/","title":{"rendered":"OPEN ROADS"},"content":{"rendered":"<p>Pewnego jesiennego dnia Tess Devine i&nbsp;jej matka, Opal, natrafiaj\u0105 na strychu ich domu na skrytk\u0119 pe\u0142n\u0105 starych list\u00f3w i&nbsp;dokument\u00f3w. Ich oczom ukazuj\u0105 si\u0119 pilnie strze\u017cone, rodzinne tajemnice, wie\u015bci o&nbsp;kradzie\u017cach sprzed dekad oraz&nbsp;pog\u0142oski o&nbsp;skarbie ukrytym gdzie\u015b w pobli\u017cu kanadyjskiej granicy&#8230; Wszystko wskazuje na mroczn\u0105 intryg\u0119, kt\u00f3r\u0105 najlepiej zostawi\u0107 w spokoju.<br \/>\nTak si\u0119 jednak&nbsp;nie dzieje.<br \/>\nW grze Open Roads nastoletnia Tess oraz&nbsp;jej matka, Opal, wyruszaj\u0105 samochodem w podr\u00f3\u017c \u015bladem opuszczonych rodzinnych posiad\u0142o\u015bci i&nbsp;minionych wydarze\u0144. Odwiedzane miejsca skrywaj\u0105 wspomnienia i&nbsp;sprawy, o&nbsp;kt\u00f3rych Opal przez ca\u0142e lata stara\u0142a si\u0119 zapomnie\u0107. W toku swych poszukiwa\u0144 obie kobiety odkryj\u0105 jednak, \u017ce nie poszukuj\u0105 wcale prawdy, lecz&nbsp;siebie nawzajem.<br \/>\nW rolach g\u0142\u00f3wnych Keri Russell (Zaw\u00f3d: Amerykanin, Gwiezdne wojny: Skywalker. Odrodzenie) oraz&nbsp;Kaitlyn Dever (Szko\u0142a melan\u017cu, Uncharted 4).<\/p>\n<p>&#8211; \tPozw\u00f3l porwa\u0107 si\u0119 historii Open Roads. Wciel si\u0119 w 16-letni\u0105 Tess Devine i&nbsp;we\u017a udzia\u0142 w samochodowej wycieczce wraz z&nbsp;matk\u0105 dziewczyny w poszukiwaniu tego, co zosta\u0142o zapomniane.<br \/>\n&#8211; \tPoczuj atmosfer\u0119 wyprawy samochodem. Rozsi\u0105d\u017a si\u0119 wygodnie w fotelu, pokr\u0119\u0107 ga\u0142k\u0105 radia i&nbsp;pogadaj z&nbsp;mam\u0105.<br \/>\n&#8211; \tRewolucyjna stylistyka gry \u0142\u0105czy nasycone szczeg\u00f3\u0142ami otoczenie z&nbsp;ol\u015bniewaj\u0105co animowanymi postaciami, tchn\u0105c \u017cycie w przedstawian\u0105 opowie\u015b\u0107.<br \/>\n&#8211; \tWyj\u0105tkowy system interaktywnych dialog\u00f3w nieustannie popycha narracj\u0119 naprz\u00f3d, ukazuj\u0105c postaci wraz z&nbsp;ich wadami, tajemnicami i&nbsp;p\u00f3\u0142prawdami.<br \/>\n&#8211; \tDo\u0142\u0105cz do matki i&nbsp;c\u00f3rki na ich samochodowej wycieczce w nowej grze od studia Fullbright \u2013 uhonorowanych licznymi nagrodami tw\u00f3rc\u00f3w gier Gone Home oraz&nbsp;Tacoma.<\/p>","protected":false},"excerpt":{"rendered":"<p>Pewnego jesiennego dnia Tess Devine i&nbsp;jej matka, Opal, natrafiaj\u0105 na strychu ich domu na skrytk\u0119 pe\u0142n\u0105 starych list\u00f3w i&nbsp;dokument\u00f3w. Ich oczom ukazuj\u0105 si\u0119 pilnie strze\u017cone, rodzinne tajemnice, wie\u015bci o&nbsp;kradzie\u017cach sprzed dekad oraz&nbsp;pog\u0142oski o&nbsp;skarbie ukrytym gdzie\u015b w pobli\u017cu kanadyjskiej granicy&#8230; Wszystko wskazuje na mroczn\u0105 intryg\u0119, kt\u00f3r\u0105 najlepiej zostawi\u0107 w spokoju. Tak si\u0119 jednak&nbsp;nie dzieje. W grze [&hellip;]<\/p>\n","protected":false},"featured_media":710712,"comment_status":"closed","ping_status":"closed","template":"","meta":{"ub_ctt_via":""},"product_cat":[127,221],"product_tag":[218],"class_list":["post-710197","product","type-product","status-publish","has-post-thumbnail","hentry","product_cat-adventure","product_cat-indie","product_tag-games","platform-steam-works"],"_links":{"self":[{"href":"https:\/\/neuvee.com\/pl\/wp-json\/wp\/v2\/product\/710197","targetHints":{"allow":["GET"]}}],"collection":[{"href":"https:\/\/neuvee.com\/pl\/wp-json\/wp\/v2\/product"}],"about":[{"href":"https:\/\/neuvee.com\/pl\/wp-json\/wp\/v2\/types\/product"}],"replies":[{"embeddable":true,"href":"https:\/\/neuvee.com\/pl\/wp-json\/wp\/v2\/comments?post=710197"}],"wp:featuredmedia":[{"embeddable":true,"href":"https:\/\/neuvee.com\/pl\/wp-json\/wp\/v2\/media\/710712"}],"wp:attachment":[{"href":"https:\/\/neuvee.com\/pl\/wp-json\/wp\/v2\/media?parent=710197"}],"wp:term":[{"taxonomy":"product_cat","embeddable":true,"href":"https:\/\/neuvee.com\/pl\/wp-json\/wp\/v2\/product_cat?post=710197"},{"taxonomy":"product_tag","embeddable":true,"href":"https:\/\/neuvee.com\/pl\/wp-json\/wp\/v2\/product_tag?post=710197"}],"curies":[{"name":"wp","href":"https:\/\/api.w.org\/{rel}","templated":true}]}}