{"id":710188,"date":"2024-04-05T12:09:46","date_gmt":"2024-04-05T12:09:46","guid":{"rendered":"https:\/\/neuvee.com\/?post_type=product&#038;p=710188"},"modified":"2025-05-19T14:21:07","modified_gmt":"2025-05-19T14:21:07","slug":"occupy-mars-the-game","status":"publish","type":"product","link":"https:\/\/neuvee.com\/pl\/product\/occupy-mars-the-game\/","title":{"rendered":"OCCUPY MARS: THE GAME"},"content":{"rendered":"<p>Occupy Mars to gra hard-SF z&nbsp;otwartym \u015bwiatem, w kt\u00f3rej zadaniem gracza jest przetrwa\u0107 w trudnym \u015brodowisku i&nbsp;umo\u017cliwi\u0107 kolonizacj\u0119 czerwonej planety. <\/p>\n<p>Aby zbudowa\u0107 baz\u0119 musisz najpierw wydoby\u0107 odpowiednie zasoby. Nast\u0119pnie nale\u017cy zdoby\u0107 wod\u0119, \u017cywno\u015b\u0107 oraz&nbsp;zbilansowa\u0107 odpowiednio produkcj\u0119 i&nbsp;konsumpcj\u0119 energii elektrycznej. Naucz si\u0119 jak przetrwa\u0107 na Marsie!<\/p>\n<p>Buduj i&nbsp;ulepszaj swoj\u0105 baz\u0119. Upewnij si\u0119, \u017ce masz wystarczaj\u0105co du\u017co wody, tlenu, energii elektrycznej i&nbsp;jedzenia aby przetrwa\u0107. Buduj szklarnie, zbiorniki z&nbsp;tlenem i&nbsp;generatory paliwa. Pami\u0119taj te\u017c o&nbsp;prawid\u0142owym u\u0142o\u017ceniu rur i&nbsp;kabli.<\/p>\n<p>Na Marsie panuj\u0105 trudne warunki, o&nbsp;czym przekonasz si\u0119 w trakcie gry. Burze piaskowe i&nbsp;s\u0142oneczne, deszcze meteor\u00f3w czy gwa\u0142towne spadki temperatur b\u0119d\u0105 znacznie utrudnia\u0107 przetrwanie. Uszkodzone przez zjawiska atmosferyczne konstrukcje i&nbsp;komponenty mo\u017cesz jednak&nbsp;naprawi\u0107. W tym celu nauczysz si\u0119 podstaw monta\u017cu powierzchniowego, lutowania oraz&nbsp;u\u017cytkowania r\u00f3\u017cnorodnych narz\u0119dzi.<\/p>\n<p>Eksploruj r\u00f3\u017cne regiony Marsa w poszukiwaniu warto\u015bciowych zasob\u00f3w. Znajd\u017a najlepsze miejsce na wybudowanie miasta. Pami\u0119taj, \u017ce musi by\u0107 to obszar z&nbsp;dobrym dost\u0119pem do podziemnych zasob\u00f3w wody oraz&nbsp;w kt\u00f3rym nie ma zbyt du\u017cych spadk\u00f3w temperatury w ci\u0105gu nocy.<\/p>\n<p>Do\u015bwiadcz otwartego \u015bwiata z&nbsp;realistycznym cyklem dnia i&nbsp;nocy. Pokonaj wyzwania jakie napotkaj\u0105 prawdziwi kolonizatorzy czerwonej planety. Buduj szeregi paneli s\u0142onecznych i&nbsp;baterii do przechowywania energii. Ulepszaj je by znale\u017a\u0107 optymalny spos\u00f3b na zasilanie swojej bazy.<\/p>\n<p>Przygoda na Marsie b\u0119dzie nieprzewidywalna i&nbsp;niebezpieczna. W ka\u017cdej chwili mo\u017ce nast\u0105pi\u0107 niespodziewana dekompresja z&nbsp;powodu awarii \u015bluzy jak i&nbsp;inne usterki. Niekt\u00f3re sytuacje b\u0119d\u0105 wymaga\u0142y szybkiej reakcji, aby nie dopu\u015bci\u0107 do braku powietrza lub&nbsp;utraty \u017cywno\u015bci.<\/p>\n<p>Ulepszaj swoje pojazdy w gara\u017cu, urz\u0105dzaj sw\u00f3j warsztat i&nbsp;modyfikuj Rovera. Modyfikuj ko\u0144c\u00f3wki hydrauliczne, steruj ramieniem d\u017awigu hydraulicznego, wyszukuj warto\u015bciowych zasob\u00f3w i&nbsp;tw\u00f3rz kopalnie do wydobywania surowc\u00f3w&#8230;<\/p>\n<p>&#8230;ale najwa\u017cniejsze to &#8211; BAW SI\u0118 DOBRZE na Marsie!<\/p>\n<p><\/p>","protected":false},"excerpt":{"rendered":"<p>Occupy Mars to gra hard-SF z&nbsp;otwartym \u015bwiatem, w kt\u00f3rej zadaniem gracza jest przetrwa\u0107 w trudnym \u015brodowisku i&nbsp;umo\u017cliwi\u0107 kolonizacj\u0119 czerwonej planety. Aby zbudowa\u0107 baz\u0119 musisz najpierw wydoby\u0107 odpowiednie zasoby. Nast\u0119pnie nale\u017cy zdoby\u0107 wod\u0119, \u017cywno\u015b\u0107 oraz&nbsp;zbilansowa\u0107 odpowiednio produkcj\u0119 i&nbsp;konsumpcj\u0119 energii elektrycznej. Naucz si\u0119 jak przetrwa\u0107 na Marsie! Buduj i&nbsp;ulepszaj swoj\u0105 baz\u0119. Upewnij si\u0119, \u017ce masz wystarczaj\u0105co du\u017co [&hellip;]<\/p>\n","protected":false},"featured_media":710388,"comment_status":"closed","ping_status":"closed","template":"","meta":{"ub_ctt_via":""},"product_cat":[229,88,127,221,78],"product_tag":[218],"class_list":["post-710188","product","type-product","status-publish","has-post-thumbnail","hentry","product_cat-early-access","product_cat-action","product_cat-adventure","product_cat-indie","product_cat-simulation","product_tag-games","platform-steam-works"],"_links":{"self":[{"href":"https:\/\/neuvee.com\/pl\/wp-json\/wp\/v2\/product\/710188","targetHints":{"allow":["GET"]}}],"collection":[{"href":"https:\/\/neuvee.com\/pl\/wp-json\/wp\/v2\/product"}],"about":[{"href":"https:\/\/neuvee.com\/pl\/wp-json\/wp\/v2\/types\/product"}],"replies":[{"embeddable":true,"href":"https:\/\/neuvee.com\/pl\/wp-json\/wp\/v2\/comments?post=710188"}],"wp:featuredmedia":[{"embeddable":true,"href":"https:\/\/neuvee.com\/pl\/wp-json\/wp\/v2\/media\/710388"}],"wp:attachment":[{"href":"https:\/\/neuvee.com\/pl\/wp-json\/wp\/v2\/media?parent=710188"}],"wp:term":[{"taxonomy":"product_cat","embeddable":true,"href":"https:\/\/neuvee.com\/pl\/wp-json\/wp\/v2\/product_cat?post=710188"},{"taxonomy":"product_tag","embeddable":true,"href":"https:\/\/neuvee.com\/pl\/wp-json\/wp\/v2\/product_tag?post=710188"}],"curies":[{"name":"wp","href":"https:\/\/api.w.org\/{rel}","templated":true}]}}