{"id":710187,"date":"2024-04-05T12:09:23","date_gmt":"2024-04-05T12:09:23","guid":{"rendered":"https:\/\/neuvee.com\/?post_type=product&#038;p=710187"},"modified":"2025-05-19T13:21:17","modified_gmt":"2025-05-19T13:21:17","slug":"neverwinter-nights-enhanced-edition","status":"publish","type":"product","link":"https:\/\/neuvee.com\/pl\/product\/neverwinter-nights-enhanced-edition\/","title":{"rendered":"NEVERWINTER NIGHTS: ENHANCED EDITION"},"content":{"rendered":"<p>Neverwinter Nights: Enhanced Edition dodaje do zawarto\u015bci zestawu Neverwinter Nights: Diamentowa Edycja ca\u0142kiem nowe, ulepszone funkcje.<\/p>\n<p>Przekradaj si\u0119 przez mrok jako niebezpieczny p\u00f3\u0142elfi \u0142otr, rzucaj straszliwe zakl\u0119cia jako pot\u0119\u017cny gnomi mag i&nbsp;pokonuj wrog\u00f3w jako odziany w ci\u0119\u017cki pancerz krasnolud-paladyn&#8230; Kimkolwiek pokierujesz, czekaj\u0105 ci\u0119 wspania\u0142e przygody.<\/p>\n<p>Wyrusz na kultow\u0105 przygod\u0119 w \u015bwiecie Dungeons &#038; Dragons sam lub&nbsp;z&nbsp;przyjaci\u00f3\u0142mi \u2013 magiczne cuda i&nbsp;niebezpiecze\u0144stwo czyhaj\u0105 na ka\u017cdym kroku.<\/p>\n<p>Ulepszone funkcje:<br \/>\n\u2022 Poprawiona grafika: tw\u00f3j portret, pasek walki, ekwipunek oraz&nbsp;inne elementy interfejsu automatycznie dopasowuj\u0105 si\u0119 wielko\u015bci\u0105 do wybranej rozdzielczo\u015bci (nawet 1080p i&nbsp;4k).<br \/>\n\u2022 Zaawansowane opcje graficzne: technologia pixel shader oraz&nbsp;efekty przetwarzania ko\u0144cowego odpowiadaj\u0105 za szczeg\u00f3\u0142owy, ostry obraz. Dostosuj kontrast, jaskrawo\u015b\u0107 oraz&nbsp;g\u0142\u0119bi\u0119 ostro\u015bci wed\u0142ug w\u0142asnych upodoba\u0144.<br \/>\n\u2022 Usprawnienia spo\u0142eczno\u015bci: Tw\u00f3rcy pierwotnej gry po\u0142\u0105czyli si\u0142y z&nbsp;najwa\u017cniejszymi cz\u0142onkami spo\u0142eczno\u015bci Neverwinter Nights, aby stworzy\u0107 wa\u017cne dla fan\u00f3w usprawnienia wspieraj\u0105ce graczy, mistrz\u00f3w gry oraz&nbsp;moder\u00f3w.<br \/>\n\u2022 Kompatybilno\u015b\u0107 ze starszymi wersjami: nowa edycja obs\u0142uguje zapisy gry, modu\u0142y oraz&nbsp;mody z&nbsp;pierwotnej wersji Neverwinter Nights. Czeka na was ca\u0142e mn\u00f3stwo zawarto\u015bci stworzonej przez fan\u00f3w!<\/p>\n<p>Pe\u0142na zawarto\u015b\u0107 zestawu Neverwinter Nights: Diamentowa Edycja:<br \/>\nOryginalna kampania Neverwinter Nights: rzu\u0107 si\u0119 w sam \u015brodek \u015bwiata intrygi, zdrady i&nbsp;czarnej magii dzi\u0119ki Neverwinter Nights. Zwiedzaj niebezpieczne miasta, przemierzaj pe\u0142ne potwor\u00f3w lochy i&nbsp;udaj si\u0119 na niezbadane bezdro\u017ca w poszukiwaniu lekarstwa na straszliw\u0105 chorob\u0119 n\u0119kaj\u0105c\u0105 miasto Neverwinter.<\/p>\n<p>Dwa dodatki:<br \/>\n\u2022 Shadows of Undrentide: w ruinach Undrentide czeka ci\u0119 ca\u0142kiem nowa przygoda! Tw\u00f3j mistrz poleci\u0142 ci zdoby\u0107 cztery staro\u017cytne artefakty. Opu\u015b\u0107 Srebrne Marchie i&nbsp;odkryj tajemnice staro\u017cytnej, czarodziejskiej cywilizacji.<br \/>\n\u2022 Hordes of the Underdark: kontynuuj przygod\u0119 rozpocz\u0119t\u0105 w dodatku Shadows of Undrentide i&nbsp;udaj si\u0119 do straszliwych loch\u00f3w Undermountain, gdzie gromadzi si\u0119 pradawne z\u0142o.<\/p>\n<p>Trzy modu\u0142y premium:<br \/>\nOdkryj ponad 40 godzin nowych historii i&nbsp;wypr\u00f3buj setki modu\u0142\u00f3w stworzonych przez innych cz\u0142onk\u00f3w spo\u0142eczno\u015bci!<br \/>\n\u2022 Kingmaker<br \/>\n\u2022 ShadowGuard<br \/>\n\u2022 Witch\u2019s Wake<\/p>\n<p>Zestaw narz\u0119dzi Aurora: stw\u00f3rz sw\u00f3j w\u0142asny \u015bwiat pe\u0142en niepowtarzalnych potwor\u00f3w, przedmiot\u00f3w, pu\u0142apek, potyczek i&nbsp;ustawie\u0144. Dziel si\u0119 swoimi dzie\u0142ami z&nbsp;ca\u0142\u0105 spo\u0142eczno\u015bci\u0105 Neverwinter Nights. (tylko dla systemu Windows)<br \/>\nKlient mistrza podziemi: zosta\u0144 mistrzem gry! Przejmij kontrol\u0119 nad potworami, stworzeniami i&nbsp;postaciami, kt\u00f3re stan\u0105 na drodze twoich graczy.<\/p>\n<p><\/p>","protected":false},"excerpt":{"rendered":"<p>Neverwinter Nights: Enhanced Edition dodaje do zawarto\u015bci zestawu Neverwinter Nights: Diamentowa Edycja ca\u0142kiem nowe, ulepszone funkcje. Przekradaj si\u0119 przez mrok jako niebezpieczny p\u00f3\u0142elfi \u0142otr, rzucaj straszliwe zakl\u0119cia jako pot\u0119\u017cny gnomi mag i&nbsp;pokonuj wrog\u00f3w jako odziany w ci\u0119\u017cki pancerz krasnolud-paladyn&#8230; Kimkolwiek pokierujesz, czekaj\u0105 ci\u0119 wspania\u0142e przygody. Wyrusz na kultow\u0105 przygod\u0119 w \u015bwiecie Dungeons &#038; Dragons sam [&hellip;]<\/p>\n","protected":false},"featured_media":710374,"comment_status":"closed","ping_status":"closed","template":"","meta":{"ub_ctt_via":""},"product_cat":[89],"product_tag":[218],"class_list":["post-710187","product","type-product","status-publish","has-post-thumbnail","hentry","product_cat-rpg","product_tag-games","platform-steam-works"],"_links":{"self":[{"href":"https:\/\/neuvee.com\/pl\/wp-json\/wp\/v2\/product\/710187","targetHints":{"allow":["GET"]}}],"collection":[{"href":"https:\/\/neuvee.com\/pl\/wp-json\/wp\/v2\/product"}],"about":[{"href":"https:\/\/neuvee.com\/pl\/wp-json\/wp\/v2\/types\/product"}],"replies":[{"embeddable":true,"href":"https:\/\/neuvee.com\/pl\/wp-json\/wp\/v2\/comments?post=710187"}],"wp:featuredmedia":[{"embeddable":true,"href":"https:\/\/neuvee.com\/pl\/wp-json\/wp\/v2\/media\/710374"}],"wp:attachment":[{"href":"https:\/\/neuvee.com\/pl\/wp-json\/wp\/v2\/media?parent=710187"}],"wp:term":[{"taxonomy":"product_cat","embeddable":true,"href":"https:\/\/neuvee.com\/pl\/wp-json\/wp\/v2\/product_cat?post=710187"},{"taxonomy":"product_tag","embeddable":true,"href":"https:\/\/neuvee.com\/pl\/wp-json\/wp\/v2\/product_tag?post=710187"}],"curies":[{"name":"wp","href":"https:\/\/api.w.org\/{rel}","templated":true}]}}