{"id":709933,"date":"2024-04-05T11:59:43","date_gmt":"2024-04-05T11:59:43","guid":{"rendered":"https:\/\/neuvee.com\/?post_type=product&#038;p=709933"},"modified":"2025-05-19T13:28:18","modified_gmt":"2025-05-19T13:28:18","slug":"mx-nitro-unleashed","status":"publish","type":"product","link":"https:\/\/neuvee.com\/pl\/product\/mx-nitro-unleashed\/","title":{"rendered":"MX NITRO: UNLEASHED"},"content":{"rendered":"<p>MX Nitro to szalone wy\u015bcigi i&nbsp;kaskaderskie wyzwania motycykli crossowych z&nbsp;turbodo\u0142adowaniem! Przedawkowanie adrenaliny przy szalonych pr\u0119dko\u015bciach: Witaj w \u015bwiecie ekscytuj\u0105cych wy\u015bcig\u00f3w crossowych MX Nitro. Czy wykonasz mro\u017c\u0105ce krew w \u017cy\u0142ach triki kaskarderskie, aby zdobywa\u0107 premie turbo, bez kt\u00f3rych nie da si\u0119 wygra\u0107? Oto konkurs, w kt\u00f3rym trzeba pali\u0107 gum\u0119, skaka\u0107 wysoko na wydmach i&nbsp;wykonywa\u0107 najtrudniejsze sztuczki, jakie tylko zdo\u0142asz. Zasi\u0105d\u017a na swoim pierwszym motorze, opanuj sterowanie i&nbsp;wyrusz w podr\u00f3\u017c poprzez zapieraj\u0105ce dech w piersi miejsca, odblokowuj\u0105c po drodze ca\u0142\u0105 mas\u0119 nowych trik\u00f3w oraz&nbsp;tras. Zosta\u0144 mistrzem MX Nitro! Wszystko da si\u0119 odpicowa\u0107: Zmodernizuj sw\u00f3j ulubiony motor i&nbsp;dodaj mu nieco charakteru, aby zadziwi\u0107 t\u0142umy na arenach lub&nbsp;widz\u00f3w na poboczach dr\u00f3g i&nbsp;tras! Wygrywaj i&nbsp;odblokowuj wyj\u0105tkowe sk\u00f3rki dla kaskader\u00f3w, ulepszenia dla motor\u00f3w, wyzwania as\u00f3w oraz&nbsp;osi\u0105gni\u0119cia. Wybierz swoje triki: Na odblokowanie czeka 55 wyj\u0105tkowych sztuczek, dzi\u0119ki kt\u00f3rym pozostawisz sw\u00f3j \u015blad w bran\u017cy. Wykonaj obr\u00f3t California Roll na piaszczystej wydmie, zr\u00f3b Tsunami ponad wierzcho\u0142kami drzew, wykr\u0119\u0107 Flipa i&nbsp;dodaj do niego Coffin, aby zwyci\u0119\u017cy\u0107. Bez dobrego wyczucia czasu mo\u017ce by\u0107 ci\u0119\u017cko! Ws\u0142uchaj si\u0119 w ryk silnika: Oferuj\u0105ca 40 godzin rozgrywki kampanii dla pojedynczego gracza, w kt\u00f3rej zmierzysz si\u0119 m.in . w wy\u015bcigach z&nbsp;bossami, pozwoli ci wyszlifowa\u0107 umiej\u0119tno\u015bci, aby p\u00f3\u017aniej godnie stawi\u0107 czo\u0142a znajomym i&nbsp;innym graczom z&nbsp;ca\u0142ego \u015bwiata w sieciowym trybie rozgrywki wieloosobowej. Czy odwa\u017cysz si\u0119 rzuci\u0107 wyzwanie \u015bmia\u0142kom na jedno\u015bladach i&nbsp;zdominowa\u0107 rankingi? Cechy gry:<br \/>\n&#8211; PvP przeciwko duchom innych graczy<br \/>\n&#8211; Zaawansowany system fizyki<br \/>\n&#8211; 13 ekstremalnych boss\u00f3w<br \/>\n&#8211; Ponad 40 tras z&nbsp;ca\u0142ego \u015bwiata<br \/>\n&#8211; 55 trik\u00f3w kaskaderskich<br \/>\n&#8211; Kampania dla pojedynczego gracza oraz&nbsp;tryb wieloosobowy<br \/>\n&#8211; Personalizacja motoru i&nbsp;kaskadera<br \/>\n&#8211; Wyzwania i&nbsp;osi\u0105gni\u0119cia<\/p>\n<p><\/p>","protected":false},"excerpt":{"rendered":"<p>MX Nitro to szalone wy\u015bcigi i&nbsp;kaskaderskie wyzwania motycykli crossowych z&nbsp;turbodo\u0142adowaniem! Przedawkowanie adrenaliny przy szalonych pr\u0119dko\u015bciach: Witaj w \u015bwiecie ekscytuj\u0105cych wy\u015bcig\u00f3w crossowych MX Nitro. Czy wykonasz mro\u017c\u0105ce krew w \u017cy\u0142ach triki kaskarderskie, aby zdobywa\u0107 premie turbo, bez kt\u00f3rych nie da si\u0119 wygra\u0107? Oto konkurs, w kt\u00f3rym trzeba pali\u0107 gum\u0119, skaka\u0107 wysoko na wydmach i&nbsp;wykonywa\u0107 najtrudniejsze sztuczki, [&hellip;]<\/p>\n","protected":false},"featured_media":710358,"comment_status":"closed","ping_status":"closed","template":"","meta":{"ub_ctt_via":""},"product_cat":[228,232,78],"product_tag":[218],"class_list":["post-709933","product","type-product","status-publish","has-post-thumbnail","hentry","product_cat-racing-driving","product_cat-sports","product_cat-simulation","product_tag-games","platform-steam-works"],"_links":{"self":[{"href":"https:\/\/neuvee.com\/pl\/wp-json\/wp\/v2\/product\/709933","targetHints":{"allow":["GET"]}}],"collection":[{"href":"https:\/\/neuvee.com\/pl\/wp-json\/wp\/v2\/product"}],"about":[{"href":"https:\/\/neuvee.com\/pl\/wp-json\/wp\/v2\/types\/product"}],"replies":[{"embeddable":true,"href":"https:\/\/neuvee.com\/pl\/wp-json\/wp\/v2\/comments?post=709933"}],"wp:featuredmedia":[{"embeddable":true,"href":"https:\/\/neuvee.com\/pl\/wp-json\/wp\/v2\/media\/710358"}],"wp:attachment":[{"href":"https:\/\/neuvee.com\/pl\/wp-json\/wp\/v2\/media?parent=709933"}],"wp:term":[{"taxonomy":"product_cat","embeddable":true,"href":"https:\/\/neuvee.com\/pl\/wp-json\/wp\/v2\/product_cat?post=709933"},{"taxonomy":"product_tag","embeddable":true,"href":"https:\/\/neuvee.com\/pl\/wp-json\/wp\/v2\/product_tag?post=709933"}],"curies":[{"name":"wp","href":"https:\/\/api.w.org\/{rel}","templated":true}]}}