{"id":709932,"date":"2024-04-05T11:59:22","date_gmt":"2024-04-05T11:59:22","guid":{"rendered":"https:\/\/neuvee.com\/?post_type=product&#038;p=709932"},"modified":"2025-05-19T14:33:57","modified_gmt":"2025-05-19T14:33:57","slug":"morkredd","status":"publish","type":"product","link":"https:\/\/neuvee.com\/pl\/product\/morkredd\/","title":{"rendered":"MORKREDD"},"content":{"rendered":"<p>*Kula to twoje przeznaczenie&#8230;*<\/p>\n<p>*Kula wymaga dwojga*<br \/>\nMorkredd najlepiej poznawa\u0107 jako do\u015bwiadczenie dla dw\u00f3ch graczy wsp\u00f3\u0142pracuj\u0105cych ze sob\u0105 w jednym pomieszczeniu. Wys\u0142uchaj wezwania Kuli ze znajomym lub&nbsp;dowied\u017a swojej lojalno\u015bci samodzielnie dzi\u0119ki unikatowemu systemowi sterowania dwoma postaciami.<\/p>\n<p>*Twoj\u0105 \u015bcie\u017ck\u0105 jest Kula*<br \/>\nJeste\u015b obro\u0144c\u0105 Kuli, ciebie natomiast&nbsp;chroni jej \u015bwiat\u0142o. Przetrwaj i&nbsp;rozwik\u0142aj ponad 60 zagadek, unikaj\u0105c przy tym cieni tworzonych przez twojego partnera i&nbsp;elementy otoczenia.<\/p>\n<p>*Kula to tw\u00f3j jedyny przyjaciel*<br \/>\nW tym zimnym, mrocznym \u015bwiecie nieko\u0144cz\u0105ca si\u0119 otch\u0142a\u0144 \u015bmierciono\u015bnych cieni kryje liczne zagro\u017cenia. Trzymaj si\u0119 Kuli, je\u015bli chcesz przetrwa\u0107.<\/p>\n<p>*Wejrzyj w Kul\u0119*<br \/>\nOdkrywaj prastare tajemnice Kuli skrywane przez mrok.<\/p>","protected":false},"excerpt":{"rendered":"<p>*Kula to twoje przeznaczenie&#8230;* *Kula wymaga dwojga* Morkredd najlepiej poznawa\u0107 jako do\u015bwiadczenie dla dw\u00f3ch graczy wsp\u00f3\u0142pracuj\u0105cych ze sob\u0105 w jednym pomieszczeniu. Wys\u0142uchaj wezwania Kuli ze znajomym lub&nbsp;dowied\u017a swojej lojalno\u015bci samodzielnie dzi\u0119ki unikatowemu systemowi sterowania dwoma postaciami. *Twoj\u0105 \u015bcie\u017ck\u0105 jest Kula* Jeste\u015b obro\u0144c\u0105 Kuli, ciebie natomiast&nbsp;chroni jej \u015bwiat\u0142o. Przetrwaj i&nbsp;rozwik\u0142aj ponad 60 zagadek, unikaj\u0105c przy tym [&hellip;]<\/p>\n","protected":false},"featured_media":710644,"comment_status":"closed","ping_status":"closed","template":"","meta":{"ub_ctt_via":""},"product_cat":[221],"product_tag":[218],"class_list":["post-709932","product","type-product","status-publish","has-post-thumbnail","hentry","product_cat-indie","product_tag-games","platform-steam-works"],"_links":{"self":[{"href":"https:\/\/neuvee.com\/pl\/wp-json\/wp\/v2\/product\/709932","targetHints":{"allow":["GET"]}}],"collection":[{"href":"https:\/\/neuvee.com\/pl\/wp-json\/wp\/v2\/product"}],"about":[{"href":"https:\/\/neuvee.com\/pl\/wp-json\/wp\/v2\/types\/product"}],"replies":[{"embeddable":true,"href":"https:\/\/neuvee.com\/pl\/wp-json\/wp\/v2\/comments?post=709932"}],"wp:featuredmedia":[{"embeddable":true,"href":"https:\/\/neuvee.com\/pl\/wp-json\/wp\/v2\/media\/710644"}],"wp:attachment":[{"href":"https:\/\/neuvee.com\/pl\/wp-json\/wp\/v2\/media?parent=709932"}],"wp:term":[{"taxonomy":"product_cat","embeddable":true,"href":"https:\/\/neuvee.com\/pl\/wp-json\/wp\/v2\/product_cat?post=709932"},{"taxonomy":"product_tag","embeddable":true,"href":"https:\/\/neuvee.com\/pl\/wp-json\/wp\/v2\/product_tag?post=709932"}],"curies":[{"name":"wp","href":"https:\/\/api.w.org\/{rel}","templated":true}]}}